{"id":8332,"date":"2020-08-21T14:54:20","date_gmt":"2020-08-21T14:54:20","guid":{"rendered":"http:\/\/elultimotangle.es\/?post_type=product&#038;p=8332"},"modified":"2025-12-20T16:05:13","modified_gmt":"2025-12-20T15:05:13","slug":"taller-de-la-rosa-de-los-vientos","status":"publish","type":"product","link":"https:\/\/elultimotangle.es\/en\/product\/taller-de-la-rosa-de-los-vientos\/","title":{"rendered":"Compass Rose Workshop"},"content":{"rendered":"","protected":false},"excerpt":{"rendered":"<p>Denominamos a este tipo de trabajo ZIA y no Zentangle puesto que el fin que buscamos es m\u00e1s art\u00edstico que meditativo y adem\u00e1s trabajaremos en una medida de 28 x 28 cm por lo que necesitaremos cuatro sesiones para desarrollarlo completamente. Es un trabajo intenso que no te dejar\u00e1 indiferente. Un taller muy completo en el que aprender\u00e1s mucho sobre el color, la sombra y la luz.<\/p>","protected":false},"featured_media":8333,"comment_status":"open","ping_status":"closed","template":"","meta":{"_acf_changed":false,"_monsterinsights_skip_tracking":false,"_monsterinsights_sitenote_active":false,"_monsterinsights_sitenote_note":"","_monsterinsights_sitenote_category":0},"product_brand":[],"product_cat":[93],"product_tag":[125],"giftcard-category":[],"class_list":{"0":"post-8332","1":"product","2":"type-product","3":"status-publish","4":"has-post-thumbnail","6":"product_cat-zentangle","7":"product_tag-rosa-de-los-vientos","9":"first","10":"instock","11":"virtual","12":"sold-individually","13":"taxable","14":"purchasable","15":"product-type-simple"},"acf":{"youtube_recording":null},"yoast_head":"<!-- This site is optimized with the Yoast SEO plugin v24.8.1 - https:\/\/yoast.com\/wordpress\/plugins\/seo\/ -->\n<title>Taller De La Rosa De Los Vientos - El \u00faltimo tangle<\/title>\n<meta name=\"robots\" content=\"index, follow, max-snippet:-1, max-image-preview:large, max-video-preview:-1\" \/>\n<link rel=\"canonical\" href=\"https:\/\/elultimotangle.es\/en\/product\/taller-de-la-rosa-de-los-vientos\/\" \/>\n<meta property=\"og:locale\" content=\"en_US\" \/>\n<meta property=\"og:type\" content=\"article\" \/>\n<meta property=\"og:title\" content=\"Taller De La Rosa De Los Vientos - El \u00faltimo tangle\" \/>\n<meta property=\"og:description\" content=\"Denominamos a este tipo de trabajo ZIA y no Zentangle puesto que el fin que buscamos es m\u00e1s art\u00edstico que meditativo y adem\u00e1s trabajaremos en una medida de 28 x 28 cm por lo que necesitaremos cuatro sesiones para desarrollarlo completamente. Es un trabajo intenso que no te dejar\u00e1 indiferente. Un taller muy completo en el que aprender\u00e1s mucho sobre el color, la sombra y la luz.\" \/>\n<meta property=\"og:url\" content=\"https:\/\/elultimotangle.es\/en\/product\/taller-de-la-rosa-de-los-vientos\/\" \/>\n<meta property=\"og:site_name\" content=\"El \u00faltimo tangle\" \/>\n<meta property=\"article:modified_time\" content=\"2025-12-20T15:05:13+00:00\" \/>\n<meta property=\"og:image\" content=\"https:\/\/elultimotangle.es\/wp-content\/uploads\/2020\/08\/unnamed-3.jpg\" \/>\n\t<meta property=\"og:image:width\" content=\"1000\" \/>\n\t<meta property=\"og:image:height\" content=\"1000\" \/>\n\t<meta property=\"og:image:type\" content=\"image\/jpeg\" \/>\n<script type=\"application\/ld+json\" class=\"yoast-schema-graph\">{\"@context\":\"https:\/\/schema.org\",\"@graph\":[{\"@type\":\"WebPage\",\"@id\":\"https:\/\/elultimotangle.es\/en\/product\/taller-de-la-rosa-de-los-vientos\/\",\"url\":\"https:\/\/elultimotangle.es\/en\/product\/taller-de-la-rosa-de-los-vientos\/\",\"name\":\"Taller De La Rosa De Los Vientos - El \u00faltimo tangle\",\"isPartOf\":{\"@id\":\"http:\/\/elultimotangle.es\/en\/#website\"},\"primaryImageOfPage\":{\"@id\":\"https:\/\/elultimotangle.es\/en\/product\/taller-de-la-rosa-de-los-vientos\/#primaryimage\"},\"image\":{\"@id\":\"https:\/\/elultimotangle.es\/en\/product\/taller-de-la-rosa-de-los-vientos\/#primaryimage\"},\"thumbnailUrl\":\"https:\/\/elultimotangle.es\/wp-content\/uploads\/2020\/08\/unnamed-3.jpg\",\"datePublished\":\"2020-08-21T14:54:20+00:00\",\"dateModified\":\"2025-12-20T15:05:13+00:00\",\"breadcrumb\":{\"@id\":\"https:\/\/elultimotangle.es\/en\/product\/taller-de-la-rosa-de-los-vientos\/#breadcrumb\"},\"inLanguage\":\"en-US\",\"potentialAction\":[{\"@type\":\"ReadAction\",\"target\":[\"https:\/\/elultimotangle.es\/en\/product\/taller-de-la-rosa-de-los-vientos\/\"]}]},{\"@type\":\"ImageObject\",\"inLanguage\":\"en-US\",\"@id\":\"https:\/\/elultimotangle.es\/en\/product\/taller-de-la-rosa-de-los-vientos\/#primaryimage\",\"url\":\"https:\/\/elultimotangle.es\/wp-content\/uploads\/2020\/08\/unnamed-3.jpg\",\"contentUrl\":\"https:\/\/elultimotangle.es\/wp-content\/uploads\/2020\/08\/unnamed-3.jpg\",\"width\":1000,\"height\":1000},{\"@type\":\"BreadcrumbList\",\"@id\":\"https:\/\/elultimotangle.es\/en\/product\/taller-de-la-rosa-de-los-vientos\/#breadcrumb\",\"itemListElement\":[{\"@type\":\"ListItem\",\"position\":1,\"name\":\"Portada\",\"item\":\"https:\/\/elultimotangle.es\/\"},{\"@type\":\"ListItem\",\"position\":2,\"name\":\"Products\",\"item\":\"http:\/\/elultimotangle.es\/en\/shop\/\"},{\"@type\":\"ListItem\",\"position\":3,\"name\":\"Taller De La Rosa De Los Vientos\"}]},{\"@type\":\"WebSite\",\"@id\":\"http:\/\/elultimotangle.es\/en\/#website\",\"url\":\"http:\/\/elultimotangle.es\/en\/\",\"name\":\"El \u00faltimo tangle\",\"description\":\"Zentangle en espa\u00f1ol\",\"publisher\":{\"@id\":\"http:\/\/elultimotangle.es\/en\/#organization\"},\"potentialAction\":[{\"@type\":\"SearchAction\",\"target\":{\"@type\":\"EntryPoint\",\"urlTemplate\":\"http:\/\/elultimotangle.es\/en\/?s={search_term_string}\"},\"query-input\":{\"@type\":\"PropertyValueSpecification\",\"valueRequired\":true,\"valueName\":\"search_term_string\"}}],\"inLanguage\":\"en-US\"},{\"@type\":\"Organization\",\"@id\":\"http:\/\/elultimotangle.es\/en\/#organization\",\"name\":\"El \u00faltimo tangle\",\"url\":\"http:\/\/elultimotangle.es\/en\/\",\"logo\":{\"@type\":\"ImageObject\",\"inLanguage\":\"en-US\",\"@id\":\"http:\/\/elultimotangle.es\/en\/#\/schema\/logo\/image\/\",\"url\":\"https:\/\/elultimotangle.es\/wp-content\/uploads\/2019\/09\/cropped-LOGO-ZETA-ROJO-CUADRADO-alt.jpg\",\"contentUrl\":\"https:\/\/elultimotangle.es\/wp-content\/uploads\/2019\/09\/cropped-LOGO-ZETA-ROJO-CUADRADO-alt.jpg\",\"width\":576,\"height\":576,\"caption\":\"El \u00faltimo tangle\"},\"image\":{\"@id\":\"http:\/\/elultimotangle.es\/en\/#\/schema\/logo\/image\/\"}}]}<\/script>\n<!-- \/ Yoast SEO plugin. -->","yoast_head_json":{"title":"Taller De La Rosa De Los Vientos - El \u00faltimo tangle","robots":{"index":"index","follow":"follow","max-snippet":"max-snippet:-1","max-image-preview":"max-image-preview:large","max-video-preview":"max-video-preview:-1"},"canonical":"https:\/\/elultimotangle.es\/en\/product\/taller-de-la-rosa-de-los-vientos\/","og_locale":"en_US","og_type":"article","og_title":"Taller De La Rosa De Los Vientos - El \u00faltimo tangle","og_description":"Denominamos a este tipo de trabajo ZIA y no Zentangle puesto que el fin que buscamos es m\u00e1s art\u00edstico que meditativo y adem\u00e1s trabajaremos en una medida de 28 x 28 cm por lo que necesitaremos cuatro sesiones para desarrollarlo completamente. Es un trabajo intenso que no te dejar\u00e1 indiferente. Un taller muy completo en el que aprender\u00e1s mucho sobre el color, la sombra y la luz.","og_url":"https:\/\/elultimotangle.es\/en\/product\/taller-de-la-rosa-de-los-vientos\/","og_site_name":"El \u00faltimo tangle","article_modified_time":"2025-12-20T15:05:13+00:00","og_image":[{"width":1000,"height":1000,"url":"https:\/\/elultimotangle.es\/wp-content\/uploads\/2020\/08\/unnamed-3.jpg","type":"image\/jpeg"}],"schema":{"@context":"https:\/\/schema.org","@graph":[{"@type":"WebPage","@id":"https:\/\/elultimotangle.es\/en\/product\/taller-de-la-rosa-de-los-vientos\/","url":"https:\/\/elultimotangle.es\/en\/product\/taller-de-la-rosa-de-los-vientos\/","name":"Taller De La Rosa De Los Vientos - El \u00faltimo tangle","isPartOf":{"@id":"http:\/\/elultimotangle.es\/en\/#website"},"primaryImageOfPage":{"@id":"https:\/\/elultimotangle.es\/en\/product\/taller-de-la-rosa-de-los-vientos\/#primaryimage"},"image":{"@id":"https:\/\/elultimotangle.es\/en\/product\/taller-de-la-rosa-de-los-vientos\/#primaryimage"},"thumbnailUrl":"https:\/\/elultimotangle.es\/wp-content\/uploads\/2020\/08\/unnamed-3.jpg","datePublished":"2020-08-21T14:54:20+00:00","dateModified":"2025-12-20T15:05:13+00:00","breadcrumb":{"@id":"https:\/\/elultimotangle.es\/en\/product\/taller-de-la-rosa-de-los-vientos\/#breadcrumb"},"inLanguage":"en-US","potentialAction":[{"@type":"ReadAction","target":["https:\/\/elultimotangle.es\/en\/product\/taller-de-la-rosa-de-los-vientos\/"]}]},{"@type":"ImageObject","inLanguage":"en-US","@id":"https:\/\/elultimotangle.es\/en\/product\/taller-de-la-rosa-de-los-vientos\/#primaryimage","url":"https:\/\/elultimotangle.es\/wp-content\/uploads\/2020\/08\/unnamed-3.jpg","contentUrl":"https:\/\/elultimotangle.es\/wp-content\/uploads\/2020\/08\/unnamed-3.jpg","width":1000,"height":1000},{"@type":"BreadcrumbList","@id":"https:\/\/elultimotangle.es\/en\/product\/taller-de-la-rosa-de-los-vientos\/#breadcrumb","itemListElement":[{"@type":"ListItem","position":1,"name":"Portada","item":"https:\/\/elultimotangle.es\/"},{"@type":"ListItem","position":2,"name":"Products","item":"http:\/\/elultimotangle.es\/en\/shop\/"},{"@type":"ListItem","position":3,"name":"Taller De La Rosa De Los Vientos"}]},{"@type":"WebSite","@id":"http:\/\/elultimotangle.es\/en\/#website","url":"http:\/\/elultimotangle.es\/en\/","name":"El \u00faltimo tangle","description":"Zentangle en espa\u00f1ol","publisher":{"@id":"http:\/\/elultimotangle.es\/en\/#organization"},"potentialAction":[{"@type":"SearchAction","target":{"@type":"EntryPoint","urlTemplate":"http:\/\/elultimotangle.es\/en\/?s={search_term_string}"},"query-input":{"@type":"PropertyValueSpecification","valueRequired":true,"valueName":"search_term_string"}}],"inLanguage":"en-US"},{"@type":"Organization","@id":"http:\/\/elultimotangle.es\/en\/#organization","name":"El \u00faltimo tangle","url":"http:\/\/elultimotangle.es\/en\/","logo":{"@type":"ImageObject","inLanguage":"en-US","@id":"http:\/\/elultimotangle.es\/en\/#\/schema\/logo\/image\/","url":"https:\/\/elultimotangle.es\/wp-content\/uploads\/2019\/09\/cropped-LOGO-ZETA-ROJO-CUADRADO-alt.jpg","contentUrl":"https:\/\/elultimotangle.es\/wp-content\/uploads\/2019\/09\/cropped-LOGO-ZETA-ROJO-CUADRADO-alt.jpg","width":576,"height":576,"caption":"El \u00faltimo tangle"},"image":{"@id":"http:\/\/elultimotangle.es\/en\/#\/schema\/logo\/image\/"}}]}},"_links":{"self":[{"href":"https:\/\/elultimotangle.es\/en\/wp-json\/wp\/v2\/product\/8332","targetHints":{"allow":["GET"]}}],"collection":[{"href":"https:\/\/elultimotangle.es\/en\/wp-json\/wp\/v2\/product"}],"about":[{"href":"https:\/\/elultimotangle.es\/en\/wp-json\/wp\/v2\/types\/product"}],"replies":[{"embeddable":true,"href":"https:\/\/elultimotangle.es\/en\/wp-json\/wp\/v2\/comments?post=8332"}],"version-history":[{"count":4,"href":"https:\/\/elultimotangle.es\/en\/wp-json\/wp\/v2\/product\/8332\/revisions"}],"predecessor-version":[{"id":10240,"href":"https:\/\/elultimotangle.es\/en\/wp-json\/wp\/v2\/product\/8332\/revisions\/10240"}],"wp:featuredmedia":[{"embeddable":true,"href":"https:\/\/elultimotangle.es\/en\/wp-json\/wp\/v2\/media\/8333"}],"wp:attachment":[{"href":"https:\/\/elultimotangle.es\/en\/wp-json\/wp\/v2\/media?parent=8332"}],"wp:term":[{"taxonomy":"product_brand","embeddable":true,"href":"https:\/\/elultimotangle.es\/en\/wp-json\/wp\/v2\/product_brand?post=8332"},{"taxonomy":"product_cat","embeddable":true,"href":"https:\/\/elultimotangle.es\/en\/wp-json\/wp\/v2\/product_cat?post=8332"},{"taxonomy":"product_tag","embeddable":true,"href":"https:\/\/elultimotangle.es\/en\/wp-json\/wp\/v2\/product_tag?post=8332"},{"taxonomy":"giftcard-category","embeddable":true,"href":"https:\/\/elultimotangle.es\/en\/wp-json\/wp\/v2\/giftcard-category?post=8332"}],"curies":[{"name":"wp","href":"https:\/\/api.w.org\/{rel}","templated":true}]}}