{"id":24425,"date":"2025-06-22T22:45:17","date_gmt":"2025-06-22T21:45:17","guid":{"rendered":"https:\/\/elultimotangle.es\/?post_type=product&#038;p=24425"},"modified":"2026-04-01T16:40:56","modified_gmt":"2026-04-01T15:40:56","slug":"taller-casimetatron-grupo-jueves-tarde","status":"publish","type":"product","link":"https:\/\/elultimotangle.es\/en\/product\/taller-casimetatron-grupo-jueves-tarde\/","title":{"rendered":"Taller CasiMetatron"},"content":{"rendered":"<p class=\" translation-block\">Equilibrio interior y armon\u00eda en todas las cosas.<br>\r\nSum\u00e9rgete en una experiencia creativa y espiritual donde el arte y la geometr\u00eda sagrada se unen. A trav\u00e9s del dibujo meditativo Zentangle, exploraremos el Cubo de Metatr\u00f3n, una figura ancestral que simboliza el equilibrio perfecto, la conexi\u00f3n con lo divino y la armon\u00eda del universo.<\/p>\n<p class=\" translation-block\">This workshop invites you to:<br>\n- Reconnect with your spiritual essence<br>\n- Integrate mind, body and soul through conscious patterns<br>\n- Awaken creativity and inner light<br>\n- Create from love, intention and the power of the sacred.<\/p>\n<p>Discover how art can be a key to your inner self and a tool to experience the divine in all things. You don't need previous drawing experience. Just openness and a desire to connect with yourself. We look forward to seeing you!<\/p>","protected":false},"excerpt":{"rendered":"<p>Inner balance and harmony in all things.<br \/>\nImmerse yourself in a creative and spiritual experience where art and sacred geometry come together. Through meditative Zentangle drawing, we will explore Metatron's Cube, an ancient figure that symbolises perfect balance, connection with the divine and the harmony of the universe.<br \/>\nThis workshop invites you to:<br \/>\n- Reconnect with your spiritual essence<br \/>\n- Integrating mind, body and soul through conscious patterning<br \/>\n- Awakening creativity and inner light<br \/>\n- Creating from love, intention and the power of the sacred<\/p>\n<p>Discover how art can be a key to your inner self and a tool to experience the divine in all things. You don't need previous drawing experience. Just openness and a desire to connect with yourself. We look forward to seeing you!<\/p>","protected":false},"featured_media":24420,"comment_status":"open","ping_status":"closed","template":"","meta":{"_acf_changed":false,"_monsterinsights_skip_tracking":false,"_monsterinsights_sitenote_active":false,"_monsterinsights_sitenote_note":"","_monsterinsights_sitenote_category":0},"product_brand":[],"product_cat":[738,93],"product_tag":[706,709],"giftcard-category":[],"class_list":{"0":"post-24425","1":"product","2":"type-product","3":"status-publish","4":"has-post-thumbnail","6":"product_cat-talleres-grabados","7":"product_cat-zentangle","8":"product_tag-metatron","9":"product_tag-metatronjueves","11":"first","12":"instock","13":"downloadable","14":"virtual","15":"sold-individually","16":"taxable","17":"purchasable","18":"product-type-simple"},"acf":{"youtube_recording":null},"yoast_head":"<!-- This site is optimized with the Yoast SEO plugin v24.8.1 - https:\/\/yoast.com\/wordpress\/plugins\/seo\/ -->\n<title>Taller CasiMetatron - El \u00faltimo tangle<\/title>\n<meta name=\"robots\" content=\"index, follow, max-snippet:-1, max-image-preview:large, max-video-preview:-1\" \/>\n<link rel=\"canonical\" href=\"https:\/\/elultimotangle.es\/en\/product\/taller-casimetatron-grupo-jueves-tarde\/\" \/>\n<meta property=\"og:locale\" content=\"en_US\" \/>\n<meta property=\"og:type\" content=\"article\" \/>\n<meta property=\"og:title\" content=\"Taller CasiMetatron - El \u00faltimo tangle\" \/>\n<meta property=\"og:description\" content=\"Equilibrio interior y armon\u00eda en todas las cosas. Sum\u00e9rgete en una experiencia creativa y espiritual donde el arte y la geometr\u00eda sagrada se unen. A trav\u00e9s del dibujo meditativo Zentangle, exploraremos el Cubo de Metatr\u00f3n, una figura ancestral que simboliza el equilibrio perfecto, la conexi\u00f3n con lo divino y la armon\u00eda del universo. Este taller te invita a: - Reconectar con tu esencia espiritual - Integrar mente, cuerpo y alma mediante patrones conscientes - Despertar la creatividad y la luz interior - Crear desde el amor, la intenci\u00f3n y el poder de lo sagrado  Descubre c\u00f3mo el arte puede ser una llave hacia tu interior y una herramienta para experimentar lo divino en todas las cosas. No necesitas experiencia previa en dibujo. Solo apertura y deseo de conectar contigo mismo. \u00a1Te esperamos!\" \/>\n<meta property=\"og:url\" content=\"https:\/\/elultimotangle.es\/en\/product\/taller-casimetatron-grupo-jueves-tarde\/\" \/>\n<meta property=\"og:site_name\" content=\"El \u00faltimo tangle\" \/>\n<meta property=\"article:modified_time\" content=\"2026-04-01T15:40:56+00:00\" \/>\n<meta property=\"og:image\" content=\"https:\/\/elultimotangle.es\/wp-content\/uploads\/2025\/06\/IMAGEN-DIF-TALLER-METATRON.png\" \/>\n\t<meta property=\"og:image:width\" content=\"1600\" \/>\n\t<meta property=\"og:image:height\" content=\"1600\" \/>\n\t<meta property=\"og:image:type\" content=\"image\/png\" \/>\n<meta name=\"twitter:label1\" content=\"Est. reading time\" \/>\n\t<meta name=\"twitter:data1\" content=\"1 minute\" \/>\n<script type=\"application\/ld+json\" class=\"yoast-schema-graph\">{\"@context\":\"https:\/\/schema.org\",\"@graph\":[{\"@type\":\"WebPage\",\"@id\":\"https:\/\/elultimotangle.es\/producto\/taller-casimetatron-grupo-jueves-tarde\/\",\"url\":\"https:\/\/elultimotangle.es\/producto\/taller-casimetatron-grupo-jueves-tarde\/\",\"name\":\"Taller CasiMetatron - El \u00faltimo tangle\",\"isPartOf\":{\"@id\":\"http:\/\/elultimotangle.es\/en\/#website\"},\"primaryImageOfPage\":{\"@id\":\"https:\/\/elultimotangle.es\/producto\/taller-casimetatron-grupo-jueves-tarde\/#primaryimage\"},\"image\":{\"@id\":\"https:\/\/elultimotangle.es\/producto\/taller-casimetatron-grupo-jueves-tarde\/#primaryimage\"},\"thumbnailUrl\":\"https:\/\/elultimotangle.es\/wp-content\/uploads\/2025\/06\/IMAGEN-DIF-TALLER-METATRON.png\",\"datePublished\":\"2025-06-22T21:45:17+00:00\",\"dateModified\":\"2026-04-01T15:40:56+00:00\",\"breadcrumb\":{\"@id\":\"https:\/\/elultimotangle.es\/producto\/taller-casimetatron-grupo-jueves-tarde\/#breadcrumb\"},\"inLanguage\":\"en-US\",\"potentialAction\":[{\"@type\":\"ReadAction\",\"target\":[\"https:\/\/elultimotangle.es\/producto\/taller-casimetatron-grupo-jueves-tarde\/\"]}]},{\"@type\":\"ImageObject\",\"inLanguage\":\"en-US\",\"@id\":\"https:\/\/elultimotangle.es\/producto\/taller-casimetatron-grupo-jueves-tarde\/#primaryimage\",\"url\":\"https:\/\/elultimotangle.es\/wp-content\/uploads\/2025\/06\/IMAGEN-DIF-TALLER-METATRON.png\",\"contentUrl\":\"https:\/\/elultimotangle.es\/wp-content\/uploads\/2025\/06\/IMAGEN-DIF-TALLER-METATRON.png\",\"width\":1600,\"height\":1600},{\"@type\":\"BreadcrumbList\",\"@id\":\"https:\/\/elultimotangle.es\/producto\/taller-casimetatron-grupo-jueves-tarde\/#breadcrumb\",\"itemListElement\":[{\"@type\":\"ListItem\",\"position\":1,\"name\":\"Portada\",\"item\":\"https:\/\/elultimotangle.es\/\"},{\"@type\":\"ListItem\",\"position\":2,\"name\":\"Products\",\"item\":\"http:\/\/elultimotangle.es\/en\/shop\/\"},{\"@type\":\"ListItem\",\"position\":3,\"name\":\"Taller CasiMetatron\"}]},{\"@type\":\"WebSite\",\"@id\":\"http:\/\/elultimotangle.es\/en\/#website\",\"url\":\"http:\/\/elultimotangle.es\/en\/\",\"name\":\"El \u00faltimo tangle\",\"description\":\"Zentangle en espa\u00f1ol\",\"publisher\":{\"@id\":\"http:\/\/elultimotangle.es\/en\/#organization\"},\"potentialAction\":[{\"@type\":\"SearchAction\",\"target\":{\"@type\":\"EntryPoint\",\"urlTemplate\":\"http:\/\/elultimotangle.es\/en\/?s={search_term_string}\"},\"query-input\":{\"@type\":\"PropertyValueSpecification\",\"valueRequired\":true,\"valueName\":\"search_term_string\"}}],\"inLanguage\":\"en-US\"},{\"@type\":\"Organization\",\"@id\":\"http:\/\/elultimotangle.es\/en\/#organization\",\"name\":\"El \u00faltimo tangle\",\"url\":\"http:\/\/elultimotangle.es\/en\/\",\"logo\":{\"@type\":\"ImageObject\",\"inLanguage\":\"en-US\",\"@id\":\"http:\/\/elultimotangle.es\/en\/#\/schema\/logo\/image\/\",\"url\":\"https:\/\/elultimotangle.es\/wp-content\/uploads\/2019\/09\/cropped-LOGO-ZETA-ROJO-CUADRADO-alt.jpg\",\"contentUrl\":\"https:\/\/elultimotangle.es\/wp-content\/uploads\/2019\/09\/cropped-LOGO-ZETA-ROJO-CUADRADO-alt.jpg\",\"width\":576,\"height\":576,\"caption\":\"El \u00faltimo tangle\"},\"image\":{\"@id\":\"http:\/\/elultimotangle.es\/en\/#\/schema\/logo\/image\/\"}}]}<\/script>\n<!-- \/ Yoast SEO plugin. -->","yoast_head_json":{"title":"Taller CasiMetatron - El \u00faltimo tangle","robots":{"index":"index","follow":"follow","max-snippet":"max-snippet:-1","max-image-preview":"max-image-preview:large","max-video-preview":"max-video-preview:-1"},"canonical":"https:\/\/elultimotangle.es\/en\/product\/taller-casimetatron-grupo-jueves-tarde\/","og_locale":"en_US","og_type":"article","og_title":"Taller CasiMetatron - El \u00faltimo tangle","og_description":"Equilibrio interior y armon\u00eda en todas las cosas. Sum\u00e9rgete en una experiencia creativa y espiritual donde el arte y la geometr\u00eda sagrada se unen. A trav\u00e9s del dibujo meditativo Zentangle, exploraremos el Cubo de Metatr\u00f3n, una figura ancestral que simboliza el equilibrio perfecto, la conexi\u00f3n con lo divino y la armon\u00eda del universo. Este taller te invita a: - Reconectar con tu esencia espiritual - Integrar mente, cuerpo y alma mediante patrones conscientes - Despertar la creatividad y la luz interior - Crear desde el amor, la intenci\u00f3n y el poder de lo sagrado  Descubre c\u00f3mo el arte puede ser una llave hacia tu interior y una herramienta para experimentar lo divino en todas las cosas. No necesitas experiencia previa en dibujo. Solo apertura y deseo de conectar contigo mismo. \u00a1Te esperamos!","og_url":"https:\/\/elultimotangle.es\/en\/product\/taller-casimetatron-grupo-jueves-tarde\/","og_site_name":"El \u00faltimo tangle","article_modified_time":"2026-04-01T15:40:56+00:00","og_image":[{"width":1600,"height":1600,"url":"https:\/\/elultimotangle.es\/wp-content\/uploads\/2025\/06\/IMAGEN-DIF-TALLER-METATRON.png","type":"image\/png"}],"twitter_misc":{"Est. reading time":"1 minute"},"schema":{"@context":"https:\/\/schema.org","@graph":[{"@type":"WebPage","@id":"https:\/\/elultimotangle.es\/producto\/taller-casimetatron-grupo-jueves-tarde\/","url":"https:\/\/elultimotangle.es\/producto\/taller-casimetatron-grupo-jueves-tarde\/","name":"Taller CasiMetatron - El \u00faltimo tangle","isPartOf":{"@id":"http:\/\/elultimotangle.es\/en\/#website"},"primaryImageOfPage":{"@id":"https:\/\/elultimotangle.es\/producto\/taller-casimetatron-grupo-jueves-tarde\/#primaryimage"},"image":{"@id":"https:\/\/elultimotangle.es\/producto\/taller-casimetatron-grupo-jueves-tarde\/#primaryimage"},"thumbnailUrl":"https:\/\/elultimotangle.es\/wp-content\/uploads\/2025\/06\/IMAGEN-DIF-TALLER-METATRON.png","datePublished":"2025-06-22T21:45:17+00:00","dateModified":"2026-04-01T15:40:56+00:00","breadcrumb":{"@id":"https:\/\/elultimotangle.es\/producto\/taller-casimetatron-grupo-jueves-tarde\/#breadcrumb"},"inLanguage":"en-US","potentialAction":[{"@type":"ReadAction","target":["https:\/\/elultimotangle.es\/producto\/taller-casimetatron-grupo-jueves-tarde\/"]}]},{"@type":"ImageObject","inLanguage":"en-US","@id":"https:\/\/elultimotangle.es\/producto\/taller-casimetatron-grupo-jueves-tarde\/#primaryimage","url":"https:\/\/elultimotangle.es\/wp-content\/uploads\/2025\/06\/IMAGEN-DIF-TALLER-METATRON.png","contentUrl":"https:\/\/elultimotangle.es\/wp-content\/uploads\/2025\/06\/IMAGEN-DIF-TALLER-METATRON.png","width":1600,"height":1600},{"@type":"BreadcrumbList","@id":"https:\/\/elultimotangle.es\/producto\/taller-casimetatron-grupo-jueves-tarde\/#breadcrumb","itemListElement":[{"@type":"ListItem","position":1,"name":"Portada","item":"https:\/\/elultimotangle.es\/"},{"@type":"ListItem","position":2,"name":"Products","item":"http:\/\/elultimotangle.es\/en\/shop\/"},{"@type":"ListItem","position":3,"name":"Taller CasiMetatron"}]},{"@type":"WebSite","@id":"http:\/\/elultimotangle.es\/en\/#website","url":"http:\/\/elultimotangle.es\/en\/","name":"El \u00faltimo tangle","description":"Zentangle en espa\u00f1ol","publisher":{"@id":"http:\/\/elultimotangle.es\/en\/#organization"},"potentialAction":[{"@type":"SearchAction","target":{"@type":"EntryPoint","urlTemplate":"http:\/\/elultimotangle.es\/en\/?s={search_term_string}"},"query-input":{"@type":"PropertyValueSpecification","valueRequired":true,"valueName":"search_term_string"}}],"inLanguage":"en-US"},{"@type":"Organization","@id":"http:\/\/elultimotangle.es\/en\/#organization","name":"El \u00faltimo tangle","url":"http:\/\/elultimotangle.es\/en\/","logo":{"@type":"ImageObject","inLanguage":"en-US","@id":"http:\/\/elultimotangle.es\/en\/#\/schema\/logo\/image\/","url":"https:\/\/elultimotangle.es\/wp-content\/uploads\/2019\/09\/cropped-LOGO-ZETA-ROJO-CUADRADO-alt.jpg","contentUrl":"https:\/\/elultimotangle.es\/wp-content\/uploads\/2019\/09\/cropped-LOGO-ZETA-ROJO-CUADRADO-alt.jpg","width":576,"height":576,"caption":"El \u00faltimo tangle"},"image":{"@id":"http:\/\/elultimotangle.es\/en\/#\/schema\/logo\/image\/"}}]}},"_links":{"self":[{"href":"https:\/\/elultimotangle.es\/en\/wp-json\/wp\/v2\/product\/24425","targetHints":{"allow":["GET"]}}],"collection":[{"href":"https:\/\/elultimotangle.es\/en\/wp-json\/wp\/v2\/product"}],"about":[{"href":"https:\/\/elultimotangle.es\/en\/wp-json\/wp\/v2\/types\/product"}],"replies":[{"embeddable":true,"href":"https:\/\/elultimotangle.es\/en\/wp-json\/wp\/v2\/comments?post=24425"}],"version-history":[{"count":3,"href":"https:\/\/elultimotangle.es\/en\/wp-json\/wp\/v2\/product\/24425\/revisions"}],"predecessor-version":[{"id":25405,"href":"https:\/\/elultimotangle.es\/en\/wp-json\/wp\/v2\/product\/24425\/revisions\/25405"}],"wp:featuredmedia":[{"embeddable":true,"href":"https:\/\/elultimotangle.es\/en\/wp-json\/wp\/v2\/media\/24420"}],"wp:attachment":[{"href":"https:\/\/elultimotangle.es\/en\/wp-json\/wp\/v2\/media?parent=24425"}],"wp:term":[{"taxonomy":"product_brand","embeddable":true,"href":"https:\/\/elultimotangle.es\/en\/wp-json\/wp\/v2\/product_brand?post=24425"},{"taxonomy":"product_cat","embeddable":true,"href":"https:\/\/elultimotangle.es\/en\/wp-json\/wp\/v2\/product_cat?post=24425"},{"taxonomy":"product_tag","embeddable":true,"href":"https:\/\/elultimotangle.es\/en\/wp-json\/wp\/v2\/product_tag?post=24425"},{"taxonomy":"giftcard-category","embeddable":true,"href":"https:\/\/elultimotangle.es\/en\/wp-json\/wp\/v2\/giftcard-category?post=24425"}],"curies":[{"name":"wp","href":"https:\/\/api.w.org\/{rel}","templated":true}]}}