{"id":22951,"date":"2024-08-11T13:36:23","date_gmt":"2024-08-11T12:36:23","guid":{"rendered":"https:\/\/elultimotangle.es\/?post_type=product&#038;p=22951"},"modified":"2026-04-01T16:25:43","modified_gmt":"2026-04-01T15:25:43","slug":"tesela-phi-1","status":"publish","type":"product","link":"https:\/\/elultimotangle.es\/en\/product\/tesela-phi-1\/","title":{"rendered":"Tesela Phi 1"},"content":{"rendered":"","protected":false},"excerpt":{"rendered":"<p>Vamos a trabajar la proporci\u00f3n a\u00farea y algunos tangles org\u00e1nicos sobre una tesela Phi de color blanco.<\/p>","protected":false},"featured_media":22944,"comment_status":"open","ping_status":"closed","template":"","meta":{"_acf_changed":false,"_monsterinsights_skip_tracking":false,"_monsterinsights_sitenote_active":false,"_monsterinsights_sitenote_note":"","_monsterinsights_sitenote_category":0},"product_brand":[],"product_cat":[738,93],"product_tag":[656],"giftcard-category":[],"class_list":{"0":"post-22951","1":"product","2":"type-product","3":"status-publish","4":"has-post-thumbnail","6":"product_cat-talleres-grabados","7":"product_cat-zentangle","8":"product_tag-teselaphi1","10":"first","11":"instock","12":"virtual","13":"sold-individually","14":"taxable","15":"purchasable","16":"product-type-simple"},"acf":{"youtube_recording":null},"yoast_head":"<!-- This site is optimized with the Yoast SEO plugin v24.8.1 - https:\/\/yoast.com\/wordpress\/plugins\/seo\/ -->\n<title>Tesela Phi 1 - El \u00faltimo tangle<\/title>\n<meta name=\"robots\" content=\"index, follow, max-snippet:-1, max-image-preview:large, max-video-preview:-1\" \/>\n<link rel=\"canonical\" href=\"https:\/\/elultimotangle.es\/en\/product\/tesela-phi-1\/\" \/>\n<meta property=\"og:locale\" content=\"en_US\" \/>\n<meta property=\"og:type\" content=\"article\" \/>\n<meta property=\"og:title\" content=\"Tesela Phi 1 - El \u00faltimo tangle\" \/>\n<meta property=\"og:description\" content=\"Vamos a trabajar la proporci\u00f3n a\u00farea y algunos tangles org\u00e1nicos sobre una tesela Phi de color blanco.\" \/>\n<meta property=\"og:url\" content=\"https:\/\/elultimotangle.es\/en\/product\/tesela-phi-1\/\" \/>\n<meta property=\"og:site_name\" content=\"El \u00faltimo tangle\" \/>\n<meta property=\"article:modified_time\" content=\"2026-04-01T15:25:43+00:00\" \/>\n<meta property=\"og:image\" content=\"https:\/\/elultimotangle.es\/wp-content\/uploads\/2024\/08\/TESELA-PHI-PROPORCION-AUREA.png\" \/>\n\t<meta property=\"og:image:width\" content=\"1453\" \/>\n\t<meta property=\"og:image:height\" content=\"879\" \/>\n\t<meta property=\"og:image:type\" content=\"image\/png\" \/>\n<meta name=\"twitter:label1\" content=\"Est. reading time\" \/>\n\t<meta name=\"twitter:data1\" content=\"1 minute\" \/>\n<script type=\"application\/ld+json\" class=\"yoast-schema-graph\">{\"@context\":\"https:\/\/schema.org\",\"@graph\":[{\"@type\":\"WebPage\",\"@id\":\"https:\/\/elultimotangle.es\/producto\/tesela-phi-1\/\",\"url\":\"https:\/\/elultimotangle.es\/producto\/tesela-phi-1\/\",\"name\":\"Tesela Phi 1 - El \u00faltimo tangle\",\"isPartOf\":{\"@id\":\"http:\/\/elultimotangle.es\/en\/#website\"},\"primaryImageOfPage\":{\"@id\":\"https:\/\/elultimotangle.es\/producto\/tesela-phi-1\/#primaryimage\"},\"image\":{\"@id\":\"https:\/\/elultimotangle.es\/producto\/tesela-phi-1\/#primaryimage\"},\"thumbnailUrl\":\"https:\/\/elultimotangle.es\/wp-content\/uploads\/2024\/08\/TESELA-PHI-PROPORCION-AUREA.png\",\"datePublished\":\"2024-08-11T12:36:23+00:00\",\"dateModified\":\"2026-04-01T15:25:43+00:00\",\"breadcrumb\":{\"@id\":\"https:\/\/elultimotangle.es\/producto\/tesela-phi-1\/#breadcrumb\"},\"inLanguage\":\"en-US\",\"potentialAction\":[{\"@type\":\"ReadAction\",\"target\":[\"https:\/\/elultimotangle.es\/producto\/tesela-phi-1\/\"]}]},{\"@type\":\"ImageObject\",\"inLanguage\":\"en-US\",\"@id\":\"https:\/\/elultimotangle.es\/producto\/tesela-phi-1\/#primaryimage\",\"url\":\"https:\/\/elultimotangle.es\/wp-content\/uploads\/2024\/08\/TESELA-PHI-PROPORCION-AUREA.png\",\"contentUrl\":\"https:\/\/elultimotangle.es\/wp-content\/uploads\/2024\/08\/TESELA-PHI-PROPORCION-AUREA.png\",\"width\":1453,\"height\":879},{\"@type\":\"BreadcrumbList\",\"@id\":\"https:\/\/elultimotangle.es\/producto\/tesela-phi-1\/#breadcrumb\",\"itemListElement\":[{\"@type\":\"ListItem\",\"position\":1,\"name\":\"Portada\",\"item\":\"https:\/\/elultimotangle.es\/\"},{\"@type\":\"ListItem\",\"position\":2,\"name\":\"Products\",\"item\":\"http:\/\/elultimotangle.es\/en\/shop\/\"},{\"@type\":\"ListItem\",\"position\":3,\"name\":\"Tesela Phi 1\"}]},{\"@type\":\"WebSite\",\"@id\":\"http:\/\/elultimotangle.es\/en\/#website\",\"url\":\"http:\/\/elultimotangle.es\/en\/\",\"name\":\"El \u00faltimo tangle\",\"description\":\"Zentangle en espa\u00f1ol\",\"publisher\":{\"@id\":\"http:\/\/elultimotangle.es\/en\/#organization\"},\"potentialAction\":[{\"@type\":\"SearchAction\",\"target\":{\"@type\":\"EntryPoint\",\"urlTemplate\":\"http:\/\/elultimotangle.es\/en\/?s={search_term_string}\"},\"query-input\":{\"@type\":\"PropertyValueSpecification\",\"valueRequired\":true,\"valueName\":\"search_term_string\"}}],\"inLanguage\":\"en-US\"},{\"@type\":\"Organization\",\"@id\":\"http:\/\/elultimotangle.es\/en\/#organization\",\"name\":\"El \u00faltimo tangle\",\"url\":\"http:\/\/elultimotangle.es\/en\/\",\"logo\":{\"@type\":\"ImageObject\",\"inLanguage\":\"en-US\",\"@id\":\"http:\/\/elultimotangle.es\/en\/#\/schema\/logo\/image\/\",\"url\":\"https:\/\/elultimotangle.es\/wp-content\/uploads\/2019\/09\/cropped-LOGO-ZETA-ROJO-CUADRADO-alt.jpg\",\"contentUrl\":\"https:\/\/elultimotangle.es\/wp-content\/uploads\/2019\/09\/cropped-LOGO-ZETA-ROJO-CUADRADO-alt.jpg\",\"width\":576,\"height\":576,\"caption\":\"El \u00faltimo tangle\"},\"image\":{\"@id\":\"http:\/\/elultimotangle.es\/en\/#\/schema\/logo\/image\/\"}}]}<\/script>\n<!-- \/ Yoast SEO plugin. -->","yoast_head_json":{"title":"Tesela Phi 1 - El \u00faltimo tangle","robots":{"index":"index","follow":"follow","max-snippet":"max-snippet:-1","max-image-preview":"max-image-preview:large","max-video-preview":"max-video-preview:-1"},"canonical":"https:\/\/elultimotangle.es\/en\/product\/tesela-phi-1\/","og_locale":"en_US","og_type":"article","og_title":"Tesela Phi 1 - El \u00faltimo tangle","og_description":"Vamos a trabajar la proporci\u00f3n a\u00farea y algunos tangles org\u00e1nicos sobre una tesela Phi de color blanco.","og_url":"https:\/\/elultimotangle.es\/en\/product\/tesela-phi-1\/","og_site_name":"El \u00faltimo tangle","article_modified_time":"2026-04-01T15:25:43+00:00","og_image":[{"width":1453,"height":879,"url":"https:\/\/elultimotangle.es\/wp-content\/uploads\/2024\/08\/TESELA-PHI-PROPORCION-AUREA.png","type":"image\/png"}],"twitter_misc":{"Est. reading time":"1 minute"},"schema":{"@context":"https:\/\/schema.org","@graph":[{"@type":"WebPage","@id":"https:\/\/elultimotangle.es\/producto\/tesela-phi-1\/","url":"https:\/\/elultimotangle.es\/producto\/tesela-phi-1\/","name":"Tesela Phi 1 - El \u00faltimo tangle","isPartOf":{"@id":"http:\/\/elultimotangle.es\/en\/#website"},"primaryImageOfPage":{"@id":"https:\/\/elultimotangle.es\/producto\/tesela-phi-1\/#primaryimage"},"image":{"@id":"https:\/\/elultimotangle.es\/producto\/tesela-phi-1\/#primaryimage"},"thumbnailUrl":"https:\/\/elultimotangle.es\/wp-content\/uploads\/2024\/08\/TESELA-PHI-PROPORCION-AUREA.png","datePublished":"2024-08-11T12:36:23+00:00","dateModified":"2026-04-01T15:25:43+00:00","breadcrumb":{"@id":"https:\/\/elultimotangle.es\/producto\/tesela-phi-1\/#breadcrumb"},"inLanguage":"en-US","potentialAction":[{"@type":"ReadAction","target":["https:\/\/elultimotangle.es\/producto\/tesela-phi-1\/"]}]},{"@type":"ImageObject","inLanguage":"en-US","@id":"https:\/\/elultimotangle.es\/producto\/tesela-phi-1\/#primaryimage","url":"https:\/\/elultimotangle.es\/wp-content\/uploads\/2024\/08\/TESELA-PHI-PROPORCION-AUREA.png","contentUrl":"https:\/\/elultimotangle.es\/wp-content\/uploads\/2024\/08\/TESELA-PHI-PROPORCION-AUREA.png","width":1453,"height":879},{"@type":"BreadcrumbList","@id":"https:\/\/elultimotangle.es\/producto\/tesela-phi-1\/#breadcrumb","itemListElement":[{"@type":"ListItem","position":1,"name":"Portada","item":"https:\/\/elultimotangle.es\/"},{"@type":"ListItem","position":2,"name":"Products","item":"http:\/\/elultimotangle.es\/en\/shop\/"},{"@type":"ListItem","position":3,"name":"Tesela Phi 1"}]},{"@type":"WebSite","@id":"http:\/\/elultimotangle.es\/en\/#website","url":"http:\/\/elultimotangle.es\/en\/","name":"El \u00faltimo tangle","description":"Zentangle en espa\u00f1ol","publisher":{"@id":"http:\/\/elultimotangle.es\/en\/#organization"},"potentialAction":[{"@type":"SearchAction","target":{"@type":"EntryPoint","urlTemplate":"http:\/\/elultimotangle.es\/en\/?s={search_term_string}"},"query-input":{"@type":"PropertyValueSpecification","valueRequired":true,"valueName":"search_term_string"}}],"inLanguage":"en-US"},{"@type":"Organization","@id":"http:\/\/elultimotangle.es\/en\/#organization","name":"El \u00faltimo tangle","url":"http:\/\/elultimotangle.es\/en\/","logo":{"@type":"ImageObject","inLanguage":"en-US","@id":"http:\/\/elultimotangle.es\/en\/#\/schema\/logo\/image\/","url":"https:\/\/elultimotangle.es\/wp-content\/uploads\/2019\/09\/cropped-LOGO-ZETA-ROJO-CUADRADO-alt.jpg","contentUrl":"https:\/\/elultimotangle.es\/wp-content\/uploads\/2019\/09\/cropped-LOGO-ZETA-ROJO-CUADRADO-alt.jpg","width":576,"height":576,"caption":"El \u00faltimo tangle"},"image":{"@id":"http:\/\/elultimotangle.es\/en\/#\/schema\/logo\/image\/"}}]}},"_links":{"self":[{"href":"https:\/\/elultimotangle.es\/en\/wp-json\/wp\/v2\/product\/22951","targetHints":{"allow":["GET"]}}],"collection":[{"href":"https:\/\/elultimotangle.es\/en\/wp-json\/wp\/v2\/product"}],"about":[{"href":"https:\/\/elultimotangle.es\/en\/wp-json\/wp\/v2\/types\/product"}],"replies":[{"embeddable":true,"href":"https:\/\/elultimotangle.es\/en\/wp-json\/wp\/v2\/comments?post=22951"}],"version-history":[{"count":2,"href":"https:\/\/elultimotangle.es\/en\/wp-json\/wp\/v2\/product\/22951\/revisions"}],"predecessor-version":[{"id":22959,"href":"https:\/\/elultimotangle.es\/en\/wp-json\/wp\/v2\/product\/22951\/revisions\/22959"}],"wp:featuredmedia":[{"embeddable":true,"href":"https:\/\/elultimotangle.es\/en\/wp-json\/wp\/v2\/media\/22944"}],"wp:attachment":[{"href":"https:\/\/elultimotangle.es\/en\/wp-json\/wp\/v2\/media?parent=22951"}],"wp:term":[{"taxonomy":"product_brand","embeddable":true,"href":"https:\/\/elultimotangle.es\/en\/wp-json\/wp\/v2\/product_brand?post=22951"},{"taxonomy":"product_cat","embeddable":true,"href":"https:\/\/elultimotangle.es\/en\/wp-json\/wp\/v2\/product_cat?post=22951"},{"taxonomy":"product_tag","embeddable":true,"href":"https:\/\/elultimotangle.es\/en\/wp-json\/wp\/v2\/product_tag?post=22951"},{"taxonomy":"giftcard-category","embeddable":true,"href":"https:\/\/elultimotangle.es\/en\/wp-json\/wp\/v2\/giftcard-category?post=22951"}],"curies":[{"name":"wp","href":"https:\/\/api.w.org\/{rel}","templated":true}]}}