{"id":22834,"date":"2024-06-29T10:57:34","date_gmt":"2024-06-29T09:57:34","guid":{"rendered":"https:\/\/elultimotangle.es\/?post_type=product&#038;p=22834"},"modified":"2024-08-11T13:03:22","modified_gmt":"2024-08-11T12:03:22","slug":"taller-412-419-grupo-miercoles-manana","status":"publish","type":"product","link":"https:\/\/elultimotangle.es\/en\/product\/taller-412-419-grupo-miercoles-manana\/","title":{"rendered":"Taller 412 ~ 419 &#8211; Grupo Mi\u00e9rcoles Ma\u00f1ana"},"content":{"rendered":"","protected":false},"excerpt":{"rendered":"<p>&#8220;El siglo XXI es el del control, de lo que me va a pasar, de lo que voy a hacer\u2026 Y hay que abandonarse, aprender a soltar y vivir el momento presente sabiendo que no puedes tener todo bajo control&#8221;. Marian Rojas Estap\u00e9.<\/p>\n<p>Lib\u00e9rate de esa sensaci\u00f3n y disfruta trazo a trazo de lo que est\u00e1s haciendo en este momento. Puro Zentangle durante todo el mes de julio. Clases de 90 minutos, en las que realizaremos un \u00fanico proyecto dentro de una tesela Opus.<\/p>","protected":false},"featured_media":22830,"comment_status":"open","ping_status":"closed","template":"","meta":{"_acf_changed":false,"_monsterinsights_skip_tracking":false,"_monsterinsights_sitenote_active":false,"_monsterinsights_sitenote_note":"","_monsterinsights_sitenote_category":0},"product_brand":[],"product_cat":[135],"product_tag":[651,653],"giftcard-category":[],"class_list":{"0":"post-22834","1":"product","2":"type-product","3":"status-publish","4":"has-post-thumbnail","6":"product_cat-mensuales","7":"product_tag-651","8":"product_tag-412419miercoles","10":"first","11":"outofstock","12":"downloadable","13":"virtual","14":"sold-individually","15":"taxable","16":"purchasable","17":"product-type-simple"},"acf":{"youtube_recording":null},"yoast_head":"<!-- This site is optimized with the Yoast SEO plugin v24.8.1 - https:\/\/yoast.com\/wordpress\/plugins\/seo\/ -->\n<title>Taller 412 ~ 419 - Grupo Mi\u00e9rcoles Ma\u00f1ana - El \u00faltimo tangle<\/title>\n<meta name=\"robots\" content=\"index, follow, max-snippet:-1, max-image-preview:large, max-video-preview:-1\" \/>\n<link rel=\"canonical\" href=\"https:\/\/elultimotangle.es\/en\/product\/taller-412-419-grupo-miercoles-manana\/\" \/>\n<meta property=\"og:locale\" content=\"en_US\" \/>\n<meta property=\"og:type\" content=\"article\" \/>\n<meta property=\"og:title\" content=\"Taller 412 ~ 419 - Grupo Mi\u00e9rcoles Ma\u00f1ana - El \u00faltimo tangle\" \/>\n<meta property=\"og:description\" content=\"&quot;El siglo XXI es el del control, de lo que me va a pasar, de lo que voy a hacer\u2026 Y hay que abandonarse, aprender a soltar y vivir el momento presente sabiendo que no puedes tener todo bajo control&quot;. Marian Rojas Estap\u00e9.  Lib\u00e9rate de esa sensaci\u00f3n y disfruta trazo a trazo de lo que est\u00e1s haciendo en este momento. Puro Zentangle durante todo el mes de julio. Clases de 90 minutos, en las que realizaremos un \u00fanico proyecto dentro de una tesela Opus.\" \/>\n<meta property=\"og:url\" content=\"https:\/\/elultimotangle.es\/en\/product\/taller-412-419-grupo-miercoles-manana\/\" \/>\n<meta property=\"og:site_name\" content=\"El \u00faltimo tangle\" \/>\n<meta property=\"article:modified_time\" content=\"2024-08-11T12:03:22+00:00\" \/>\n<meta property=\"og:image\" content=\"https:\/\/elultimotangle.es\/wp-content\/uploads\/2024\/06\/WhatsApp-Image-2024-06-29-at-11.07.35.jpeg\" \/>\n\t<meta property=\"og:image:width\" content=\"1600\" \/>\n\t<meta property=\"og:image:height\" content=\"1600\" \/>\n\t<meta property=\"og:image:type\" content=\"image\/jpeg\" \/>\n<meta name=\"twitter:label1\" content=\"Est. reading time\" \/>\n\t<meta name=\"twitter:data1\" content=\"1 minute\" \/>\n<script type=\"application\/ld+json\" class=\"yoast-schema-graph\">{\"@context\":\"https:\/\/schema.org\",\"@graph\":[{\"@type\":\"WebPage\",\"@id\":\"https:\/\/elultimotangle.es\/producto\/taller-412-419-grupo-miercoles-manana\/\",\"url\":\"https:\/\/elultimotangle.es\/producto\/taller-412-419-grupo-miercoles-manana\/\",\"name\":\"Taller 412 ~ 419 - Grupo Mi\u00e9rcoles Ma\u00f1ana - El \u00faltimo tangle\",\"isPartOf\":{\"@id\":\"http:\/\/elultimotangle.es\/en\/#website\"},\"primaryImageOfPage\":{\"@id\":\"https:\/\/elultimotangle.es\/producto\/taller-412-419-grupo-miercoles-manana\/#primaryimage\"},\"image\":{\"@id\":\"https:\/\/elultimotangle.es\/producto\/taller-412-419-grupo-miercoles-manana\/#primaryimage\"},\"thumbnailUrl\":\"https:\/\/elultimotangle.es\/wp-content\/uploads\/2024\/06\/WhatsApp-Image-2024-06-29-at-11.07.35.jpeg\",\"datePublished\":\"2024-06-29T09:57:34+00:00\",\"dateModified\":\"2024-08-11T12:03:22+00:00\",\"breadcrumb\":{\"@id\":\"https:\/\/elultimotangle.es\/producto\/taller-412-419-grupo-miercoles-manana\/#breadcrumb\"},\"inLanguage\":\"en-US\",\"potentialAction\":[{\"@type\":\"ReadAction\",\"target\":[\"https:\/\/elultimotangle.es\/producto\/taller-412-419-grupo-miercoles-manana\/\"]}]},{\"@type\":\"ImageObject\",\"inLanguage\":\"en-US\",\"@id\":\"https:\/\/elultimotangle.es\/producto\/taller-412-419-grupo-miercoles-manana\/#primaryimage\",\"url\":\"https:\/\/elultimotangle.es\/wp-content\/uploads\/2024\/06\/WhatsApp-Image-2024-06-29-at-11.07.35.jpeg\",\"contentUrl\":\"https:\/\/elultimotangle.es\/wp-content\/uploads\/2024\/06\/WhatsApp-Image-2024-06-29-at-11.07.35.jpeg\",\"width\":1600,\"height\":1600},{\"@type\":\"BreadcrumbList\",\"@id\":\"https:\/\/elultimotangle.es\/producto\/taller-412-419-grupo-miercoles-manana\/#breadcrumb\",\"itemListElement\":[{\"@type\":\"ListItem\",\"position\":1,\"name\":\"Portada\",\"item\":\"https:\/\/elultimotangle.es\/\"},{\"@type\":\"ListItem\",\"position\":2,\"name\":\"Products\",\"item\":\"http:\/\/elultimotangle.es\/en\/shop\/\"},{\"@type\":\"ListItem\",\"position\":3,\"name\":\"Taller 412 ~ 419 &#8211; Grupo Mi\u00e9rcoles Ma\u00f1ana\"}]},{\"@type\":\"WebSite\",\"@id\":\"http:\/\/elultimotangle.es\/en\/#website\",\"url\":\"http:\/\/elultimotangle.es\/en\/\",\"name\":\"El \u00faltimo tangle\",\"description\":\"Zentangle en espa\u00f1ol\",\"publisher\":{\"@id\":\"http:\/\/elultimotangle.es\/en\/#organization\"},\"potentialAction\":[{\"@type\":\"SearchAction\",\"target\":{\"@type\":\"EntryPoint\",\"urlTemplate\":\"http:\/\/elultimotangle.es\/en\/?s={search_term_string}\"},\"query-input\":{\"@type\":\"PropertyValueSpecification\",\"valueRequired\":true,\"valueName\":\"search_term_string\"}}],\"inLanguage\":\"en-US\"},{\"@type\":\"Organization\",\"@id\":\"http:\/\/elultimotangle.es\/en\/#organization\",\"name\":\"El \u00faltimo tangle\",\"url\":\"http:\/\/elultimotangle.es\/en\/\",\"logo\":{\"@type\":\"ImageObject\",\"inLanguage\":\"en-US\",\"@id\":\"http:\/\/elultimotangle.es\/en\/#\/schema\/logo\/image\/\",\"url\":\"https:\/\/elultimotangle.es\/wp-content\/uploads\/2019\/09\/cropped-LOGO-ZETA-ROJO-CUADRADO-alt.jpg\",\"contentUrl\":\"https:\/\/elultimotangle.es\/wp-content\/uploads\/2019\/09\/cropped-LOGO-ZETA-ROJO-CUADRADO-alt.jpg\",\"width\":576,\"height\":576,\"caption\":\"El \u00faltimo tangle\"},\"image\":{\"@id\":\"http:\/\/elultimotangle.es\/en\/#\/schema\/logo\/image\/\"}}]}<\/script>\n<!-- \/ Yoast SEO plugin. -->","yoast_head_json":{"title":"Taller 412 ~ 419 - Grupo Mi\u00e9rcoles Ma\u00f1ana - El \u00faltimo tangle","robots":{"index":"index","follow":"follow","max-snippet":"max-snippet:-1","max-image-preview":"max-image-preview:large","max-video-preview":"max-video-preview:-1"},"canonical":"https:\/\/elultimotangle.es\/en\/product\/taller-412-419-grupo-miercoles-manana\/","og_locale":"en_US","og_type":"article","og_title":"Taller 412 ~ 419 - Grupo Mi\u00e9rcoles Ma\u00f1ana - El \u00faltimo tangle","og_description":"\"El siglo XXI es el del control, de lo que me va a pasar, de lo que voy a hacer\u2026 Y hay que abandonarse, aprender a soltar y vivir el momento presente sabiendo que no puedes tener todo bajo control\". Marian Rojas Estap\u00e9.  Lib\u00e9rate de esa sensaci\u00f3n y disfruta trazo a trazo de lo que est\u00e1s haciendo en este momento. Puro Zentangle durante todo el mes de julio. Clases de 90 minutos, en las que realizaremos un \u00fanico proyecto dentro de una tesela Opus.","og_url":"https:\/\/elultimotangle.es\/en\/product\/taller-412-419-grupo-miercoles-manana\/","og_site_name":"El \u00faltimo tangle","article_modified_time":"2024-08-11T12:03:22+00:00","og_image":[{"width":1600,"height":1600,"url":"https:\/\/elultimotangle.es\/wp-content\/uploads\/2024\/06\/WhatsApp-Image-2024-06-29-at-11.07.35.jpeg","type":"image\/jpeg"}],"twitter_misc":{"Est. reading time":"1 minute"},"schema":{"@context":"https:\/\/schema.org","@graph":[{"@type":"WebPage","@id":"https:\/\/elultimotangle.es\/producto\/taller-412-419-grupo-miercoles-manana\/","url":"https:\/\/elultimotangle.es\/producto\/taller-412-419-grupo-miercoles-manana\/","name":"Taller 412 ~ 419 - Grupo Mi\u00e9rcoles Ma\u00f1ana - El \u00faltimo tangle","isPartOf":{"@id":"http:\/\/elultimotangle.es\/en\/#website"},"primaryImageOfPage":{"@id":"https:\/\/elultimotangle.es\/producto\/taller-412-419-grupo-miercoles-manana\/#primaryimage"},"image":{"@id":"https:\/\/elultimotangle.es\/producto\/taller-412-419-grupo-miercoles-manana\/#primaryimage"},"thumbnailUrl":"https:\/\/elultimotangle.es\/wp-content\/uploads\/2024\/06\/WhatsApp-Image-2024-06-29-at-11.07.35.jpeg","datePublished":"2024-06-29T09:57:34+00:00","dateModified":"2024-08-11T12:03:22+00:00","breadcrumb":{"@id":"https:\/\/elultimotangle.es\/producto\/taller-412-419-grupo-miercoles-manana\/#breadcrumb"},"inLanguage":"en-US","potentialAction":[{"@type":"ReadAction","target":["https:\/\/elultimotangle.es\/producto\/taller-412-419-grupo-miercoles-manana\/"]}]},{"@type":"ImageObject","inLanguage":"en-US","@id":"https:\/\/elultimotangle.es\/producto\/taller-412-419-grupo-miercoles-manana\/#primaryimage","url":"https:\/\/elultimotangle.es\/wp-content\/uploads\/2024\/06\/WhatsApp-Image-2024-06-29-at-11.07.35.jpeg","contentUrl":"https:\/\/elultimotangle.es\/wp-content\/uploads\/2024\/06\/WhatsApp-Image-2024-06-29-at-11.07.35.jpeg","width":1600,"height":1600},{"@type":"BreadcrumbList","@id":"https:\/\/elultimotangle.es\/producto\/taller-412-419-grupo-miercoles-manana\/#breadcrumb","itemListElement":[{"@type":"ListItem","position":1,"name":"Portada","item":"https:\/\/elultimotangle.es\/"},{"@type":"ListItem","position":2,"name":"Products","item":"http:\/\/elultimotangle.es\/en\/shop\/"},{"@type":"ListItem","position":3,"name":"Taller 412 ~ 419 &#8211; Grupo Mi\u00e9rcoles Ma\u00f1ana"}]},{"@type":"WebSite","@id":"http:\/\/elultimotangle.es\/en\/#website","url":"http:\/\/elultimotangle.es\/en\/","name":"El \u00faltimo tangle","description":"Zentangle en espa\u00f1ol","publisher":{"@id":"http:\/\/elultimotangle.es\/en\/#organization"},"potentialAction":[{"@type":"SearchAction","target":{"@type":"EntryPoint","urlTemplate":"http:\/\/elultimotangle.es\/en\/?s={search_term_string}"},"query-input":{"@type":"PropertyValueSpecification","valueRequired":true,"valueName":"search_term_string"}}],"inLanguage":"en-US"},{"@type":"Organization","@id":"http:\/\/elultimotangle.es\/en\/#organization","name":"El \u00faltimo tangle","url":"http:\/\/elultimotangle.es\/en\/","logo":{"@type":"ImageObject","inLanguage":"en-US","@id":"http:\/\/elultimotangle.es\/en\/#\/schema\/logo\/image\/","url":"https:\/\/elultimotangle.es\/wp-content\/uploads\/2019\/09\/cropped-LOGO-ZETA-ROJO-CUADRADO-alt.jpg","contentUrl":"https:\/\/elultimotangle.es\/wp-content\/uploads\/2019\/09\/cropped-LOGO-ZETA-ROJO-CUADRADO-alt.jpg","width":576,"height":576,"caption":"El \u00faltimo tangle"},"image":{"@id":"http:\/\/elultimotangle.es\/en\/#\/schema\/logo\/image\/"}}]}},"_links":{"self":[{"href":"https:\/\/elultimotangle.es\/en\/wp-json\/wp\/v2\/product\/22834","targetHints":{"allow":["GET"]}}],"collection":[{"href":"https:\/\/elultimotangle.es\/en\/wp-json\/wp\/v2\/product"}],"about":[{"href":"https:\/\/elultimotangle.es\/en\/wp-json\/wp\/v2\/types\/product"}],"replies":[{"embeddable":true,"href":"https:\/\/elultimotangle.es\/en\/wp-json\/wp\/v2\/comments?post=22834"}],"version-history":[{"count":1,"href":"https:\/\/elultimotangle.es\/en\/wp-json\/wp\/v2\/product\/22834\/revisions"}],"predecessor-version":[{"id":22835,"href":"https:\/\/elultimotangle.es\/en\/wp-json\/wp\/v2\/product\/22834\/revisions\/22835"}],"wp:featuredmedia":[{"embeddable":true,"href":"https:\/\/elultimotangle.es\/en\/wp-json\/wp\/v2\/media\/22830"}],"wp:attachment":[{"href":"https:\/\/elultimotangle.es\/en\/wp-json\/wp\/v2\/media?parent=22834"}],"wp:term":[{"taxonomy":"product_brand","embeddable":true,"href":"https:\/\/elultimotangle.es\/en\/wp-json\/wp\/v2\/product_brand?post=22834"},{"taxonomy":"product_cat","embeddable":true,"href":"https:\/\/elultimotangle.es\/en\/wp-json\/wp\/v2\/product_cat?post=22834"},{"taxonomy":"product_tag","embeddable":true,"href":"https:\/\/elultimotangle.es\/en\/wp-json\/wp\/v2\/product_tag?post=22834"},{"taxonomy":"giftcard-category","embeddable":true,"href":"https:\/\/elultimotangle.es\/en\/wp-json\/wp\/v2\/giftcard-category?post=22834"}],"curies":[{"name":"wp","href":"https:\/\/api.w.org\/{rel}","templated":true}]}}