{"id":22218,"date":"2023-12-24T14:21:56","date_gmt":"2023-12-24T13:21:56","guid":{"rendered":"https:\/\/elultimotangle.es\/?post_type=product&#038;p=22218"},"modified":"2026-04-02T11:50:00","modified_gmt":"2026-04-02T10:50:00","slug":"taller-de-letra-redonda","status":"publish","type":"product","link":"https:\/\/elultimotangle.es\/en\/product\/taller-de-letra-redonda\/","title":{"rendered":"Taller de Letra Redonda"},"content":{"rendered":"","protected":false},"excerpt":{"rendered":"<p><strong>Taller de Letra Redonda: Descubriendo la Meditaci\u00f3n a trav\u00e9s de la Caligraf\u00eda<\/strong><\/p>\n<p>Immerse yourself in the exciting world of \u2018Round Lettering\u2019, a form of writing that not only beautifies the paper, but also nourishes the spirit. Designed for those seeking a meditative experience, this course will guide you through each curve and line, allowing you to connect deeply with each stroke.<\/p>\n<p>La &#8220;Letra Redonda&#8221; se distingue por su simplicidad y elegancia. Es una t\u00e9cnica f\u00e1cil de aprender, pero que requiere de una atenci\u00f3n meticulosa. Al trabajar con ella, te encontrar\u00e1s sumergido en un ritmo pausado, permitiendo que cada movimiento de tu mano se convierta en una forma de meditaci\u00f3n en movimiento. La tranquilidad y la paz que se encuentran en cada trazo fomentan una experiencia verdaderamente meditativa, permiti\u00e9ndote desconectar del mundo exterior y centrarte en el aqu\u00ed y ahora.<\/p>\n<p>No es solo una cuesti\u00f3n de est\u00e9tica; la &#8220;Letra Redonda&#8221; es tambi\u00e9n una herramienta poderosa para mejorar tu trazado de l\u00edneas y perfeccionar tu t\u00e9cnica. Al ser una t\u00e9cnica de mono l\u00ednea, encontrar\u00e1s que los materiales requeridos son sencillos y accesibles, haciendo de este taller una experiencia gratificante sin complicaciones.<\/p>\n<p>M\u00e1s all\u00e1 de las habilidades caligr\u00e1ficas, este taller se convierte en una pr\u00e1ctica de atenci\u00f3n plena. La precisi\u00f3n exigida en cada trazo te invita a cultivar una concentraci\u00f3n profunda, mejorando tu capacidad para estar presente en cada momento. As\u00ed, mientras te sumerges en la belleza y la simplicidad de la &#8220;Letra Redonda&#8221;, tambi\u00e9n estar\u00e1s fortaleciendo tu mente y tu enfoque.<\/p>\n<p>\u00a1\u00danete a nosotros en este viaje \u00fanico donde la caligraf\u00eda se encuentra con la meditaci\u00f3n! D\u00e9jate envolver por la tranquilidad de la &#8220;Letra Redonda&#8221; y descubre c\u00f3mo puede transformar no solo tu escritura, sino tambi\u00e9n tu vida.<\/p>","protected":false},"featured_media":22220,"comment_status":"open","ping_status":"closed","template":"","meta":{"_acf_changed":false,"_monsterinsights_skip_tracking":false,"_monsterinsights_sitenote_active":false,"_monsterinsights_sitenote_note":"","_monsterinsights_sitenote_category":0},"product_brand":[],"product_cat":[93],"product_tag":[631],"giftcard-category":[],"class_list":{"0":"post-22218","1":"product","2":"type-product","3":"status-publish","4":"has-post-thumbnail","6":"product_cat-zentangle","7":"product_tag-letraredonda","9":"first","10":"instock","11":"downloadable","12":"virtual","13":"sold-individually","14":"taxable","15":"purchasable","16":"product-type-simple"},"acf":{"youtube_recording":[{"title":"Grabaci\u00f3n Taller de la Letra Redonda (21\/01)","recording_url":"https:\/\/www.youtube.com\/embed\/i0ZsnGtDQfo?si=lP5Sv6zqlHXxMN3y?rel=0","notes_url":"https:\/\/elultimotangle.es\/wp-content\/uploads\/2024\/01\/APUNTES-LETRA-REDONDA.pdf"}]},"yoast_head":"<!-- This site is optimized with the Yoast SEO plugin v24.8.1 - https:\/\/yoast.com\/wordpress\/plugins\/seo\/ -->\n<title>Taller de Letra Redonda - El \u00faltimo tangle<\/title>\n<meta name=\"robots\" content=\"index, follow, max-snippet:-1, max-image-preview:large, max-video-preview:-1\" \/>\n<link rel=\"canonical\" href=\"https:\/\/elultimotangle.es\/en\/product\/taller-de-letra-redonda\/\" \/>\n<meta property=\"og:locale\" content=\"en_US\" \/>\n<meta property=\"og:type\" content=\"article\" \/>\n<meta property=\"og:title\" content=\"Taller de Letra Redonda - El \u00faltimo tangle\" \/>\n<meta property=\"og:description\" content=\"Taller de Letra Redonda: Descubriendo la Meditaci\u00f3n a trav\u00e9s de la Caligraf\u00eda  Sum\u00e9rgete en el apasionante mundo de la &quot;Letra Redonda&quot;, una forma de escritura que no solo embellece el papel, sino que tambi\u00e9n nutre el esp\u00edritu. Dise\u00f1ado para aquellos que buscan una experiencia meditativa, este curso te guiar\u00e1 a trav\u00e9s de cada curva y l\u00ednea, permiti\u00e9ndote conectarte profundamente con cada trazo.  La &quot;Letra Redonda&quot; se distingue por su simplicidad y elegancia. Es una t\u00e9cnica f\u00e1cil de aprender, pero que requiere de una atenci\u00f3n meticulosa. Al trabajar con ella, te encontrar\u00e1s sumergido en un ritmo pausado, permitiendo que cada movimiento de tu mano se convierta en una forma de meditaci\u00f3n en movimiento. La tranquilidad y la paz que se encuentran en cada trazo fomentan una experiencia verdaderamente meditativa, permiti\u00e9ndote desconectar del mundo exterior y centrarte en el aqu\u00ed y ahora.  No es solo una cuesti\u00f3n de est\u00e9tica; la &quot;Letra Redonda&quot; es tambi\u00e9n una herramienta poderosa para mejorar tu trazado de l\u00edneas y perfeccionar tu t\u00e9cnica. Al ser una t\u00e9cnica de mono l\u00ednea, encontrar\u00e1s que los materiales requeridos son sencillos y accesibles, haciendo de este taller una experiencia gratificante sin complicaciones.  M\u00e1s all\u00e1 de las habilidades caligr\u00e1ficas, este taller se convierte en una pr\u00e1ctica de atenci\u00f3n plena. La precisi\u00f3n exigida en cada trazo te invita a cultivar una concentraci\u00f3n profunda, mejorando tu capacidad para estar presente en cada momento. As\u00ed, mientras te sumerges en la belleza y la simplicidad de la &quot;Letra Redonda&quot;, tambi\u00e9n estar\u00e1s fortaleciendo tu mente y tu enfoque.  \u00a1\u00danete a nosotros en este viaje \u00fanico donde la caligraf\u00eda se encuentra con la meditaci\u00f3n! D\u00e9jate envolver por la tranquilidad de la &quot;Letra Redonda&quot; y descubre c\u00f3mo puede transformar no solo tu escritura, sino tambi\u00e9n tu vida.\" \/>\n<meta property=\"og:url\" content=\"https:\/\/elultimotangle.es\/en\/product\/taller-de-letra-redonda\/\" \/>\n<meta property=\"og:site_name\" content=\"El \u00faltimo tangle\" \/>\n<meta property=\"article:modified_time\" content=\"2026-04-02T10:50:00+00:00\" \/>\n<meta property=\"og:image\" content=\"https:\/\/elultimotangle.es\/wp-content\/uploads\/2023\/12\/WhatsApp-Image-2023-12-18-at-15.07.08.jpeg\" \/>\n\t<meta property=\"og:image:width\" content=\"2048\" \/>\n\t<meta property=\"og:image:height\" content=\"2048\" \/>\n\t<meta property=\"og:image:type\" content=\"image\/jpeg\" \/>\n<meta name=\"twitter:label1\" content=\"Est. reading time\" \/>\n\t<meta name=\"twitter:data1\" content=\"1 minute\" \/>\n<script type=\"application\/ld+json\" class=\"yoast-schema-graph\">{\"@context\":\"https:\/\/schema.org\",\"@graph\":[{\"@type\":\"WebPage\",\"@id\":\"https:\/\/elultimotangle.es\/producto\/taller-de-letra-redonda\/\",\"url\":\"https:\/\/elultimotangle.es\/producto\/taller-de-letra-redonda\/\",\"name\":\"Taller de Letra Redonda - El \u00faltimo tangle\",\"isPartOf\":{\"@id\":\"http:\/\/elultimotangle.es\/en\/#website\"},\"primaryImageOfPage\":{\"@id\":\"https:\/\/elultimotangle.es\/producto\/taller-de-letra-redonda\/#primaryimage\"},\"image\":{\"@id\":\"https:\/\/elultimotangle.es\/producto\/taller-de-letra-redonda\/#primaryimage\"},\"thumbnailUrl\":\"https:\/\/elultimotangle.es\/wp-content\/uploads\/2023\/12\/WhatsApp-Image-2023-12-18-at-15.07.08.jpeg\",\"datePublished\":\"2023-12-24T13:21:56+00:00\",\"dateModified\":\"2026-04-02T10:50:00+00:00\",\"breadcrumb\":{\"@id\":\"https:\/\/elultimotangle.es\/producto\/taller-de-letra-redonda\/#breadcrumb\"},\"inLanguage\":\"en-US\",\"potentialAction\":[{\"@type\":\"ReadAction\",\"target\":[\"https:\/\/elultimotangle.es\/producto\/taller-de-letra-redonda\/\"]}]},{\"@type\":\"ImageObject\",\"inLanguage\":\"en-US\",\"@id\":\"https:\/\/elultimotangle.es\/producto\/taller-de-letra-redonda\/#primaryimage\",\"url\":\"https:\/\/elultimotangle.es\/wp-content\/uploads\/2023\/12\/WhatsApp-Image-2023-12-18-at-15.07.08.jpeg\",\"contentUrl\":\"https:\/\/elultimotangle.es\/wp-content\/uploads\/2023\/12\/WhatsApp-Image-2023-12-18-at-15.07.08.jpeg\",\"width\":2048,\"height\":2048},{\"@type\":\"BreadcrumbList\",\"@id\":\"https:\/\/elultimotangle.es\/producto\/taller-de-letra-redonda\/#breadcrumb\",\"itemListElement\":[{\"@type\":\"ListItem\",\"position\":1,\"name\":\"Portada\",\"item\":\"https:\/\/elultimotangle.es\/\"},{\"@type\":\"ListItem\",\"position\":2,\"name\":\"Products\",\"item\":\"http:\/\/elultimotangle.es\/en\/shop\/\"},{\"@type\":\"ListItem\",\"position\":3,\"name\":\"Taller de Letra Redonda\"}]},{\"@type\":\"WebSite\",\"@id\":\"http:\/\/elultimotangle.es\/en\/#website\",\"url\":\"http:\/\/elultimotangle.es\/en\/\",\"name\":\"El \u00faltimo tangle\",\"description\":\"Zentangle en espa\u00f1ol\",\"publisher\":{\"@id\":\"http:\/\/elultimotangle.es\/en\/#organization\"},\"potentialAction\":[{\"@type\":\"SearchAction\",\"target\":{\"@type\":\"EntryPoint\",\"urlTemplate\":\"http:\/\/elultimotangle.es\/en\/?s={search_term_string}\"},\"query-input\":{\"@type\":\"PropertyValueSpecification\",\"valueRequired\":true,\"valueName\":\"search_term_string\"}}],\"inLanguage\":\"en-US\"},{\"@type\":\"Organization\",\"@id\":\"http:\/\/elultimotangle.es\/en\/#organization\",\"name\":\"El \u00faltimo tangle\",\"url\":\"http:\/\/elultimotangle.es\/en\/\",\"logo\":{\"@type\":\"ImageObject\",\"inLanguage\":\"en-US\",\"@id\":\"http:\/\/elultimotangle.es\/en\/#\/schema\/logo\/image\/\",\"url\":\"https:\/\/elultimotangle.es\/wp-content\/uploads\/2019\/09\/cropped-LOGO-ZETA-ROJO-CUADRADO-alt.jpg\",\"contentUrl\":\"https:\/\/elultimotangle.es\/wp-content\/uploads\/2019\/09\/cropped-LOGO-ZETA-ROJO-CUADRADO-alt.jpg\",\"width\":576,\"height\":576,\"caption\":\"El \u00faltimo tangle\"},\"image\":{\"@id\":\"http:\/\/elultimotangle.es\/en\/#\/schema\/logo\/image\/\"}}]}<\/script>\n<!-- \/ Yoast SEO plugin. -->","yoast_head_json":{"title":"Taller de Letra Redonda - El \u00faltimo tangle","robots":{"index":"index","follow":"follow","max-snippet":"max-snippet:-1","max-image-preview":"max-image-preview:large","max-video-preview":"max-video-preview:-1"},"canonical":"https:\/\/elultimotangle.es\/en\/product\/taller-de-letra-redonda\/","og_locale":"en_US","og_type":"article","og_title":"Taller de Letra Redonda - El \u00faltimo tangle","og_description":"Taller de Letra Redonda: Descubriendo la Meditaci\u00f3n a trav\u00e9s de la Caligraf\u00eda  Sum\u00e9rgete en el apasionante mundo de la \"Letra Redonda\", una forma de escritura que no solo embellece el papel, sino que tambi\u00e9n nutre el esp\u00edritu. Dise\u00f1ado para aquellos que buscan una experiencia meditativa, este curso te guiar\u00e1 a trav\u00e9s de cada curva y l\u00ednea, permiti\u00e9ndote conectarte profundamente con cada trazo.  La \"Letra Redonda\" se distingue por su simplicidad y elegancia. Es una t\u00e9cnica f\u00e1cil de aprender, pero que requiere de una atenci\u00f3n meticulosa. Al trabajar con ella, te encontrar\u00e1s sumergido en un ritmo pausado, permitiendo que cada movimiento de tu mano se convierta en una forma de meditaci\u00f3n en movimiento. La tranquilidad y la paz que se encuentran en cada trazo fomentan una experiencia verdaderamente meditativa, permiti\u00e9ndote desconectar del mundo exterior y centrarte en el aqu\u00ed y ahora.  No es solo una cuesti\u00f3n de est\u00e9tica; la \"Letra Redonda\" es tambi\u00e9n una herramienta poderosa para mejorar tu trazado de l\u00edneas y perfeccionar tu t\u00e9cnica. Al ser una t\u00e9cnica de mono l\u00ednea, encontrar\u00e1s que los materiales requeridos son sencillos y accesibles, haciendo de este taller una experiencia gratificante sin complicaciones.  M\u00e1s all\u00e1 de las habilidades caligr\u00e1ficas, este taller se convierte en una pr\u00e1ctica de atenci\u00f3n plena. La precisi\u00f3n exigida en cada trazo te invita a cultivar una concentraci\u00f3n profunda, mejorando tu capacidad para estar presente en cada momento. As\u00ed, mientras te sumerges en la belleza y la simplicidad de la \"Letra Redonda\", tambi\u00e9n estar\u00e1s fortaleciendo tu mente y tu enfoque.  \u00a1\u00danete a nosotros en este viaje \u00fanico donde la caligraf\u00eda se encuentra con la meditaci\u00f3n! D\u00e9jate envolver por la tranquilidad de la \"Letra Redonda\" y descubre c\u00f3mo puede transformar no solo tu escritura, sino tambi\u00e9n tu vida.","og_url":"https:\/\/elultimotangle.es\/en\/product\/taller-de-letra-redonda\/","og_site_name":"El \u00faltimo tangle","article_modified_time":"2026-04-02T10:50:00+00:00","og_image":[{"width":2048,"height":2048,"url":"https:\/\/elultimotangle.es\/wp-content\/uploads\/2023\/12\/WhatsApp-Image-2023-12-18-at-15.07.08.jpeg","type":"image\/jpeg"}],"twitter_misc":{"Est. reading time":"1 minute"},"schema":{"@context":"https:\/\/schema.org","@graph":[{"@type":"WebPage","@id":"https:\/\/elultimotangle.es\/producto\/taller-de-letra-redonda\/","url":"https:\/\/elultimotangle.es\/producto\/taller-de-letra-redonda\/","name":"Taller de Letra Redonda - El \u00faltimo tangle","isPartOf":{"@id":"http:\/\/elultimotangle.es\/en\/#website"},"primaryImageOfPage":{"@id":"https:\/\/elultimotangle.es\/producto\/taller-de-letra-redonda\/#primaryimage"},"image":{"@id":"https:\/\/elultimotangle.es\/producto\/taller-de-letra-redonda\/#primaryimage"},"thumbnailUrl":"https:\/\/elultimotangle.es\/wp-content\/uploads\/2023\/12\/WhatsApp-Image-2023-12-18-at-15.07.08.jpeg","datePublished":"2023-12-24T13:21:56+00:00","dateModified":"2026-04-02T10:50:00+00:00","breadcrumb":{"@id":"https:\/\/elultimotangle.es\/producto\/taller-de-letra-redonda\/#breadcrumb"},"inLanguage":"en-US","potentialAction":[{"@type":"ReadAction","target":["https:\/\/elultimotangle.es\/producto\/taller-de-letra-redonda\/"]}]},{"@type":"ImageObject","inLanguage":"en-US","@id":"https:\/\/elultimotangle.es\/producto\/taller-de-letra-redonda\/#primaryimage","url":"https:\/\/elultimotangle.es\/wp-content\/uploads\/2023\/12\/WhatsApp-Image-2023-12-18-at-15.07.08.jpeg","contentUrl":"https:\/\/elultimotangle.es\/wp-content\/uploads\/2023\/12\/WhatsApp-Image-2023-12-18-at-15.07.08.jpeg","width":2048,"height":2048},{"@type":"BreadcrumbList","@id":"https:\/\/elultimotangle.es\/producto\/taller-de-letra-redonda\/#breadcrumb","itemListElement":[{"@type":"ListItem","position":1,"name":"Portada","item":"https:\/\/elultimotangle.es\/"},{"@type":"ListItem","position":2,"name":"Products","item":"http:\/\/elultimotangle.es\/en\/shop\/"},{"@type":"ListItem","position":3,"name":"Taller de Letra Redonda"}]},{"@type":"WebSite","@id":"http:\/\/elultimotangle.es\/en\/#website","url":"http:\/\/elultimotangle.es\/en\/","name":"El \u00faltimo tangle","description":"Zentangle en espa\u00f1ol","publisher":{"@id":"http:\/\/elultimotangle.es\/en\/#organization"},"potentialAction":[{"@type":"SearchAction","target":{"@type":"EntryPoint","urlTemplate":"http:\/\/elultimotangle.es\/en\/?s={search_term_string}"},"query-input":{"@type":"PropertyValueSpecification","valueRequired":true,"valueName":"search_term_string"}}],"inLanguage":"en-US"},{"@type":"Organization","@id":"http:\/\/elultimotangle.es\/en\/#organization","name":"El \u00faltimo tangle","url":"http:\/\/elultimotangle.es\/en\/","logo":{"@type":"ImageObject","inLanguage":"en-US","@id":"http:\/\/elultimotangle.es\/en\/#\/schema\/logo\/image\/","url":"https:\/\/elultimotangle.es\/wp-content\/uploads\/2019\/09\/cropped-LOGO-ZETA-ROJO-CUADRADO-alt.jpg","contentUrl":"https:\/\/elultimotangle.es\/wp-content\/uploads\/2019\/09\/cropped-LOGO-ZETA-ROJO-CUADRADO-alt.jpg","width":576,"height":576,"caption":"El \u00faltimo tangle"},"image":{"@id":"http:\/\/elultimotangle.es\/en\/#\/schema\/logo\/image\/"}}]}},"_links":{"self":[{"href":"https:\/\/elultimotangle.es\/en\/wp-json\/wp\/v2\/product\/22218","targetHints":{"allow":["GET"]}}],"collection":[{"href":"https:\/\/elultimotangle.es\/en\/wp-json\/wp\/v2\/product"}],"about":[{"href":"https:\/\/elultimotangle.es\/en\/wp-json\/wp\/v2\/types\/product"}],"replies":[{"embeddable":true,"href":"https:\/\/elultimotangle.es\/en\/wp-json\/wp\/v2\/comments?post=22218"}],"version-history":[{"count":4,"href":"https:\/\/elultimotangle.es\/en\/wp-json\/wp\/v2\/product\/22218\/revisions"}],"predecessor-version":[{"id":25478,"href":"https:\/\/elultimotangle.es\/en\/wp-json\/wp\/v2\/product\/22218\/revisions\/25478"}],"wp:featuredmedia":[{"embeddable":true,"href":"https:\/\/elultimotangle.es\/en\/wp-json\/wp\/v2\/media\/22220"}],"wp:attachment":[{"href":"https:\/\/elultimotangle.es\/en\/wp-json\/wp\/v2\/media?parent=22218"}],"wp:term":[{"taxonomy":"product_brand","embeddable":true,"href":"https:\/\/elultimotangle.es\/en\/wp-json\/wp\/v2\/product_brand?post=22218"},{"taxonomy":"product_cat","embeddable":true,"href":"https:\/\/elultimotangle.es\/en\/wp-json\/wp\/v2\/product_cat?post=22218"},{"taxonomy":"product_tag","embeddable":true,"href":"https:\/\/elultimotangle.es\/en\/wp-json\/wp\/v2\/product_tag?post=22218"},{"taxonomy":"giftcard-category","embeddable":true,"href":"https:\/\/elultimotangle.es\/en\/wp-json\/wp\/v2\/giftcard-category?post=22218"}],"curies":[{"name":"wp","href":"https:\/\/api.w.org\/{rel}","templated":true}]}}