{"id":20436,"date":"2022-11-26T22:52:25","date_gmt":"2022-11-26T21:52:25","guid":{"rendered":"https:\/\/elultimotangle.es\/?post_type=product&#038;p=20436"},"modified":"2024-01-21T12:05:06","modified_gmt":"2024-01-21T11:05:06","slug":"taller-del-abecedario-organico-sesion-i","status":"publish","type":"product","link":"https:\/\/elultimotangle.es\/en\/product\/taller-del-abecedario-organico-sesion-i\/","title":{"rendered":"Taller del Abecedario Org\u00e1nico &#8211; Sesi\u00f3n I"},"content":{"rendered":"","protected":false},"excerpt":{"rendered":"<p>Would you like to tangle a special letter for you? In this series of workshops we will tangle 2 or 3 letters in each session and we will go through the entire alphabet. Ask us which letters will be tangled in the current month and we'll get back to you as soon as possible. It is also possible to purchase the recording if the letter you are looking for has already been tangled. Do not hesitate to sign up, you will love it!<\/p>","protected":false},"featured_media":20431,"comment_status":"open","ping_status":"closed","template":"","meta":{"_acf_changed":false,"_monsterinsights_skip_tracking":false,"_monsterinsights_sitenote_active":false,"_monsterinsights_sitenote_note":"","_monsterinsights_sitenote_category":0},"product_brand":[],"product_cat":[581],"product_tag":[582],"giftcard-category":[],"class_list":{"0":"post-20436","1":"product","2":"type-product","3":"status-publish","4":"has-post-thumbnail","6":"product_cat-abecedario-creativo","7":"product_tag-abecedario1","9":"first","10":"outofstock","11":"virtual","12":"sold-individually","13":"taxable","14":"purchasable","15":"product-type-simple"},"acf":{"youtube_recording":null},"yoast_head":"<!-- This site is optimized with the Yoast SEO plugin v24.8.1 - https:\/\/yoast.com\/wordpress\/plugins\/seo\/ -->\n<title>Taller del Abecedario Org\u00e1nico - Sesi\u00f3n I - El \u00faltimo tangle<\/title>\n<meta name=\"robots\" content=\"index, follow, max-snippet:-1, max-image-preview:large, max-video-preview:-1\" \/>\n<link rel=\"canonical\" href=\"https:\/\/elultimotangle.es\/en\/product\/taller-del-abecedario-organico-sesion-i\/\" \/>\n<meta property=\"og:locale\" content=\"en_US\" \/>\n<meta property=\"og:type\" content=\"article\" \/>\n<meta property=\"og:title\" content=\"Taller del Abecedario Org\u00e1nico - Sesi\u00f3n I - El \u00faltimo tangle\" \/>\n<meta property=\"og:description\" content=\"\u00bfTe gustar\u00eda tanglear una letra especial para ti? En esta serie de talleres tanglearemos 2 \u00f3 3 letras en cada sesi\u00f3n y recorreremos todo el abecedario. Preg\u00fantanos qu\u00e9 letras se tanglear\u00e1n en el mes actual y te responderemos lo antes posible. Tambi\u00e9n es posible comprar la grabaci\u00f3n si la letra que buscas ya ha sido tangleada. \u00a1No dudes en apuntarte, te encantar\u00e1!\" \/>\n<meta property=\"og:url\" content=\"https:\/\/elultimotangle.es\/en\/product\/taller-del-abecedario-organico-sesion-i\/\" \/>\n<meta property=\"og:site_name\" content=\"El \u00faltimo tangle\" \/>\n<meta property=\"article:modified_time\" content=\"2024-01-21T11:05:06+00:00\" \/>\n<meta property=\"og:image\" content=\"https:\/\/elultimotangle.es\/wp-content\/uploads\/slider90\/abcdariocreativo2.jpeg\" \/>\n\t<meta property=\"og:image:width\" content=\"1024\" \/>\n\t<meta property=\"og:image:height\" content=\"1024\" \/>\n\t<meta property=\"og:image:type\" content=\"image\/jpeg\" \/>\n<script type=\"application\/ld+json\" class=\"yoast-schema-graph\">{\"@context\":\"https:\/\/schema.org\",\"@graph\":[{\"@type\":\"WebPage\",\"@id\":\"https:\/\/elultimotangle.es\/producto\/taller-del-abecedario-organico-sesion-i\/\",\"url\":\"https:\/\/elultimotangle.es\/producto\/taller-del-abecedario-organico-sesion-i\/\",\"name\":\"Taller del Abecedario Org\u00e1nico - Sesi\u00f3n I - El \u00faltimo tangle\",\"isPartOf\":{\"@id\":\"http:\/\/elultimotangle.es\/en\/#website\"},\"primaryImageOfPage\":{\"@id\":\"https:\/\/elultimotangle.es\/producto\/taller-del-abecedario-organico-sesion-i\/#primaryimage\"},\"image\":{\"@id\":\"https:\/\/elultimotangle.es\/producto\/taller-del-abecedario-organico-sesion-i\/#primaryimage\"},\"thumbnailUrl\":\"https:\/\/elultimotangle.es\/wp-content\/uploads\/slider90\/abcdariocreativo2.jpeg\",\"datePublished\":\"2022-11-26T21:52:25+00:00\",\"dateModified\":\"2024-01-21T11:05:06+00:00\",\"breadcrumb\":{\"@id\":\"https:\/\/elultimotangle.es\/producto\/taller-del-abecedario-organico-sesion-i\/#breadcrumb\"},\"inLanguage\":\"en-US\",\"potentialAction\":[{\"@type\":\"ReadAction\",\"target\":[\"https:\/\/elultimotangle.es\/producto\/taller-del-abecedario-organico-sesion-i\/\"]}]},{\"@type\":\"ImageObject\",\"inLanguage\":\"en-US\",\"@id\":\"https:\/\/elultimotangle.es\/producto\/taller-del-abecedario-organico-sesion-i\/#primaryimage\",\"url\":\"https:\/\/elultimotangle.es\/wp-content\/uploads\/slider90\/abcdariocreativo2.jpeg\",\"contentUrl\":\"https:\/\/elultimotangle.es\/wp-content\/uploads\/slider90\/abcdariocreativo2.jpeg\",\"width\":1024,\"height\":1024},{\"@type\":\"BreadcrumbList\",\"@id\":\"https:\/\/elultimotangle.es\/producto\/taller-del-abecedario-organico-sesion-i\/#breadcrumb\",\"itemListElement\":[{\"@type\":\"ListItem\",\"position\":1,\"name\":\"Portada\",\"item\":\"https:\/\/elultimotangle.es\/\"},{\"@type\":\"ListItem\",\"position\":2,\"name\":\"Products\",\"item\":\"http:\/\/elultimotangle.es\/en\/shop\/\"},{\"@type\":\"ListItem\",\"position\":3,\"name\":\"Taller del Abecedario Org\u00e1nico &#8211; Sesi\u00f3n I\"}]},{\"@type\":\"WebSite\",\"@id\":\"http:\/\/elultimotangle.es\/en\/#website\",\"url\":\"http:\/\/elultimotangle.es\/en\/\",\"name\":\"El \u00faltimo tangle\",\"description\":\"Zentangle en espa\u00f1ol\",\"publisher\":{\"@id\":\"http:\/\/elultimotangle.es\/en\/#organization\"},\"potentialAction\":[{\"@type\":\"SearchAction\",\"target\":{\"@type\":\"EntryPoint\",\"urlTemplate\":\"http:\/\/elultimotangle.es\/en\/?s={search_term_string}\"},\"query-input\":{\"@type\":\"PropertyValueSpecification\",\"valueRequired\":true,\"valueName\":\"search_term_string\"}}],\"inLanguage\":\"en-US\"},{\"@type\":\"Organization\",\"@id\":\"http:\/\/elultimotangle.es\/en\/#organization\",\"name\":\"El \u00faltimo tangle\",\"url\":\"http:\/\/elultimotangle.es\/en\/\",\"logo\":{\"@type\":\"ImageObject\",\"inLanguage\":\"en-US\",\"@id\":\"http:\/\/elultimotangle.es\/en\/#\/schema\/logo\/image\/\",\"url\":\"https:\/\/elultimotangle.es\/wp-content\/uploads\/2019\/09\/cropped-LOGO-ZETA-ROJO-CUADRADO-alt.jpg\",\"contentUrl\":\"https:\/\/elultimotangle.es\/wp-content\/uploads\/2019\/09\/cropped-LOGO-ZETA-ROJO-CUADRADO-alt.jpg\",\"width\":576,\"height\":576,\"caption\":\"El \u00faltimo tangle\"},\"image\":{\"@id\":\"http:\/\/elultimotangle.es\/en\/#\/schema\/logo\/image\/\"}}]}<\/script>\n<!-- \/ Yoast SEO plugin. -->","yoast_head_json":{"title":"Taller del Abecedario Org\u00e1nico - Sesi\u00f3n I - El \u00faltimo tangle","robots":{"index":"index","follow":"follow","max-snippet":"max-snippet:-1","max-image-preview":"max-image-preview:large","max-video-preview":"max-video-preview:-1"},"canonical":"https:\/\/elultimotangle.es\/en\/product\/taller-del-abecedario-organico-sesion-i\/","og_locale":"en_US","og_type":"article","og_title":"Taller del Abecedario Org\u00e1nico - Sesi\u00f3n I - El \u00faltimo tangle","og_description":"\u00bfTe gustar\u00eda tanglear una letra especial para ti? En esta serie de talleres tanglearemos 2 \u00f3 3 letras en cada sesi\u00f3n y recorreremos todo el abecedario. Preg\u00fantanos qu\u00e9 letras se tanglear\u00e1n en el mes actual y te responderemos lo antes posible. Tambi\u00e9n es posible comprar la grabaci\u00f3n si la letra que buscas ya ha sido tangleada. \u00a1No dudes en apuntarte, te encantar\u00e1!","og_url":"https:\/\/elultimotangle.es\/en\/product\/taller-del-abecedario-organico-sesion-i\/","og_site_name":"El \u00faltimo tangle","article_modified_time":"2024-01-21T11:05:06+00:00","og_image":[{"width":1024,"height":1024,"url":"https:\/\/elultimotangle.es\/wp-content\/uploads\/slider90\/abcdariocreativo2.jpeg","type":"image\/jpeg"}],"schema":{"@context":"https:\/\/schema.org","@graph":[{"@type":"WebPage","@id":"https:\/\/elultimotangle.es\/producto\/taller-del-abecedario-organico-sesion-i\/","url":"https:\/\/elultimotangle.es\/producto\/taller-del-abecedario-organico-sesion-i\/","name":"Taller del Abecedario Org\u00e1nico - Sesi\u00f3n I - El \u00faltimo tangle","isPartOf":{"@id":"http:\/\/elultimotangle.es\/en\/#website"},"primaryImageOfPage":{"@id":"https:\/\/elultimotangle.es\/producto\/taller-del-abecedario-organico-sesion-i\/#primaryimage"},"image":{"@id":"https:\/\/elultimotangle.es\/producto\/taller-del-abecedario-organico-sesion-i\/#primaryimage"},"thumbnailUrl":"https:\/\/elultimotangle.es\/wp-content\/uploads\/slider90\/abcdariocreativo2.jpeg","datePublished":"2022-11-26T21:52:25+00:00","dateModified":"2024-01-21T11:05:06+00:00","breadcrumb":{"@id":"https:\/\/elultimotangle.es\/producto\/taller-del-abecedario-organico-sesion-i\/#breadcrumb"},"inLanguage":"en-US","potentialAction":[{"@type":"ReadAction","target":["https:\/\/elultimotangle.es\/producto\/taller-del-abecedario-organico-sesion-i\/"]}]},{"@type":"ImageObject","inLanguage":"en-US","@id":"https:\/\/elultimotangle.es\/producto\/taller-del-abecedario-organico-sesion-i\/#primaryimage","url":"https:\/\/elultimotangle.es\/wp-content\/uploads\/slider90\/abcdariocreativo2.jpeg","contentUrl":"https:\/\/elultimotangle.es\/wp-content\/uploads\/slider90\/abcdariocreativo2.jpeg","width":1024,"height":1024},{"@type":"BreadcrumbList","@id":"https:\/\/elultimotangle.es\/producto\/taller-del-abecedario-organico-sesion-i\/#breadcrumb","itemListElement":[{"@type":"ListItem","position":1,"name":"Portada","item":"https:\/\/elultimotangle.es\/"},{"@type":"ListItem","position":2,"name":"Products","item":"http:\/\/elultimotangle.es\/en\/shop\/"},{"@type":"ListItem","position":3,"name":"Taller del Abecedario Org\u00e1nico &#8211; Sesi\u00f3n I"}]},{"@type":"WebSite","@id":"http:\/\/elultimotangle.es\/en\/#website","url":"http:\/\/elultimotangle.es\/en\/","name":"El \u00faltimo tangle","description":"Zentangle en espa\u00f1ol","publisher":{"@id":"http:\/\/elultimotangle.es\/en\/#organization"},"potentialAction":[{"@type":"SearchAction","target":{"@type":"EntryPoint","urlTemplate":"http:\/\/elultimotangle.es\/en\/?s={search_term_string}"},"query-input":{"@type":"PropertyValueSpecification","valueRequired":true,"valueName":"search_term_string"}}],"inLanguage":"en-US"},{"@type":"Organization","@id":"http:\/\/elultimotangle.es\/en\/#organization","name":"El \u00faltimo tangle","url":"http:\/\/elultimotangle.es\/en\/","logo":{"@type":"ImageObject","inLanguage":"en-US","@id":"http:\/\/elultimotangle.es\/en\/#\/schema\/logo\/image\/","url":"https:\/\/elultimotangle.es\/wp-content\/uploads\/2019\/09\/cropped-LOGO-ZETA-ROJO-CUADRADO-alt.jpg","contentUrl":"https:\/\/elultimotangle.es\/wp-content\/uploads\/2019\/09\/cropped-LOGO-ZETA-ROJO-CUADRADO-alt.jpg","width":576,"height":576,"caption":"El \u00faltimo tangle"},"image":{"@id":"http:\/\/elultimotangle.es\/en\/#\/schema\/logo\/image\/"}}]}},"_links":{"self":[{"href":"https:\/\/elultimotangle.es\/en\/wp-json\/wp\/v2\/product\/20436","targetHints":{"allow":["GET"]}}],"collection":[{"href":"https:\/\/elultimotangle.es\/en\/wp-json\/wp\/v2\/product"}],"about":[{"href":"https:\/\/elultimotangle.es\/en\/wp-json\/wp\/v2\/types\/product"}],"replies":[{"embeddable":true,"href":"https:\/\/elultimotangle.es\/en\/wp-json\/wp\/v2\/comments?post=20436"}],"version-history":[{"count":3,"href":"https:\/\/elultimotangle.es\/en\/wp-json\/wp\/v2\/product\/20436\/revisions"}],"predecessor-version":[{"id":20444,"href":"https:\/\/elultimotangle.es\/en\/wp-json\/wp\/v2\/product\/20436\/revisions\/20444"}],"wp:featuredmedia":[{"embeddable":true,"href":"https:\/\/elultimotangle.es\/en\/wp-json\/wp\/v2\/media\/20431"}],"wp:attachment":[{"href":"https:\/\/elultimotangle.es\/en\/wp-json\/wp\/v2\/media?parent=20436"}],"wp:term":[{"taxonomy":"product_brand","embeddable":true,"href":"https:\/\/elultimotangle.es\/en\/wp-json\/wp\/v2\/product_brand?post=20436"},{"taxonomy":"product_cat","embeddable":true,"href":"https:\/\/elultimotangle.es\/en\/wp-json\/wp\/v2\/product_cat?post=20436"},{"taxonomy":"product_tag","embeddable":true,"href":"https:\/\/elultimotangle.es\/en\/wp-json\/wp\/v2\/product_tag?post=20436"},{"taxonomy":"giftcard-category","embeddable":true,"href":"https:\/\/elultimotangle.es\/en\/wp-json\/wp\/v2\/giftcard-category?post=20436"}],"curies":[{"name":"wp","href":"https:\/\/api.w.org\/{rel}","templated":true}]}}