{"id":20311,"date":"2022-11-17T14:00:42","date_gmt":"2022-11-17T13:00:42","guid":{"rendered":"https:\/\/elultimotangle.es\/?post_type=product&#038;p=20311"},"modified":"2025-08-05T12:51:57","modified_gmt":"2025-08-05T11:51:57","slug":"taller-de-zenpoema-modernista","status":"publish","type":"product","link":"https:\/\/elultimotangle.es\/en\/product\/taller-de-zenpoema-modernista\/","title":{"rendered":"Modernist Zenpoem Workshop"},"content":{"rendered":"","protected":false},"excerpt":{"rendered":"<p>Zentangle and creative poetry united with Mar\u00eda Tovar CZT (Certified Zentangle Teacher). Discover the artist that you carry inside. Our star workshop !! We will work the page of a book individually both in the creation of the text and in its subsequent decoration with Zentangle. An intimate work with wonderful results.<\/p>","protected":false},"featured_media":20309,"comment_status":"open","ping_status":"closed","template":"","meta":{"_acf_changed":false,"_monsterinsights_skip_tracking":false,"_monsterinsights_sitenote_active":false,"_monsterinsights_sitenote_note":"","_monsterinsights_sitenote_category":0},"product_brand":[],"product_cat":[93],"product_tag":[579],"giftcard-category":[],"class_list":{"0":"post-20311","1":"product","2":"type-product","3":"status-publish","4":"has-post-thumbnail","6":"product_cat-zentangle","7":"product_tag-zenpoemamodernista","9":"first","10":"outofstock","11":"downloadable","12":"virtual","13":"sold-individually","14":"taxable","15":"purchasable","16":"product-type-simple"},"acf":{"youtube_recording":null},"yoast_head":"<!-- This site is optimized with the Yoast SEO plugin v24.8.1 - https:\/\/yoast.com\/wordpress\/plugins\/seo\/ -->\n<title>Taller de Zenpoema modernista - El \u00faltimo tangle<\/title>\n<meta name=\"robots\" content=\"index, follow, max-snippet:-1, max-image-preview:large, max-video-preview:-1\" \/>\n<link rel=\"canonical\" href=\"https:\/\/elultimotangle.es\/en\/product\/taller-de-zenpoema-modernista\/\" \/>\n<meta property=\"og:locale\" content=\"en_US\" \/>\n<meta property=\"og:type\" content=\"article\" \/>\n<meta property=\"og:title\" content=\"Taller de Zenpoema modernista - El \u00faltimo tangle\" \/>\n<meta property=\"og:description\" content=\"Zentangle y poesia creativa unidos con Mar\u00eda Tovar CZT (Profesora titulada en Zentangle). Descubre el artista que llevas en tu interior. Nuestro taller estrella!! Trabajaremos la p\u00e1gina de un libro de forma individual tanto en la creaci\u00f3n del texto como en su decoraci\u00f3n posterior con Zentangle. Un trabajo intimista y de maravilloso resultado.\" \/>\n<meta property=\"og:url\" content=\"https:\/\/elultimotangle.es\/en\/product\/taller-de-zenpoema-modernista\/\" \/>\n<meta property=\"og:site_name\" content=\"El \u00faltimo tangle\" \/>\n<meta property=\"article:modified_time\" content=\"2025-08-05T11:51:57+00:00\" \/>\n<meta property=\"og:image\" content=\"https:\/\/elultimotangle.es\/wp-content\/uploads\/slider88\/WhatsAppImage2022-11-17at130600.jpeg\" \/>\n\t<meta property=\"og:image:width\" content=\"1024\" \/>\n\t<meta property=\"og:image:height\" content=\"1024\" \/>\n\t<meta property=\"og:image:type\" content=\"image\/jpeg\" \/>\n<script type=\"application\/ld+json\" class=\"yoast-schema-graph\">{\"@context\":\"https:\/\/schema.org\",\"@graph\":[{\"@type\":\"WebPage\",\"@id\":\"https:\/\/elultimotangle.es\/producto\/taller-de-zenpoema-modernista\/\",\"url\":\"https:\/\/elultimotangle.es\/producto\/taller-de-zenpoema-modernista\/\",\"name\":\"Taller de Zenpoema modernista - El \u00faltimo tangle\",\"isPartOf\":{\"@id\":\"http:\/\/elultimotangle.es\/en\/#website\"},\"primaryImageOfPage\":{\"@id\":\"https:\/\/elultimotangle.es\/producto\/taller-de-zenpoema-modernista\/#primaryimage\"},\"image\":{\"@id\":\"https:\/\/elultimotangle.es\/producto\/taller-de-zenpoema-modernista\/#primaryimage\"},\"thumbnailUrl\":\"https:\/\/elultimotangle.es\/wp-content\/uploads\/slider88\/WhatsAppImage2022-11-17at130600.jpeg\",\"datePublished\":\"2022-11-17T13:00:42+00:00\",\"dateModified\":\"2025-08-05T11:51:57+00:00\",\"breadcrumb\":{\"@id\":\"https:\/\/elultimotangle.es\/producto\/taller-de-zenpoema-modernista\/#breadcrumb\"},\"inLanguage\":\"en-US\",\"potentialAction\":[{\"@type\":\"ReadAction\",\"target\":[\"https:\/\/elultimotangle.es\/producto\/taller-de-zenpoema-modernista\/\"]}]},{\"@type\":\"ImageObject\",\"inLanguage\":\"en-US\",\"@id\":\"https:\/\/elultimotangle.es\/producto\/taller-de-zenpoema-modernista\/#primaryimage\",\"url\":\"https:\/\/elultimotangle.es\/wp-content\/uploads\/slider88\/WhatsAppImage2022-11-17at130600.jpeg\",\"contentUrl\":\"https:\/\/elultimotangle.es\/wp-content\/uploads\/slider88\/WhatsAppImage2022-11-17at130600.jpeg\",\"width\":1024,\"height\":1024},{\"@type\":\"BreadcrumbList\",\"@id\":\"https:\/\/elultimotangle.es\/producto\/taller-de-zenpoema-modernista\/#breadcrumb\",\"itemListElement\":[{\"@type\":\"ListItem\",\"position\":1,\"name\":\"Portada\",\"item\":\"https:\/\/elultimotangle.es\/\"},{\"@type\":\"ListItem\",\"position\":2,\"name\":\"Products\",\"item\":\"http:\/\/elultimotangle.es\/en\/shop\/\"},{\"@type\":\"ListItem\",\"position\":3,\"name\":\"Taller de Zenpoema modernista\"}]},{\"@type\":\"WebSite\",\"@id\":\"http:\/\/elultimotangle.es\/en\/#website\",\"url\":\"http:\/\/elultimotangle.es\/en\/\",\"name\":\"El \u00faltimo tangle\",\"description\":\"Zentangle en espa\u00f1ol\",\"publisher\":{\"@id\":\"http:\/\/elultimotangle.es\/en\/#organization\"},\"potentialAction\":[{\"@type\":\"SearchAction\",\"target\":{\"@type\":\"EntryPoint\",\"urlTemplate\":\"http:\/\/elultimotangle.es\/en\/?s={search_term_string}\"},\"query-input\":{\"@type\":\"PropertyValueSpecification\",\"valueRequired\":true,\"valueName\":\"search_term_string\"}}],\"inLanguage\":\"en-US\"},{\"@type\":\"Organization\",\"@id\":\"http:\/\/elultimotangle.es\/en\/#organization\",\"name\":\"El \u00faltimo tangle\",\"url\":\"http:\/\/elultimotangle.es\/en\/\",\"logo\":{\"@type\":\"ImageObject\",\"inLanguage\":\"en-US\",\"@id\":\"http:\/\/elultimotangle.es\/en\/#\/schema\/logo\/image\/\",\"url\":\"https:\/\/elultimotangle.es\/wp-content\/uploads\/2019\/09\/cropped-LOGO-ZETA-ROJO-CUADRADO-alt.jpg\",\"contentUrl\":\"https:\/\/elultimotangle.es\/wp-content\/uploads\/2019\/09\/cropped-LOGO-ZETA-ROJO-CUADRADO-alt.jpg\",\"width\":576,\"height\":576,\"caption\":\"El \u00faltimo tangle\"},\"image\":{\"@id\":\"http:\/\/elultimotangle.es\/en\/#\/schema\/logo\/image\/\"}}]}<\/script>\n<!-- \/ Yoast SEO plugin. -->","yoast_head_json":{"title":"Taller de Zenpoema modernista - El \u00faltimo tangle","robots":{"index":"index","follow":"follow","max-snippet":"max-snippet:-1","max-image-preview":"max-image-preview:large","max-video-preview":"max-video-preview:-1"},"canonical":"https:\/\/elultimotangle.es\/en\/product\/taller-de-zenpoema-modernista\/","og_locale":"en_US","og_type":"article","og_title":"Taller de Zenpoema modernista - El \u00faltimo tangle","og_description":"Zentangle y poesia creativa unidos con Mar\u00eda Tovar CZT (Profesora titulada en Zentangle). Descubre el artista que llevas en tu interior. Nuestro taller estrella!! Trabajaremos la p\u00e1gina de un libro de forma individual tanto en la creaci\u00f3n del texto como en su decoraci\u00f3n posterior con Zentangle. Un trabajo intimista y de maravilloso resultado.","og_url":"https:\/\/elultimotangle.es\/en\/product\/taller-de-zenpoema-modernista\/","og_site_name":"El \u00faltimo tangle","article_modified_time":"2025-08-05T11:51:57+00:00","og_image":[{"width":1024,"height":1024,"url":"https:\/\/elultimotangle.es\/wp-content\/uploads\/slider88\/WhatsAppImage2022-11-17at130600.jpeg","type":"image\/jpeg"}],"schema":{"@context":"https:\/\/schema.org","@graph":[{"@type":"WebPage","@id":"https:\/\/elultimotangle.es\/producto\/taller-de-zenpoema-modernista\/","url":"https:\/\/elultimotangle.es\/producto\/taller-de-zenpoema-modernista\/","name":"Taller de Zenpoema modernista - El \u00faltimo tangle","isPartOf":{"@id":"http:\/\/elultimotangle.es\/en\/#website"},"primaryImageOfPage":{"@id":"https:\/\/elultimotangle.es\/producto\/taller-de-zenpoema-modernista\/#primaryimage"},"image":{"@id":"https:\/\/elultimotangle.es\/producto\/taller-de-zenpoema-modernista\/#primaryimage"},"thumbnailUrl":"https:\/\/elultimotangle.es\/wp-content\/uploads\/slider88\/WhatsAppImage2022-11-17at130600.jpeg","datePublished":"2022-11-17T13:00:42+00:00","dateModified":"2025-08-05T11:51:57+00:00","breadcrumb":{"@id":"https:\/\/elultimotangle.es\/producto\/taller-de-zenpoema-modernista\/#breadcrumb"},"inLanguage":"en-US","potentialAction":[{"@type":"ReadAction","target":["https:\/\/elultimotangle.es\/producto\/taller-de-zenpoema-modernista\/"]}]},{"@type":"ImageObject","inLanguage":"en-US","@id":"https:\/\/elultimotangle.es\/producto\/taller-de-zenpoema-modernista\/#primaryimage","url":"https:\/\/elultimotangle.es\/wp-content\/uploads\/slider88\/WhatsAppImage2022-11-17at130600.jpeg","contentUrl":"https:\/\/elultimotangle.es\/wp-content\/uploads\/slider88\/WhatsAppImage2022-11-17at130600.jpeg","width":1024,"height":1024},{"@type":"BreadcrumbList","@id":"https:\/\/elultimotangle.es\/producto\/taller-de-zenpoema-modernista\/#breadcrumb","itemListElement":[{"@type":"ListItem","position":1,"name":"Portada","item":"https:\/\/elultimotangle.es\/"},{"@type":"ListItem","position":2,"name":"Products","item":"http:\/\/elultimotangle.es\/en\/shop\/"},{"@type":"ListItem","position":3,"name":"Taller de Zenpoema modernista"}]},{"@type":"WebSite","@id":"http:\/\/elultimotangle.es\/en\/#website","url":"http:\/\/elultimotangle.es\/en\/","name":"El \u00faltimo tangle","description":"Zentangle en espa\u00f1ol","publisher":{"@id":"http:\/\/elultimotangle.es\/en\/#organization"},"potentialAction":[{"@type":"SearchAction","target":{"@type":"EntryPoint","urlTemplate":"http:\/\/elultimotangle.es\/en\/?s={search_term_string}"},"query-input":{"@type":"PropertyValueSpecification","valueRequired":true,"valueName":"search_term_string"}}],"inLanguage":"en-US"},{"@type":"Organization","@id":"http:\/\/elultimotangle.es\/en\/#organization","name":"El \u00faltimo tangle","url":"http:\/\/elultimotangle.es\/en\/","logo":{"@type":"ImageObject","inLanguage":"en-US","@id":"http:\/\/elultimotangle.es\/en\/#\/schema\/logo\/image\/","url":"https:\/\/elultimotangle.es\/wp-content\/uploads\/2019\/09\/cropped-LOGO-ZETA-ROJO-CUADRADO-alt.jpg","contentUrl":"https:\/\/elultimotangle.es\/wp-content\/uploads\/2019\/09\/cropped-LOGO-ZETA-ROJO-CUADRADO-alt.jpg","width":576,"height":576,"caption":"El \u00faltimo tangle"},"image":{"@id":"http:\/\/elultimotangle.es\/en\/#\/schema\/logo\/image\/"}}]}},"_links":{"self":[{"href":"https:\/\/elultimotangle.es\/en\/wp-json\/wp\/v2\/product\/20311","targetHints":{"allow":["GET"]}}],"collection":[{"href":"https:\/\/elultimotangle.es\/en\/wp-json\/wp\/v2\/product"}],"about":[{"href":"https:\/\/elultimotangle.es\/en\/wp-json\/wp\/v2\/types\/product"}],"replies":[{"embeddable":true,"href":"https:\/\/elultimotangle.es\/en\/wp-json\/wp\/v2\/comments?post=20311"}],"version-history":[{"count":2,"href":"https:\/\/elultimotangle.es\/en\/wp-json\/wp\/v2\/product\/20311\/revisions"}],"predecessor-version":[{"id":20601,"href":"https:\/\/elultimotangle.es\/en\/wp-json\/wp\/v2\/product\/20311\/revisions\/20601"}],"wp:featuredmedia":[{"embeddable":true,"href":"https:\/\/elultimotangle.es\/en\/wp-json\/wp\/v2\/media\/20309"}],"wp:attachment":[{"href":"https:\/\/elultimotangle.es\/en\/wp-json\/wp\/v2\/media?parent=20311"}],"wp:term":[{"taxonomy":"product_brand","embeddable":true,"href":"https:\/\/elultimotangle.es\/en\/wp-json\/wp\/v2\/product_brand?post=20311"},{"taxonomy":"product_cat","embeddable":true,"href":"https:\/\/elultimotangle.es\/en\/wp-json\/wp\/v2\/product_cat?post=20311"},{"taxonomy":"product_tag","embeddable":true,"href":"https:\/\/elultimotangle.es\/en\/wp-json\/wp\/v2\/product_tag?post=20311"},{"taxonomy":"giftcard-category","embeddable":true,"href":"https:\/\/elultimotangle.es\/en\/wp-json\/wp\/v2\/giftcard-category?post=20311"}],"curies":[{"name":"wp","href":"https:\/\/api.w.org\/{rel}","templated":true}]}}