{"id":20191,"date":"2022-11-11T16:20:28","date_gmt":"2022-11-11T15:20:28","guid":{"rendered":"https:\/\/elultimotangle.es\/?post_type=product&#038;p=20191"},"modified":"2023-08-22T13:18:44","modified_gmt":"2023-08-22T12:18:44","slug":"taller-de-la-tesela-mayolica","status":"publish","type":"product","link":"https:\/\/elultimotangle.es\/en\/product\/taller-de-la-tesela-mayolica\/","title":{"rendered":"Majolica Tile Online Workshop"},"content":{"rendered":"","protected":false},"excerpt":{"rendered":"<p>Majolica ceramic was a chance discovery by the Arabs in the 11th century when they tried to imitate Chinese ceramics. They are made of glazed earthenware and decorated with a glaze composed of cobalt oxide (greenish blue) and copper or manganese (brown). It spread throughout Spain and the island of Mallorca became the largest exporter of this Hispano-Moorish pottery during the Middle Ages. At Zentangle we embrace chance discoveries as a creative gift to our artistic and above all personal development. The workshop is taught online through Zoom application.<\/p>","protected":false},"featured_media":20192,"comment_status":"open","ping_status":"closed","template":"","meta":{"_acf_changed":false,"_monsterinsights_skip_tracking":false,"_monsterinsights_sitenote_active":false,"_monsterinsights_sitenote_note":"","_monsterinsights_sitenote_category":0},"product_brand":[],"product_cat":[93],"product_tag":[577],"giftcard-category":[],"class_list":{"0":"post-20191","1":"product","2":"type-product","3":"status-publish","4":"has-post-thumbnail","6":"product_cat-zentangle","7":"product_tag-teselamayolica","9":"first","10":"instock","11":"downloadable","12":"virtual","13":"sold-individually","14":"taxable","15":"purchasable","16":"product-type-simple"},"acf":{"youtube_recording":null},"yoast_head":"<!-- This site is optimized with the Yoast SEO plugin v24.8.1 - https:\/\/yoast.com\/wordpress\/plugins\/seo\/ -->\n<title>Taller online de la Tesela May\u00f3lica - El \u00faltimo tangle<\/title>\n<meta name=\"robots\" content=\"index, follow, max-snippet:-1, max-image-preview:large, max-video-preview:-1\" \/>\n<link rel=\"canonical\" href=\"https:\/\/elultimotangle.es\/en\/product\/taller-de-la-tesela-mayolica\/\" \/>\n<meta property=\"og:locale\" content=\"en_US\" \/>\n<meta property=\"og:type\" content=\"article\" \/>\n<meta property=\"og:title\" content=\"Taller online de la Tesela May\u00f3lica - El \u00faltimo tangle\" \/>\n<meta property=\"og:description\" content=\"La cer\u00e1mica May\u00f3lica fue un hallazgo casual por parte de los \u00e1rabes en el siglo XI al tratar de imitar la cer\u00e1mica china. Est\u00e1n elaboradas en barro cocido vidriado y decorado con esmalte compuesto por \u00f3xido de cobalto (azul verdoso) y cobre o manganeso (marrones). Se extendi\u00f3 por Espa\u00f1a y la isla de Mallorca se convirti\u00f3 en la mayor exportadora durante la Edad Media de esta cer\u00e1mica hispano-morisca. En Zentangle abrazamos los descubrimientos por azar como un regalo creativo a nuestro desarrollo art\u00edstico y sobre todo personal. El taller se imparte de forma online por la aplicaci\u00f3n Zoom.\" \/>\n<meta property=\"og:url\" content=\"https:\/\/elultimotangle.es\/en\/product\/taller-de-la-tesela-mayolica\/\" \/>\n<meta property=\"og:site_name\" content=\"El \u00faltimo tangle\" \/>\n<meta property=\"article:modified_time\" content=\"2023-08-22T12:18:44+00:00\" \/>\n<meta property=\"og:image\" content=\"https:\/\/elultimotangle.es\/wp-content\/uploads\/2022\/11\/WhatsApp-Image-2022-11-11-at-15.15.22.jpeg\" \/>\n\t<meta property=\"og:image:width\" content=\"987\" \/>\n\t<meta property=\"og:image:height\" content=\"1024\" \/>\n\t<meta property=\"og:image:type\" content=\"image\/jpeg\" \/>\n<script type=\"application\/ld+json\" class=\"yoast-schema-graph\">{\"@context\":\"https:\/\/schema.org\",\"@graph\":[{\"@type\":\"WebPage\",\"@id\":\"https:\/\/elultimotangle.es\/producto\/taller-de-la-tesela-mayolica\/\",\"url\":\"https:\/\/elultimotangle.es\/producto\/taller-de-la-tesela-mayolica\/\",\"name\":\"Taller online de la Tesela May\u00f3lica - El \u00faltimo tangle\",\"isPartOf\":{\"@id\":\"http:\/\/elultimotangle.es\/en\/#website\"},\"primaryImageOfPage\":{\"@id\":\"https:\/\/elultimotangle.es\/producto\/taller-de-la-tesela-mayolica\/#primaryimage\"},\"image\":{\"@id\":\"https:\/\/elultimotangle.es\/producto\/taller-de-la-tesela-mayolica\/#primaryimage\"},\"thumbnailUrl\":\"https:\/\/elultimotangle.es\/wp-content\/uploads\/2022\/11\/WhatsApp-Image-2022-11-11-at-15.15.22.jpeg\",\"datePublished\":\"2022-11-11T15:20:28+00:00\",\"dateModified\":\"2023-08-22T12:18:44+00:00\",\"breadcrumb\":{\"@id\":\"https:\/\/elultimotangle.es\/producto\/taller-de-la-tesela-mayolica\/#breadcrumb\"},\"inLanguage\":\"en-US\",\"potentialAction\":[{\"@type\":\"ReadAction\",\"target\":[\"https:\/\/elultimotangle.es\/producto\/taller-de-la-tesela-mayolica\/\"]}]},{\"@type\":\"ImageObject\",\"inLanguage\":\"en-US\",\"@id\":\"https:\/\/elultimotangle.es\/producto\/taller-de-la-tesela-mayolica\/#primaryimage\",\"url\":\"https:\/\/elultimotangle.es\/wp-content\/uploads\/2022\/11\/WhatsApp-Image-2022-11-11-at-15.15.22.jpeg\",\"contentUrl\":\"https:\/\/elultimotangle.es\/wp-content\/uploads\/2022\/11\/WhatsApp-Image-2022-11-11-at-15.15.22.jpeg\",\"width\":987,\"height\":1024},{\"@type\":\"BreadcrumbList\",\"@id\":\"https:\/\/elultimotangle.es\/producto\/taller-de-la-tesela-mayolica\/#breadcrumb\",\"itemListElement\":[{\"@type\":\"ListItem\",\"position\":1,\"name\":\"Portada\",\"item\":\"https:\/\/elultimotangle.es\/\"},{\"@type\":\"ListItem\",\"position\":2,\"name\":\"Products\",\"item\":\"http:\/\/elultimotangle.es\/en\/shop\/\"},{\"@type\":\"ListItem\",\"position\":3,\"name\":\"Taller online de la Tesela May\u00f3lica\"}]},{\"@type\":\"WebSite\",\"@id\":\"http:\/\/elultimotangle.es\/en\/#website\",\"url\":\"http:\/\/elultimotangle.es\/en\/\",\"name\":\"El \u00faltimo tangle\",\"description\":\"Zentangle en espa\u00f1ol\",\"publisher\":{\"@id\":\"http:\/\/elultimotangle.es\/en\/#organization\"},\"potentialAction\":[{\"@type\":\"SearchAction\",\"target\":{\"@type\":\"EntryPoint\",\"urlTemplate\":\"http:\/\/elultimotangle.es\/en\/?s={search_term_string}\"},\"query-input\":{\"@type\":\"PropertyValueSpecification\",\"valueRequired\":true,\"valueName\":\"search_term_string\"}}],\"inLanguage\":\"en-US\"},{\"@type\":\"Organization\",\"@id\":\"http:\/\/elultimotangle.es\/en\/#organization\",\"name\":\"El \u00faltimo tangle\",\"url\":\"http:\/\/elultimotangle.es\/en\/\",\"logo\":{\"@type\":\"ImageObject\",\"inLanguage\":\"en-US\",\"@id\":\"http:\/\/elultimotangle.es\/en\/#\/schema\/logo\/image\/\",\"url\":\"https:\/\/elultimotangle.es\/wp-content\/uploads\/2019\/09\/cropped-LOGO-ZETA-ROJO-CUADRADO-alt.jpg\",\"contentUrl\":\"https:\/\/elultimotangle.es\/wp-content\/uploads\/2019\/09\/cropped-LOGO-ZETA-ROJO-CUADRADO-alt.jpg\",\"width\":576,\"height\":576,\"caption\":\"El \u00faltimo tangle\"},\"image\":{\"@id\":\"http:\/\/elultimotangle.es\/en\/#\/schema\/logo\/image\/\"}}]}<\/script>\n<!-- \/ Yoast SEO plugin. -->","yoast_head_json":{"title":"Taller online de la Tesela May\u00f3lica - El \u00faltimo tangle","robots":{"index":"index","follow":"follow","max-snippet":"max-snippet:-1","max-image-preview":"max-image-preview:large","max-video-preview":"max-video-preview:-1"},"canonical":"https:\/\/elultimotangle.es\/en\/product\/taller-de-la-tesela-mayolica\/","og_locale":"en_US","og_type":"article","og_title":"Taller online de la Tesela May\u00f3lica - El \u00faltimo tangle","og_description":"La cer\u00e1mica May\u00f3lica fue un hallazgo casual por parte de los \u00e1rabes en el siglo XI al tratar de imitar la cer\u00e1mica china. Est\u00e1n elaboradas en barro cocido vidriado y decorado con esmalte compuesto por \u00f3xido de cobalto (azul verdoso) y cobre o manganeso (marrones). Se extendi\u00f3 por Espa\u00f1a y la isla de Mallorca se convirti\u00f3 en la mayor exportadora durante la Edad Media de esta cer\u00e1mica hispano-morisca. En Zentangle abrazamos los descubrimientos por azar como un regalo creativo a nuestro desarrollo art\u00edstico y sobre todo personal. El taller se imparte de forma online por la aplicaci\u00f3n Zoom.","og_url":"https:\/\/elultimotangle.es\/en\/product\/taller-de-la-tesela-mayolica\/","og_site_name":"El \u00faltimo tangle","article_modified_time":"2023-08-22T12:18:44+00:00","og_image":[{"width":987,"height":1024,"url":"https:\/\/elultimotangle.es\/wp-content\/uploads\/2022\/11\/WhatsApp-Image-2022-11-11-at-15.15.22.jpeg","type":"image\/jpeg"}],"schema":{"@context":"https:\/\/schema.org","@graph":[{"@type":"WebPage","@id":"https:\/\/elultimotangle.es\/producto\/taller-de-la-tesela-mayolica\/","url":"https:\/\/elultimotangle.es\/producto\/taller-de-la-tesela-mayolica\/","name":"Taller online de la Tesela May\u00f3lica - El \u00faltimo tangle","isPartOf":{"@id":"http:\/\/elultimotangle.es\/en\/#website"},"primaryImageOfPage":{"@id":"https:\/\/elultimotangle.es\/producto\/taller-de-la-tesela-mayolica\/#primaryimage"},"image":{"@id":"https:\/\/elultimotangle.es\/producto\/taller-de-la-tesela-mayolica\/#primaryimage"},"thumbnailUrl":"https:\/\/elultimotangle.es\/wp-content\/uploads\/2022\/11\/WhatsApp-Image-2022-11-11-at-15.15.22.jpeg","datePublished":"2022-11-11T15:20:28+00:00","dateModified":"2023-08-22T12:18:44+00:00","breadcrumb":{"@id":"https:\/\/elultimotangle.es\/producto\/taller-de-la-tesela-mayolica\/#breadcrumb"},"inLanguage":"en-US","potentialAction":[{"@type":"ReadAction","target":["https:\/\/elultimotangle.es\/producto\/taller-de-la-tesela-mayolica\/"]}]},{"@type":"ImageObject","inLanguage":"en-US","@id":"https:\/\/elultimotangle.es\/producto\/taller-de-la-tesela-mayolica\/#primaryimage","url":"https:\/\/elultimotangle.es\/wp-content\/uploads\/2022\/11\/WhatsApp-Image-2022-11-11-at-15.15.22.jpeg","contentUrl":"https:\/\/elultimotangle.es\/wp-content\/uploads\/2022\/11\/WhatsApp-Image-2022-11-11-at-15.15.22.jpeg","width":987,"height":1024},{"@type":"BreadcrumbList","@id":"https:\/\/elultimotangle.es\/producto\/taller-de-la-tesela-mayolica\/#breadcrumb","itemListElement":[{"@type":"ListItem","position":1,"name":"Portada","item":"https:\/\/elultimotangle.es\/"},{"@type":"ListItem","position":2,"name":"Products","item":"http:\/\/elultimotangle.es\/en\/shop\/"},{"@type":"ListItem","position":3,"name":"Taller online de la Tesela May\u00f3lica"}]},{"@type":"WebSite","@id":"http:\/\/elultimotangle.es\/en\/#website","url":"http:\/\/elultimotangle.es\/en\/","name":"El \u00faltimo tangle","description":"Zentangle en espa\u00f1ol","publisher":{"@id":"http:\/\/elultimotangle.es\/en\/#organization"},"potentialAction":[{"@type":"SearchAction","target":{"@type":"EntryPoint","urlTemplate":"http:\/\/elultimotangle.es\/en\/?s={search_term_string}"},"query-input":{"@type":"PropertyValueSpecification","valueRequired":true,"valueName":"search_term_string"}}],"inLanguage":"en-US"},{"@type":"Organization","@id":"http:\/\/elultimotangle.es\/en\/#organization","name":"El \u00faltimo tangle","url":"http:\/\/elultimotangle.es\/en\/","logo":{"@type":"ImageObject","inLanguage":"en-US","@id":"http:\/\/elultimotangle.es\/en\/#\/schema\/logo\/image\/","url":"https:\/\/elultimotangle.es\/wp-content\/uploads\/2019\/09\/cropped-LOGO-ZETA-ROJO-CUADRADO-alt.jpg","contentUrl":"https:\/\/elultimotangle.es\/wp-content\/uploads\/2019\/09\/cropped-LOGO-ZETA-ROJO-CUADRADO-alt.jpg","width":576,"height":576,"caption":"El \u00faltimo tangle"},"image":{"@id":"http:\/\/elultimotangle.es\/en\/#\/schema\/logo\/image\/"}}]}},"_links":{"self":[{"href":"https:\/\/elultimotangle.es\/en\/wp-json\/wp\/v2\/product\/20191","targetHints":{"allow":["GET"]}}],"collection":[{"href":"https:\/\/elultimotangle.es\/en\/wp-json\/wp\/v2\/product"}],"about":[{"href":"https:\/\/elultimotangle.es\/en\/wp-json\/wp\/v2\/types\/product"}],"replies":[{"embeddable":true,"href":"https:\/\/elultimotangle.es\/en\/wp-json\/wp\/v2\/comments?post=20191"}],"version-history":[{"count":6,"href":"https:\/\/elultimotangle.es\/en\/wp-json\/wp\/v2\/product\/20191\/revisions"}],"predecessor-version":[{"id":20344,"href":"https:\/\/elultimotangle.es\/en\/wp-json\/wp\/v2\/product\/20191\/revisions\/20344"}],"wp:featuredmedia":[{"embeddable":true,"href":"https:\/\/elultimotangle.es\/en\/wp-json\/wp\/v2\/media\/20192"}],"wp:attachment":[{"href":"https:\/\/elultimotangle.es\/en\/wp-json\/wp\/v2\/media?parent=20191"}],"wp:term":[{"taxonomy":"product_brand","embeddable":true,"href":"https:\/\/elultimotangle.es\/en\/wp-json\/wp\/v2\/product_brand?post=20191"},{"taxonomy":"product_cat","embeddable":true,"href":"https:\/\/elultimotangle.es\/en\/wp-json\/wp\/v2\/product_cat?post=20191"},{"taxonomy":"product_tag","embeddable":true,"href":"https:\/\/elultimotangle.es\/en\/wp-json\/wp\/v2\/product_tag?post=20191"},{"taxonomy":"giftcard-category","embeddable":true,"href":"https:\/\/elultimotangle.es\/en\/wp-json\/wp\/v2\/giftcard-category?post=20191"}],"curies":[{"name":"wp","href":"https:\/\/api.w.org\/{rel}","templated":true}]}}