{"id":19494,"date":"2022-09-06T12:34:07","date_gmt":"2022-09-06T11:34:07","guid":{"rendered":"https:\/\/elultimotangle.es\/?post_type=product&#038;p=19494"},"modified":"2025-12-28T10:54:01","modified_gmt":"2025-12-28T09:54:01","slug":"tesela-circular","status":"publish","type":"product","link":"https:\/\/elultimotangle.es\/en\/product\/tesela-circular\/","title":{"rendered":"Tesela circular"},"content":{"rendered":"","protected":false},"excerpt":{"rendered":"<p>Paquete de 10 unidades de teselas circulares tipo Zendala de 11.5 cm de di\u00e1metro cortadas a troquel en papel de algod\u00f3n.<\/p>","protected":false},"featured_media":19504,"comment_status":"open","ping_status":"closed","template":"","meta":{"_acf_changed":false,"_monsterinsights_skip_tracking":false,"_monsterinsights_sitenote_active":false,"_monsterinsights_sitenote_note":"","_monsterinsights_sitenote_category":0},"product_brand":[],"product_cat":[570],"product_tag":[],"giftcard-category":[],"class_list":{"0":"post-19494","1":"product","2":"type-product","3":"status-publish","4":"has-post-thumbnail","6":"product_cat-teselas","8":"first","9":"instock","10":"taxable","11":"shipping-taxable","12":"purchasable","13":"product-type-variable"},"acf":{"youtube_recording":null},"yoast_head":"<!-- This site is optimized with the Yoast SEO plugin v24.8.1 - https:\/\/yoast.com\/wordpress\/plugins\/seo\/ -->\n<title>Tesela circular - El \u00faltimo tangle<\/title>\n<meta name=\"robots\" content=\"index, follow, max-snippet:-1, max-image-preview:large, max-video-preview:-1\" \/>\n<link rel=\"canonical\" href=\"https:\/\/elultimotangle.es\/en\/product\/tesela-circular\/\" \/>\n<meta property=\"og:locale\" content=\"en_US\" \/>\n<meta property=\"og:type\" content=\"article\" \/>\n<meta property=\"og:title\" content=\"Tesela circular - El \u00faltimo tangle\" \/>\n<meta property=\"og:description\" content=\"Paquete de 10 unidades de teselas circulares tipo Zendala de 11.5 cm de di\u00e1metro cortadas a troquel en papel de algod\u00f3n.\" \/>\n<meta property=\"og:url\" content=\"https:\/\/elultimotangle.es\/en\/product\/tesela-circular\/\" \/>\n<meta property=\"og:site_name\" content=\"El \u00faltimo tangle\" \/>\n<meta property=\"article:modified_time\" content=\"2025-12-28T09:54:01+00:00\" \/>\n<meta property=\"og:image\" content=\"https:\/\/elultimotangle.es\/wp-content\/uploads\/2022\/09\/20220906_140619-min-scaled.jpg\" \/>\n\t<meta property=\"og:image:width\" content=\"1915\" \/>\n\t<meta property=\"og:image:height\" content=\"2560\" \/>\n\t<meta property=\"og:image:type\" content=\"image\/jpeg\" \/>\n<script type=\"application\/ld+json\" class=\"yoast-schema-graph\">{\"@context\":\"https:\/\/schema.org\",\"@graph\":[{\"@type\":\"WebPage\",\"@id\":\"https:\/\/elultimotangle.es\/producto\/tesela-circular\/\",\"url\":\"https:\/\/elultimotangle.es\/producto\/tesela-circular\/\",\"name\":\"Tesela circular - El \u00faltimo tangle\",\"isPartOf\":{\"@id\":\"http:\/\/elultimotangle.es\/en\/#website\"},\"primaryImageOfPage\":{\"@id\":\"https:\/\/elultimotangle.es\/producto\/tesela-circular\/#primaryimage\"},\"image\":{\"@id\":\"https:\/\/elultimotangle.es\/producto\/tesela-circular\/#primaryimage\"},\"thumbnailUrl\":\"https:\/\/elultimotangle.es\/wp-content\/uploads\/2022\/09\/20220906_140619-min-scaled.jpg\",\"datePublished\":\"2022-09-06T11:34:07+00:00\",\"dateModified\":\"2025-12-28T09:54:01+00:00\",\"breadcrumb\":{\"@id\":\"https:\/\/elultimotangle.es\/producto\/tesela-circular\/#breadcrumb\"},\"inLanguage\":\"en-US\",\"potentialAction\":[{\"@type\":\"ReadAction\",\"target\":[\"https:\/\/elultimotangle.es\/producto\/tesela-circular\/\"]}]},{\"@type\":\"ImageObject\",\"inLanguage\":\"en-US\",\"@id\":\"https:\/\/elultimotangle.es\/producto\/tesela-circular\/#primaryimage\",\"url\":\"https:\/\/elultimotangle.es\/wp-content\/uploads\/2022\/09\/20220906_140619-min-scaled.jpg\",\"contentUrl\":\"https:\/\/elultimotangle.es\/wp-content\/uploads\/2022\/09\/20220906_140619-min-scaled.jpg\",\"width\":1915,\"height\":2560},{\"@type\":\"BreadcrumbList\",\"@id\":\"https:\/\/elultimotangle.es\/producto\/tesela-circular\/#breadcrumb\",\"itemListElement\":[{\"@type\":\"ListItem\",\"position\":1,\"name\":\"Portada\",\"item\":\"https:\/\/elultimotangle.es\/\"},{\"@type\":\"ListItem\",\"position\":2,\"name\":\"Products\",\"item\":\"http:\/\/elultimotangle.es\/en\/shop\/\"},{\"@type\":\"ListItem\",\"position\":3,\"name\":\"Tesela circular\"}]},{\"@type\":\"WebSite\",\"@id\":\"http:\/\/elultimotangle.es\/en\/#website\",\"url\":\"http:\/\/elultimotangle.es\/en\/\",\"name\":\"El \u00faltimo tangle\",\"description\":\"Zentangle en espa\u00f1ol\",\"publisher\":{\"@id\":\"http:\/\/elultimotangle.es\/en\/#organization\"},\"potentialAction\":[{\"@type\":\"SearchAction\",\"target\":{\"@type\":\"EntryPoint\",\"urlTemplate\":\"http:\/\/elultimotangle.es\/en\/?s={search_term_string}\"},\"query-input\":{\"@type\":\"PropertyValueSpecification\",\"valueRequired\":true,\"valueName\":\"search_term_string\"}}],\"inLanguage\":\"en-US\"},{\"@type\":\"Organization\",\"@id\":\"http:\/\/elultimotangle.es\/en\/#organization\",\"name\":\"El \u00faltimo tangle\",\"url\":\"http:\/\/elultimotangle.es\/en\/\",\"logo\":{\"@type\":\"ImageObject\",\"inLanguage\":\"en-US\",\"@id\":\"http:\/\/elultimotangle.es\/en\/#\/schema\/logo\/image\/\",\"url\":\"https:\/\/elultimotangle.es\/wp-content\/uploads\/2019\/09\/cropped-LOGO-ZETA-ROJO-CUADRADO-alt.jpg\",\"contentUrl\":\"https:\/\/elultimotangle.es\/wp-content\/uploads\/2019\/09\/cropped-LOGO-ZETA-ROJO-CUADRADO-alt.jpg\",\"width\":576,\"height\":576,\"caption\":\"El \u00faltimo tangle\"},\"image\":{\"@id\":\"http:\/\/elultimotangle.es\/en\/#\/schema\/logo\/image\/\"}}]}<\/script>\n<!-- \/ Yoast SEO plugin. -->","yoast_head_json":{"title":"Tesela circular - El \u00faltimo tangle","robots":{"index":"index","follow":"follow","max-snippet":"max-snippet:-1","max-image-preview":"max-image-preview:large","max-video-preview":"max-video-preview:-1"},"canonical":"https:\/\/elultimotangle.es\/en\/product\/tesela-circular\/","og_locale":"en_US","og_type":"article","og_title":"Tesela circular - El \u00faltimo tangle","og_description":"Paquete de 10 unidades de teselas circulares tipo Zendala de 11.5 cm de di\u00e1metro cortadas a troquel en papel de algod\u00f3n.","og_url":"https:\/\/elultimotangle.es\/en\/product\/tesela-circular\/","og_site_name":"El \u00faltimo tangle","article_modified_time":"2025-12-28T09:54:01+00:00","og_image":[{"width":1915,"height":2560,"url":"https:\/\/elultimotangle.es\/wp-content\/uploads\/2022\/09\/20220906_140619-min-scaled.jpg","type":"image\/jpeg"}],"schema":{"@context":"https:\/\/schema.org","@graph":[{"@type":"WebPage","@id":"https:\/\/elultimotangle.es\/producto\/tesela-circular\/","url":"https:\/\/elultimotangle.es\/producto\/tesela-circular\/","name":"Tesela circular - El \u00faltimo tangle","isPartOf":{"@id":"http:\/\/elultimotangle.es\/en\/#website"},"primaryImageOfPage":{"@id":"https:\/\/elultimotangle.es\/producto\/tesela-circular\/#primaryimage"},"image":{"@id":"https:\/\/elultimotangle.es\/producto\/tesela-circular\/#primaryimage"},"thumbnailUrl":"https:\/\/elultimotangle.es\/wp-content\/uploads\/2022\/09\/20220906_140619-min-scaled.jpg","datePublished":"2022-09-06T11:34:07+00:00","dateModified":"2025-12-28T09:54:01+00:00","breadcrumb":{"@id":"https:\/\/elultimotangle.es\/producto\/tesela-circular\/#breadcrumb"},"inLanguage":"en-US","potentialAction":[{"@type":"ReadAction","target":["https:\/\/elultimotangle.es\/producto\/tesela-circular\/"]}]},{"@type":"ImageObject","inLanguage":"en-US","@id":"https:\/\/elultimotangle.es\/producto\/tesela-circular\/#primaryimage","url":"https:\/\/elultimotangle.es\/wp-content\/uploads\/2022\/09\/20220906_140619-min-scaled.jpg","contentUrl":"https:\/\/elultimotangle.es\/wp-content\/uploads\/2022\/09\/20220906_140619-min-scaled.jpg","width":1915,"height":2560},{"@type":"BreadcrumbList","@id":"https:\/\/elultimotangle.es\/producto\/tesela-circular\/#breadcrumb","itemListElement":[{"@type":"ListItem","position":1,"name":"Portada","item":"https:\/\/elultimotangle.es\/"},{"@type":"ListItem","position":2,"name":"Products","item":"http:\/\/elultimotangle.es\/en\/shop\/"},{"@type":"ListItem","position":3,"name":"Tesela circular"}]},{"@type":"WebSite","@id":"http:\/\/elultimotangle.es\/en\/#website","url":"http:\/\/elultimotangle.es\/en\/","name":"El \u00faltimo tangle","description":"Zentangle en espa\u00f1ol","publisher":{"@id":"http:\/\/elultimotangle.es\/en\/#organization"},"potentialAction":[{"@type":"SearchAction","target":{"@type":"EntryPoint","urlTemplate":"http:\/\/elultimotangle.es\/en\/?s={search_term_string}"},"query-input":{"@type":"PropertyValueSpecification","valueRequired":true,"valueName":"search_term_string"}}],"inLanguage":"en-US"},{"@type":"Organization","@id":"http:\/\/elultimotangle.es\/en\/#organization","name":"El \u00faltimo tangle","url":"http:\/\/elultimotangle.es\/en\/","logo":{"@type":"ImageObject","inLanguage":"en-US","@id":"http:\/\/elultimotangle.es\/en\/#\/schema\/logo\/image\/","url":"https:\/\/elultimotangle.es\/wp-content\/uploads\/2019\/09\/cropped-LOGO-ZETA-ROJO-CUADRADO-alt.jpg","contentUrl":"https:\/\/elultimotangle.es\/wp-content\/uploads\/2019\/09\/cropped-LOGO-ZETA-ROJO-CUADRADO-alt.jpg","width":576,"height":576,"caption":"El \u00faltimo tangle"},"image":{"@id":"http:\/\/elultimotangle.es\/en\/#\/schema\/logo\/image\/"}}]}},"_links":{"self":[{"href":"https:\/\/elultimotangle.es\/en\/wp-json\/wp\/v2\/product\/19494","targetHints":{"allow":["GET"]}}],"collection":[{"href":"https:\/\/elultimotangle.es\/en\/wp-json\/wp\/v2\/product"}],"about":[{"href":"https:\/\/elultimotangle.es\/en\/wp-json\/wp\/v2\/types\/product"}],"replies":[{"embeddable":true,"href":"https:\/\/elultimotangle.es\/en\/wp-json\/wp\/v2\/comments?post=19494"}],"version-history":[{"count":4,"href":"https:\/\/elultimotangle.es\/en\/wp-json\/wp\/v2\/product\/19494\/revisions"}],"predecessor-version":[{"id":23214,"href":"https:\/\/elultimotangle.es\/en\/wp-json\/wp\/v2\/product\/19494\/revisions\/23214"}],"wp:featuredmedia":[{"embeddable":true,"href":"https:\/\/elultimotangle.es\/en\/wp-json\/wp\/v2\/media\/19504"}],"wp:attachment":[{"href":"https:\/\/elultimotangle.es\/en\/wp-json\/wp\/v2\/media?parent=19494"}],"wp:term":[{"taxonomy":"product_brand","embeddable":true,"href":"https:\/\/elultimotangle.es\/en\/wp-json\/wp\/v2\/product_brand?post=19494"},{"taxonomy":"product_cat","embeddable":true,"href":"https:\/\/elultimotangle.es\/en\/wp-json\/wp\/v2\/product_cat?post=19494"},{"taxonomy":"product_tag","embeddable":true,"href":"https:\/\/elultimotangle.es\/en\/wp-json\/wp\/v2\/product_tag?post=19494"},{"taxonomy":"giftcard-category","embeddable":true,"href":"https:\/\/elultimotangle.es\/en\/wp-json\/wp\/v2\/giftcard-category?post=19494"}],"curies":[{"name":"wp","href":"https:\/\/api.w.org\/{rel}","templated":true}]}}