{"id":19421,"date":"2022-08-30T13:22:00","date_gmt":"2022-08-30T12:22:00","guid":{"rendered":"https:\/\/elultimotangle.es\/?post_type=product&#038;p=19421"},"modified":"2026-04-01T16:35:45","modified_gmt":"2026-04-01T15:35:45","slug":"taller-de-iniciacion-a-caligrafia-akim-22","status":"publish","type":"product","link":"https:\/\/elultimotangle.es\/en\/product\/taller-de-iniciacion-a-caligrafia-akim-22\/","title":{"rendered":"Initiation to Akim Calligraphy Workshop"},"content":{"rendered":"","protected":false},"excerpt":{"rendered":"<p>Akim Calligraphy was created by a German sculptor, musician, and calligrapher named Hans Joachim Burgert, who wanted to replicate the rhythm of the human heart. This calligraphy radically breaks with traditional calligraphy. It is not a letter to be read but to be admired as a true work of art for its rhythm, its arches, its graphics, etc.<\/p>","protected":false},"featured_media":10760,"comment_status":"open","ping_status":"closed","template":"","meta":{"_acf_changed":false,"_monsterinsights_skip_tracking":false,"_monsterinsights_sitenote_active":false,"_monsterinsights_sitenote_note":"","_monsterinsights_sitenote_category":0},"product_brand":[],"product_cat":[142,738],"product_tag":[213],"giftcard-category":[],"class_list":{"0":"post-19421","1":"product","2":"type-product","3":"status-publish","4":"has-post-thumbnail","6":"product_cat-caligrafia","7":"product_cat-talleres-grabados","8":"product_tag-akimini","10":"first","11":"instock","12":"downloadable","13":"virtual","14":"sold-individually","15":"taxable","16":"purchasable","17":"product-type-simple"},"acf":{"youtube_recording":null},"yoast_head":"<!-- This site is optimized with the Yoast SEO plugin v24.8.1 - https:\/\/yoast.com\/wordpress\/plugins\/seo\/ -->\n<title>Taller Online de Iniciaci\u00f3n a Caligrafia Akim - El \u00faltimo tangle<\/title>\n<meta name=\"robots\" content=\"index, follow, max-snippet:-1, max-image-preview:large, max-video-preview:-1\" \/>\n<link rel=\"canonical\" href=\"https:\/\/elultimotangle.es\/en\/product\/taller-de-iniciacion-a-caligrafia-akim-22\/\" \/>\n<meta property=\"og:locale\" content=\"en_US\" \/>\n<meta property=\"og:type\" content=\"article\" \/>\n<meta property=\"og:title\" content=\"Taller Online de Iniciaci\u00f3n a Caligrafia Akim - El \u00faltimo tangle\" \/>\n<meta property=\"og:description\" content=\"La Caligraf\u00eda Akim fue creada por un escultor, m\u00fasico y cal\u00edgrafo alem\u00e1n llamado Hans Joachim Burgert, que quiso replicar el ritmo del coraz\u00f3n humano. Esta caligraf\u00eda rompe radicamente con la caligraf\u00eda tradicional. No es una letra para ser le\u00edda sino para ser admirada como una aut\u00e9ntica obra de arte por su ritmo, sus arcos, su gr\u00e1fica, etc.\" \/>\n<meta property=\"og:url\" content=\"https:\/\/elultimotangle.es\/en\/product\/taller-de-iniciacion-a-caligrafia-akim-22\/\" \/>\n<meta property=\"og:site_name\" content=\"El \u00faltimo tangle\" \/>\n<meta property=\"article:modified_time\" content=\"2026-04-01T15:35:45+00:00\" \/>\n<meta property=\"og:image\" content=\"https:\/\/elultimotangle.es\/wp-content\/uploads\/slider43\/AKIMCUADRADO4.jpeg\" \/>\n\t<meta property=\"og:image:width\" content=\"800\" \/>\n\t<meta property=\"og:image:height\" content=\"800\" \/>\n\t<meta property=\"og:image:type\" content=\"image\/jpeg\" \/>\n<meta name=\"twitter:label1\" content=\"Est. reading time\" \/>\n\t<meta name=\"twitter:data1\" content=\"1 minute\" \/>\n<script type=\"application\/ld+json\" class=\"yoast-schema-graph\">{\"@context\":\"https:\/\/schema.org\",\"@graph\":[{\"@type\":\"WebPage\",\"@id\":\"https:\/\/elultimotangle.es\/producto\/taller-de-iniciacion-a-caligrafia-akim-22\/\",\"url\":\"https:\/\/elultimotangle.es\/producto\/taller-de-iniciacion-a-caligrafia-akim-22\/\",\"name\":\"Taller Online de Iniciaci\u00f3n a Caligrafia Akim - El \u00faltimo tangle\",\"isPartOf\":{\"@id\":\"http:\/\/elultimotangle.es\/en\/#website\"},\"primaryImageOfPage\":{\"@id\":\"https:\/\/elultimotangle.es\/producto\/taller-de-iniciacion-a-caligrafia-akim-22\/#primaryimage\"},\"image\":{\"@id\":\"https:\/\/elultimotangle.es\/producto\/taller-de-iniciacion-a-caligrafia-akim-22\/#primaryimage\"},\"thumbnailUrl\":\"https:\/\/elultimotangle.es\/wp-content\/uploads\/slider43\/AKIMCUADRADO4.jpeg\",\"datePublished\":\"2022-08-30T12:22:00+00:00\",\"dateModified\":\"2026-04-01T15:35:45+00:00\",\"breadcrumb\":{\"@id\":\"https:\/\/elultimotangle.es\/producto\/taller-de-iniciacion-a-caligrafia-akim-22\/#breadcrumb\"},\"inLanguage\":\"en-US\",\"potentialAction\":[{\"@type\":\"ReadAction\",\"target\":[\"https:\/\/elultimotangle.es\/producto\/taller-de-iniciacion-a-caligrafia-akim-22\/\"]}]},{\"@type\":\"ImageObject\",\"inLanguage\":\"en-US\",\"@id\":\"https:\/\/elultimotangle.es\/producto\/taller-de-iniciacion-a-caligrafia-akim-22\/#primaryimage\",\"url\":\"https:\/\/elultimotangle.es\/wp-content\/uploads\/slider43\/AKIMCUADRADO4.jpeg\",\"contentUrl\":\"https:\/\/elultimotangle.es\/wp-content\/uploads\/slider43\/AKIMCUADRADO4.jpeg\",\"width\":800,\"height\":800},{\"@type\":\"BreadcrumbList\",\"@id\":\"https:\/\/elultimotangle.es\/producto\/taller-de-iniciacion-a-caligrafia-akim-22\/#breadcrumb\",\"itemListElement\":[{\"@type\":\"ListItem\",\"position\":1,\"name\":\"Portada\",\"item\":\"https:\/\/elultimotangle.es\/\"},{\"@type\":\"ListItem\",\"position\":2,\"name\":\"Products\",\"item\":\"http:\/\/elultimotangle.es\/en\/shop\/\"},{\"@type\":\"ListItem\",\"position\":3,\"name\":\"Taller Online de Iniciaci\u00f3n a Caligrafia Akim\"}]},{\"@type\":\"WebSite\",\"@id\":\"http:\/\/elultimotangle.es\/en\/#website\",\"url\":\"http:\/\/elultimotangle.es\/en\/\",\"name\":\"El \u00faltimo tangle\",\"description\":\"Zentangle en espa\u00f1ol\",\"publisher\":{\"@id\":\"http:\/\/elultimotangle.es\/en\/#organization\"},\"potentialAction\":[{\"@type\":\"SearchAction\",\"target\":{\"@type\":\"EntryPoint\",\"urlTemplate\":\"http:\/\/elultimotangle.es\/en\/?s={search_term_string}\"},\"query-input\":{\"@type\":\"PropertyValueSpecification\",\"valueRequired\":true,\"valueName\":\"search_term_string\"}}],\"inLanguage\":\"en-US\"},{\"@type\":\"Organization\",\"@id\":\"http:\/\/elultimotangle.es\/en\/#organization\",\"name\":\"El \u00faltimo tangle\",\"url\":\"http:\/\/elultimotangle.es\/en\/\",\"logo\":{\"@type\":\"ImageObject\",\"inLanguage\":\"en-US\",\"@id\":\"http:\/\/elultimotangle.es\/en\/#\/schema\/logo\/image\/\",\"url\":\"https:\/\/elultimotangle.es\/wp-content\/uploads\/2019\/09\/cropped-LOGO-ZETA-ROJO-CUADRADO-alt.jpg\",\"contentUrl\":\"https:\/\/elultimotangle.es\/wp-content\/uploads\/2019\/09\/cropped-LOGO-ZETA-ROJO-CUADRADO-alt.jpg\",\"width\":576,\"height\":576,\"caption\":\"El \u00faltimo tangle\"},\"image\":{\"@id\":\"http:\/\/elultimotangle.es\/en\/#\/schema\/logo\/image\/\"}}]}<\/script>\n<!-- \/ Yoast SEO plugin. -->","yoast_head_json":{"title":"Taller Online de Iniciaci\u00f3n a Caligrafia Akim - El \u00faltimo tangle","robots":{"index":"index","follow":"follow","max-snippet":"max-snippet:-1","max-image-preview":"max-image-preview:large","max-video-preview":"max-video-preview:-1"},"canonical":"https:\/\/elultimotangle.es\/en\/product\/taller-de-iniciacion-a-caligrafia-akim-22\/","og_locale":"en_US","og_type":"article","og_title":"Taller Online de Iniciaci\u00f3n a Caligrafia Akim - El \u00faltimo tangle","og_description":"La Caligraf\u00eda Akim fue creada por un escultor, m\u00fasico y cal\u00edgrafo alem\u00e1n llamado Hans Joachim Burgert, que quiso replicar el ritmo del coraz\u00f3n humano. Esta caligraf\u00eda rompe radicamente con la caligraf\u00eda tradicional. No es una letra para ser le\u00edda sino para ser admirada como una aut\u00e9ntica obra de arte por su ritmo, sus arcos, su gr\u00e1fica, etc.","og_url":"https:\/\/elultimotangle.es\/en\/product\/taller-de-iniciacion-a-caligrafia-akim-22\/","og_site_name":"El \u00faltimo tangle","article_modified_time":"2026-04-01T15:35:45+00:00","og_image":[{"width":800,"height":800,"url":"https:\/\/elultimotangle.es\/wp-content\/uploads\/slider43\/AKIMCUADRADO4.jpeg","type":"image\/jpeg"}],"twitter_misc":{"Est. reading time":"1 minute"},"schema":{"@context":"https:\/\/schema.org","@graph":[{"@type":"WebPage","@id":"https:\/\/elultimotangle.es\/producto\/taller-de-iniciacion-a-caligrafia-akim-22\/","url":"https:\/\/elultimotangle.es\/producto\/taller-de-iniciacion-a-caligrafia-akim-22\/","name":"Taller Online de Iniciaci\u00f3n a Caligrafia Akim - El \u00faltimo tangle","isPartOf":{"@id":"http:\/\/elultimotangle.es\/en\/#website"},"primaryImageOfPage":{"@id":"https:\/\/elultimotangle.es\/producto\/taller-de-iniciacion-a-caligrafia-akim-22\/#primaryimage"},"image":{"@id":"https:\/\/elultimotangle.es\/producto\/taller-de-iniciacion-a-caligrafia-akim-22\/#primaryimage"},"thumbnailUrl":"https:\/\/elultimotangle.es\/wp-content\/uploads\/slider43\/AKIMCUADRADO4.jpeg","datePublished":"2022-08-30T12:22:00+00:00","dateModified":"2026-04-01T15:35:45+00:00","breadcrumb":{"@id":"https:\/\/elultimotangle.es\/producto\/taller-de-iniciacion-a-caligrafia-akim-22\/#breadcrumb"},"inLanguage":"en-US","potentialAction":[{"@type":"ReadAction","target":["https:\/\/elultimotangle.es\/producto\/taller-de-iniciacion-a-caligrafia-akim-22\/"]}]},{"@type":"ImageObject","inLanguage":"en-US","@id":"https:\/\/elultimotangle.es\/producto\/taller-de-iniciacion-a-caligrafia-akim-22\/#primaryimage","url":"https:\/\/elultimotangle.es\/wp-content\/uploads\/slider43\/AKIMCUADRADO4.jpeg","contentUrl":"https:\/\/elultimotangle.es\/wp-content\/uploads\/slider43\/AKIMCUADRADO4.jpeg","width":800,"height":800},{"@type":"BreadcrumbList","@id":"https:\/\/elultimotangle.es\/producto\/taller-de-iniciacion-a-caligrafia-akim-22\/#breadcrumb","itemListElement":[{"@type":"ListItem","position":1,"name":"Portada","item":"https:\/\/elultimotangle.es\/"},{"@type":"ListItem","position":2,"name":"Products","item":"http:\/\/elultimotangle.es\/en\/shop\/"},{"@type":"ListItem","position":3,"name":"Taller Online de Iniciaci\u00f3n a Caligrafia Akim"}]},{"@type":"WebSite","@id":"http:\/\/elultimotangle.es\/en\/#website","url":"http:\/\/elultimotangle.es\/en\/","name":"El \u00faltimo tangle","description":"Zentangle en espa\u00f1ol","publisher":{"@id":"http:\/\/elultimotangle.es\/en\/#organization"},"potentialAction":[{"@type":"SearchAction","target":{"@type":"EntryPoint","urlTemplate":"http:\/\/elultimotangle.es\/en\/?s={search_term_string}"},"query-input":{"@type":"PropertyValueSpecification","valueRequired":true,"valueName":"search_term_string"}}],"inLanguage":"en-US"},{"@type":"Organization","@id":"http:\/\/elultimotangle.es\/en\/#organization","name":"El \u00faltimo tangle","url":"http:\/\/elultimotangle.es\/en\/","logo":{"@type":"ImageObject","inLanguage":"en-US","@id":"http:\/\/elultimotangle.es\/en\/#\/schema\/logo\/image\/","url":"https:\/\/elultimotangle.es\/wp-content\/uploads\/2019\/09\/cropped-LOGO-ZETA-ROJO-CUADRADO-alt.jpg","contentUrl":"https:\/\/elultimotangle.es\/wp-content\/uploads\/2019\/09\/cropped-LOGO-ZETA-ROJO-CUADRADO-alt.jpg","width":576,"height":576,"caption":"El \u00faltimo tangle"},"image":{"@id":"http:\/\/elultimotangle.es\/en\/#\/schema\/logo\/image\/"}}]}},"_links":{"self":[{"href":"https:\/\/elultimotangle.es\/en\/wp-json\/wp\/v2\/product\/19421","targetHints":{"allow":["GET"]}}],"collection":[{"href":"https:\/\/elultimotangle.es\/en\/wp-json\/wp\/v2\/product"}],"about":[{"href":"https:\/\/elultimotangle.es\/en\/wp-json\/wp\/v2\/types\/product"}],"replies":[{"embeddable":true,"href":"https:\/\/elultimotangle.es\/en\/wp-json\/wp\/v2\/comments?post=19421"}],"version-history":[{"count":3,"href":"https:\/\/elultimotangle.es\/en\/wp-json\/wp\/v2\/product\/19421\/revisions"}],"predecessor-version":[{"id":19575,"href":"https:\/\/elultimotangle.es\/en\/wp-json\/wp\/v2\/product\/19421\/revisions\/19575"}],"wp:featuredmedia":[{"embeddable":true,"href":"https:\/\/elultimotangle.es\/en\/wp-json\/wp\/v2\/media\/10760"}],"wp:attachment":[{"href":"https:\/\/elultimotangle.es\/en\/wp-json\/wp\/v2\/media?parent=19421"}],"wp:term":[{"taxonomy":"product_brand","embeddable":true,"href":"https:\/\/elultimotangle.es\/en\/wp-json\/wp\/v2\/product_brand?post=19421"},{"taxonomy":"product_cat","embeddable":true,"href":"https:\/\/elultimotangle.es\/en\/wp-json\/wp\/v2\/product_cat?post=19421"},{"taxonomy":"product_tag","embeddable":true,"href":"https:\/\/elultimotangle.es\/en\/wp-json\/wp\/v2\/product_tag?post=19421"},{"taxonomy":"giftcard-category","embeddable":true,"href":"https:\/\/elultimotangle.es\/en\/wp-json\/wp\/v2\/giftcard-category?post=19421"}],"curies":[{"name":"wp","href":"https:\/\/api.w.org\/{rel}","templated":true}]}}