{"id":18945,"date":"2022-06-19T21:14:36","date_gmt":"2022-06-19T20:14:36","guid":{"rendered":"https:\/\/elultimotangle.es\/?post_type=product&#038;p=18945"},"modified":"2023-06-22T13:00:45","modified_gmt":"2023-06-22T12:00:45","slug":"curso-de-acompanamiento-para-seminario-czt-2022","status":"publish","type":"product","link":"https:\/\/elultimotangle.es\/en\/product\/curso-de-acompanamiento-para-seminario-czt-2022\/","title":{"rendered":"Curso de Acompa\u00f1amiento para Seminario CZT 2022"},"content":{"rendered":"","protected":false},"excerpt":{"rendered":"<p>We have created this course to help you in the preparation of the Zentangle Certified Teachers Seminar. We want to make it easier for you to land in the seminar, both in terms of subject matter and language. We will make you take advantage of all the content and enjoy it to the fullest!<\/p>\n<p>If you don't want to be a Zentangle teacher but want to learn more about the Method and know its wonderful benefits, you can also sign up! You will approach the workshops in a different way from this course, we guarantee it!<\/p>","protected":false},"featured_media":15910,"comment_status":"open","ping_status":"closed","template":"","meta":{"_acf_changed":false,"_monsterinsights_skip_tracking":false,"_monsterinsights_sitenote_active":false,"_monsterinsights_sitenote_note":"","_monsterinsights_sitenote_category":0},"product_brand":[],"product_cat":[93],"product_tag":[227],"giftcard-category":[],"class_list":{"0":"post-18945","1":"product","2":"type-product","3":"status-publish","4":"has-post-thumbnail","6":"product_cat-zentangle","7":"product_tag-acompanamiento","9":"first","10":"outofstock","11":"downloadable","12":"virtual","13":"sold-individually","14":"taxable","15":"purchasable","16":"product-type-simple"},"acf":{"youtube_recording":null},"yoast_head":"<!-- This site is optimized with the Yoast SEO plugin v24.8.1 - https:\/\/yoast.com\/wordpress\/plugins\/seo\/ -->\n<title>Curso de Acompa\u00f1amiento para Seminario CZT 2022 - El \u00faltimo tangle<\/title>\n<meta name=\"robots\" content=\"index, follow, max-snippet:-1, max-image-preview:large, max-video-preview:-1\" \/>\n<link rel=\"canonical\" href=\"https:\/\/elultimotangle.es\/en\/product\/curso-de-acompanamiento-para-seminario-czt-2022\/\" \/>\n<meta property=\"og:locale\" content=\"en_US\" \/>\n<meta property=\"og:type\" content=\"article\" \/>\n<meta property=\"og:title\" content=\"Curso de Acompa\u00f1amiento para Seminario CZT 2022 - El \u00faltimo tangle\" \/>\n<meta property=\"og:description\" content=\"Hemos creado este curso para acompa\u00f1aros en la preparaci\u00f3n del Seminario de profesores titulados de Zentangle. Queremos facilitaros el aterrizaje en el seminario, tanto en cuestiones de materia como de idioma. Haremos que aproveches todo el contenido y \u00a1lo disfrutes al m\u00e1ximo!  Si no quieres ser profesor de Zentangle pero quieres profundizar sobre el M\u00e9todo y conocer sus maravillosos beneficios, \u00a1tambi\u00e9n te puedes apuntar! Enfocar\u00e1s los talleres de una manera diferente a partir de este curso, \u00a1te lo garantizamos!\" \/>\n<meta property=\"og:url\" content=\"https:\/\/elultimotangle.es\/en\/product\/curso-de-acompanamiento-para-seminario-czt-2022\/\" \/>\n<meta property=\"og:site_name\" content=\"El \u00faltimo tangle\" \/>\n<meta property=\"article:modified_time\" content=\"2023-06-22T12:00:45+00:00\" \/>\n<meta property=\"og:image\" content=\"https:\/\/elultimotangle.es\/wp-content\/uploads\/2021\/09\/7f13dd60-9e2a-420d-87aa-182e261810aa.jpg\" \/>\n\t<meta property=\"og:image:width\" content=\"1024\" \/>\n\t<meta property=\"og:image:height\" content=\"746\" \/>\n\t<meta property=\"og:image:type\" content=\"image\/jpeg\" \/>\n<script type=\"application\/ld+json\" class=\"yoast-schema-graph\">{\"@context\":\"https:\/\/schema.org\",\"@graph\":[{\"@type\":\"WebPage\",\"@id\":\"https:\/\/elultimotangle.es\/en\/product\/curso-de-acompanamiento-para-seminario-czt-2022\/\",\"url\":\"https:\/\/elultimotangle.es\/en\/product\/curso-de-acompanamiento-para-seminario-czt-2022\/\",\"name\":\"Curso de Acompa\u00f1amiento para Seminario CZT 2022 - El \u00faltimo tangle\",\"isPartOf\":{\"@id\":\"http:\/\/elultimotangle.es\/en\/#website\"},\"primaryImageOfPage\":{\"@id\":\"https:\/\/elultimotangle.es\/en\/product\/curso-de-acompanamiento-para-seminario-czt-2022\/#primaryimage\"},\"image\":{\"@id\":\"https:\/\/elultimotangle.es\/en\/product\/curso-de-acompanamiento-para-seminario-czt-2022\/#primaryimage\"},\"thumbnailUrl\":\"https:\/\/elultimotangle.es\/wp-content\/uploads\/2021\/09\/7f13dd60-9e2a-420d-87aa-182e261810aa.jpg\",\"datePublished\":\"2022-06-19T20:14:36+00:00\",\"dateModified\":\"2023-06-22T12:00:45+00:00\",\"breadcrumb\":{\"@id\":\"https:\/\/elultimotangle.es\/en\/product\/curso-de-acompanamiento-para-seminario-czt-2022\/#breadcrumb\"},\"inLanguage\":\"en-US\",\"potentialAction\":[{\"@type\":\"ReadAction\",\"target\":[\"https:\/\/elultimotangle.es\/en\/product\/curso-de-acompanamiento-para-seminario-czt-2022\/\"]}]},{\"@type\":\"ImageObject\",\"inLanguage\":\"en-US\",\"@id\":\"https:\/\/elultimotangle.es\/en\/product\/curso-de-acompanamiento-para-seminario-czt-2022\/#primaryimage\",\"url\":\"https:\/\/elultimotangle.es\/wp-content\/uploads\/2021\/09\/7f13dd60-9e2a-420d-87aa-182e261810aa.jpg\",\"contentUrl\":\"https:\/\/elultimotangle.es\/wp-content\/uploads\/2021\/09\/7f13dd60-9e2a-420d-87aa-182e261810aa.jpg\",\"width\":1024,\"height\":746},{\"@type\":\"BreadcrumbList\",\"@id\":\"https:\/\/elultimotangle.es\/en\/product\/curso-de-acompanamiento-para-seminario-czt-2022\/#breadcrumb\",\"itemListElement\":[{\"@type\":\"ListItem\",\"position\":1,\"name\":\"Portada\",\"item\":\"https:\/\/elultimotangle.es\/\"},{\"@type\":\"ListItem\",\"position\":2,\"name\":\"Products\",\"item\":\"http:\/\/elultimotangle.es\/en\/shop\/\"},{\"@type\":\"ListItem\",\"position\":3,\"name\":\"Curso de Acompa\u00f1amiento para Seminario CZT 2022\"}]},{\"@type\":\"WebSite\",\"@id\":\"http:\/\/elultimotangle.es\/en\/#website\",\"url\":\"http:\/\/elultimotangle.es\/en\/\",\"name\":\"El \u00faltimo tangle\",\"description\":\"Zentangle en espa\u00f1ol\",\"publisher\":{\"@id\":\"http:\/\/elultimotangle.es\/en\/#organization\"},\"potentialAction\":[{\"@type\":\"SearchAction\",\"target\":{\"@type\":\"EntryPoint\",\"urlTemplate\":\"http:\/\/elultimotangle.es\/en\/?s={search_term_string}\"},\"query-input\":{\"@type\":\"PropertyValueSpecification\",\"valueRequired\":true,\"valueName\":\"search_term_string\"}}],\"inLanguage\":\"en-US\"},{\"@type\":\"Organization\",\"@id\":\"http:\/\/elultimotangle.es\/en\/#organization\",\"name\":\"El \u00faltimo tangle\",\"url\":\"http:\/\/elultimotangle.es\/en\/\",\"logo\":{\"@type\":\"ImageObject\",\"inLanguage\":\"en-US\",\"@id\":\"http:\/\/elultimotangle.es\/en\/#\/schema\/logo\/image\/\",\"url\":\"https:\/\/elultimotangle.es\/wp-content\/uploads\/2019\/09\/cropped-LOGO-ZETA-ROJO-CUADRADO-alt.jpg\",\"contentUrl\":\"https:\/\/elultimotangle.es\/wp-content\/uploads\/2019\/09\/cropped-LOGO-ZETA-ROJO-CUADRADO-alt.jpg\",\"width\":576,\"height\":576,\"caption\":\"El \u00faltimo tangle\"},\"image\":{\"@id\":\"http:\/\/elultimotangle.es\/en\/#\/schema\/logo\/image\/\"}}]}<\/script>\n<!-- \/ Yoast SEO plugin. -->","yoast_head_json":{"title":"Curso de Acompa\u00f1amiento para Seminario CZT 2022 - El \u00faltimo tangle","robots":{"index":"index","follow":"follow","max-snippet":"max-snippet:-1","max-image-preview":"max-image-preview:large","max-video-preview":"max-video-preview:-1"},"canonical":"https:\/\/elultimotangle.es\/en\/product\/curso-de-acompanamiento-para-seminario-czt-2022\/","og_locale":"en_US","og_type":"article","og_title":"Curso de Acompa\u00f1amiento para Seminario CZT 2022 - El \u00faltimo tangle","og_description":"Hemos creado este curso para acompa\u00f1aros en la preparaci\u00f3n del Seminario de profesores titulados de Zentangle. Queremos facilitaros el aterrizaje en el seminario, tanto en cuestiones de materia como de idioma. Haremos que aproveches todo el contenido y \u00a1lo disfrutes al m\u00e1ximo!  Si no quieres ser profesor de Zentangle pero quieres profundizar sobre el M\u00e9todo y conocer sus maravillosos beneficios, \u00a1tambi\u00e9n te puedes apuntar! Enfocar\u00e1s los talleres de una manera diferente a partir de este curso, \u00a1te lo garantizamos!","og_url":"https:\/\/elultimotangle.es\/en\/product\/curso-de-acompanamiento-para-seminario-czt-2022\/","og_site_name":"El \u00faltimo tangle","article_modified_time":"2023-06-22T12:00:45+00:00","og_image":[{"width":1024,"height":746,"url":"https:\/\/elultimotangle.es\/wp-content\/uploads\/2021\/09\/7f13dd60-9e2a-420d-87aa-182e261810aa.jpg","type":"image\/jpeg"}],"schema":{"@context":"https:\/\/schema.org","@graph":[{"@type":"WebPage","@id":"https:\/\/elultimotangle.es\/en\/product\/curso-de-acompanamiento-para-seminario-czt-2022\/","url":"https:\/\/elultimotangle.es\/en\/product\/curso-de-acompanamiento-para-seminario-czt-2022\/","name":"Curso de Acompa\u00f1amiento para Seminario CZT 2022 - El \u00faltimo tangle","isPartOf":{"@id":"http:\/\/elultimotangle.es\/en\/#website"},"primaryImageOfPage":{"@id":"https:\/\/elultimotangle.es\/en\/product\/curso-de-acompanamiento-para-seminario-czt-2022\/#primaryimage"},"image":{"@id":"https:\/\/elultimotangle.es\/en\/product\/curso-de-acompanamiento-para-seminario-czt-2022\/#primaryimage"},"thumbnailUrl":"https:\/\/elultimotangle.es\/wp-content\/uploads\/2021\/09\/7f13dd60-9e2a-420d-87aa-182e261810aa.jpg","datePublished":"2022-06-19T20:14:36+00:00","dateModified":"2023-06-22T12:00:45+00:00","breadcrumb":{"@id":"https:\/\/elultimotangle.es\/en\/product\/curso-de-acompanamiento-para-seminario-czt-2022\/#breadcrumb"},"inLanguage":"en-US","potentialAction":[{"@type":"ReadAction","target":["https:\/\/elultimotangle.es\/en\/product\/curso-de-acompanamiento-para-seminario-czt-2022\/"]}]},{"@type":"ImageObject","inLanguage":"en-US","@id":"https:\/\/elultimotangle.es\/en\/product\/curso-de-acompanamiento-para-seminario-czt-2022\/#primaryimage","url":"https:\/\/elultimotangle.es\/wp-content\/uploads\/2021\/09\/7f13dd60-9e2a-420d-87aa-182e261810aa.jpg","contentUrl":"https:\/\/elultimotangle.es\/wp-content\/uploads\/2021\/09\/7f13dd60-9e2a-420d-87aa-182e261810aa.jpg","width":1024,"height":746},{"@type":"BreadcrumbList","@id":"https:\/\/elultimotangle.es\/en\/product\/curso-de-acompanamiento-para-seminario-czt-2022\/#breadcrumb","itemListElement":[{"@type":"ListItem","position":1,"name":"Portada","item":"https:\/\/elultimotangle.es\/"},{"@type":"ListItem","position":2,"name":"Products","item":"http:\/\/elultimotangle.es\/en\/shop\/"},{"@type":"ListItem","position":3,"name":"Curso de Acompa\u00f1amiento para Seminario CZT 2022"}]},{"@type":"WebSite","@id":"http:\/\/elultimotangle.es\/en\/#website","url":"http:\/\/elultimotangle.es\/en\/","name":"El \u00faltimo tangle","description":"Zentangle en espa\u00f1ol","publisher":{"@id":"http:\/\/elultimotangle.es\/en\/#organization"},"potentialAction":[{"@type":"SearchAction","target":{"@type":"EntryPoint","urlTemplate":"http:\/\/elultimotangle.es\/en\/?s={search_term_string}"},"query-input":{"@type":"PropertyValueSpecification","valueRequired":true,"valueName":"search_term_string"}}],"inLanguage":"en-US"},{"@type":"Organization","@id":"http:\/\/elultimotangle.es\/en\/#organization","name":"El \u00faltimo tangle","url":"http:\/\/elultimotangle.es\/en\/","logo":{"@type":"ImageObject","inLanguage":"en-US","@id":"http:\/\/elultimotangle.es\/en\/#\/schema\/logo\/image\/","url":"https:\/\/elultimotangle.es\/wp-content\/uploads\/2019\/09\/cropped-LOGO-ZETA-ROJO-CUADRADO-alt.jpg","contentUrl":"https:\/\/elultimotangle.es\/wp-content\/uploads\/2019\/09\/cropped-LOGO-ZETA-ROJO-CUADRADO-alt.jpg","width":576,"height":576,"caption":"El \u00faltimo tangle"},"image":{"@id":"http:\/\/elultimotangle.es\/en\/#\/schema\/logo\/image\/"}}]}},"_links":{"self":[{"href":"https:\/\/elultimotangle.es\/en\/wp-json\/wp\/v2\/product\/18945","targetHints":{"allow":["GET"]}}],"collection":[{"href":"https:\/\/elultimotangle.es\/en\/wp-json\/wp\/v2\/product"}],"about":[{"href":"https:\/\/elultimotangle.es\/en\/wp-json\/wp\/v2\/types\/product"}],"replies":[{"embeddable":true,"href":"https:\/\/elultimotangle.es\/en\/wp-json\/wp\/v2\/comments?post=18945"}],"version-history":[{"count":2,"href":"https:\/\/elultimotangle.es\/en\/wp-json\/wp\/v2\/product\/18945\/revisions"}],"predecessor-version":[{"id":19457,"href":"https:\/\/elultimotangle.es\/en\/wp-json\/wp\/v2\/product\/18945\/revisions\/19457"}],"wp:featuredmedia":[{"embeddable":true,"href":"https:\/\/elultimotangle.es\/en\/wp-json\/wp\/v2\/media\/15910"}],"wp:attachment":[{"href":"https:\/\/elultimotangle.es\/en\/wp-json\/wp\/v2\/media?parent=18945"}],"wp:term":[{"taxonomy":"product_brand","embeddable":true,"href":"https:\/\/elultimotangle.es\/en\/wp-json\/wp\/v2\/product_brand?post=18945"},{"taxonomy":"product_cat","embeddable":true,"href":"https:\/\/elultimotangle.es\/en\/wp-json\/wp\/v2\/product_cat?post=18945"},{"taxonomy":"product_tag","embeddable":true,"href":"https:\/\/elultimotangle.es\/en\/wp-json\/wp\/v2\/product_tag?post=18945"},{"taxonomy":"giftcard-category","embeddable":true,"href":"https:\/\/elultimotangle.es\/en\/wp-json\/wp\/v2\/giftcard-category?post=18945"}],"curies":[{"name":"wp","href":"https:\/\/api.w.org\/{rel}","templated":true}]}}