{"id":13423,"date":"2021-04-01T10:34:39","date_gmt":"2021-04-01T09:34:39","guid":{"rendered":"http:\/\/elultimotangle.es\/?post_type=product&#038;p=13423"},"modified":"2023-12-12T02:13:24","modified_gmt":"2023-12-12T01:13:24","slug":"grupo-miercoles-manana-abril","status":"publish","type":"product","link":"https:\/\/elultimotangle.es\/en\/product\/grupo-miercoles-manana-abril\/","title":{"rendered":"Grupo Mi\u00e9rcoles Ma\u00f1ana &#8211; Abril"},"content":{"rendered":"","protected":false},"excerpt":{"rendered":"<p>Curso 20\/21. Puedes acceder al curso el primer miercoles de cada mes. Si quieres empezar a mitad de mes, cons\u00faltanos.<\/p>","protected":false},"featured_media":9544,"comment_status":"open","ping_status":"closed","template":"","meta":{"_acf_changed":false,"_monsterinsights_skip_tracking":false,"_monsterinsights_sitenote_active":false,"_monsterinsights_sitenote_note":"","_monsterinsights_sitenote_category":0},"product_brand":[],"product_cat":[135],"product_tag":[204],"giftcard-category":[],"class_list":{"0":"post-13423","1":"product","2":"type-product","3":"status-publish","4":"has-post-thumbnail","6":"product_cat-mensuales","7":"product_tag-miercolesmabril","9":"first","10":"outofstock","11":"virtual","12":"sold-individually","13":"taxable","14":"purchasable","15":"product-type-simple"},"acf":{"youtube_recording":null},"yoast_head":"<!-- This site is optimized with the Yoast SEO plugin v24.8.1 - https:\/\/yoast.com\/wordpress\/plugins\/seo\/ -->\n<title>Grupo Mi\u00e9rcoles Ma\u00f1ana - Abril - El \u00faltimo tangle<\/title>\n<meta name=\"robots\" content=\"index, follow, max-snippet:-1, max-image-preview:large, max-video-preview:-1\" \/>\n<link rel=\"canonical\" href=\"http:\/\/elultimotangle.es\/en\/product\/grupo-miercoles-manana-abril\/\" \/>\n<meta property=\"og:locale\" content=\"en_US\" \/>\n<meta property=\"og:type\" content=\"article\" \/>\n<meta property=\"og:title\" content=\"Grupo Mi\u00e9rcoles Ma\u00f1ana - Abril - El \u00faltimo tangle\" \/>\n<meta property=\"og:description\" content=\"Curso 20\/21. Puedes acceder al curso el primer miercoles de cada mes. Si quieres empezar a mitad de mes, cons\u00faltanos.\" \/>\n<meta property=\"og:url\" content=\"http:\/\/elultimotangle.es\/en\/product\/grupo-miercoles-manana-abril\/\" \/>\n<meta property=\"og:site_name\" content=\"El \u00faltimo tangle\" \/>\n<meta property=\"article:modified_time\" content=\"2023-12-12T01:13:24+00:00\" \/>\n<meta property=\"og:image\" content=\"https:\/\/elultimotangle.es\/wp-content\/uploads\/slider27\/SOMBREADO-1.jpeg\" \/>\n\t<meta property=\"og:image:width\" content=\"800\" \/>\n\t<meta property=\"og:image:height\" content=\"800\" \/>\n\t<meta property=\"og:image:type\" content=\"image\/jpeg\" \/>\n<script type=\"application\/ld+json\" class=\"yoast-schema-graph\">{\"@context\":\"https:\/\/schema.org\",\"@graph\":[{\"@type\":\"WebPage\",\"@id\":\"http:\/\/elultimotangle.es\/en\/product\/grupo-miercoles-manana-abril\/\",\"url\":\"http:\/\/elultimotangle.es\/en\/product\/grupo-miercoles-manana-abril\/\",\"name\":\"Grupo Mi\u00e9rcoles Ma\u00f1ana - Abril - El \u00faltimo tangle\",\"isPartOf\":{\"@id\":\"http:\/\/elultimotangle.es\/en\/#website\"},\"primaryImageOfPage\":{\"@id\":\"http:\/\/elultimotangle.es\/en\/product\/grupo-miercoles-manana-abril\/#primaryimage\"},\"image\":{\"@id\":\"http:\/\/elultimotangle.es\/en\/product\/grupo-miercoles-manana-abril\/#primaryimage\"},\"thumbnailUrl\":\"https:\/\/elultimotangle.es\/wp-content\/uploads\/slider27\/SOMBREADO-1.jpeg\",\"datePublished\":\"2021-04-01T09:34:39+00:00\",\"dateModified\":\"2023-12-12T01:13:24+00:00\",\"breadcrumb\":{\"@id\":\"http:\/\/elultimotangle.es\/en\/product\/grupo-miercoles-manana-abril\/#breadcrumb\"},\"inLanguage\":\"en-US\",\"potentialAction\":[{\"@type\":\"ReadAction\",\"target\":[\"http:\/\/elultimotangle.es\/en\/product\/grupo-miercoles-manana-abril\/\"]}]},{\"@type\":\"ImageObject\",\"inLanguage\":\"en-US\",\"@id\":\"http:\/\/elultimotangle.es\/en\/product\/grupo-miercoles-manana-abril\/#primaryimage\",\"url\":\"https:\/\/elultimotangle.es\/wp-content\/uploads\/slider27\/SOMBREADO-1.jpeg\",\"contentUrl\":\"https:\/\/elultimotangle.es\/wp-content\/uploads\/slider27\/SOMBREADO-1.jpeg\",\"width\":800,\"height\":800},{\"@type\":\"BreadcrumbList\",\"@id\":\"http:\/\/elultimotangle.es\/en\/product\/grupo-miercoles-manana-abril\/#breadcrumb\",\"itemListElement\":[{\"@type\":\"ListItem\",\"position\":1,\"name\":\"Portada\",\"item\":\"https:\/\/elultimotangle.es\/\"},{\"@type\":\"ListItem\",\"position\":2,\"name\":\"Products\",\"item\":\"http:\/\/elultimotangle.es\/en\/shop\/\"},{\"@type\":\"ListItem\",\"position\":3,\"name\":\"Grupo Mi\u00e9rcoles Ma\u00f1ana &#8211; Abril\"}]},{\"@type\":\"WebSite\",\"@id\":\"http:\/\/elultimotangle.es\/en\/#website\",\"url\":\"http:\/\/elultimotangle.es\/en\/\",\"name\":\"El \u00faltimo tangle\",\"description\":\"Zentangle en espa\u00f1ol\",\"publisher\":{\"@id\":\"http:\/\/elultimotangle.es\/en\/#organization\"},\"potentialAction\":[{\"@type\":\"SearchAction\",\"target\":{\"@type\":\"EntryPoint\",\"urlTemplate\":\"http:\/\/elultimotangle.es\/en\/?s={search_term_string}\"},\"query-input\":{\"@type\":\"PropertyValueSpecification\",\"valueRequired\":true,\"valueName\":\"search_term_string\"}}],\"inLanguage\":\"en-US\"},{\"@type\":\"Organization\",\"@id\":\"http:\/\/elultimotangle.es\/en\/#organization\",\"name\":\"El \u00faltimo tangle\",\"url\":\"http:\/\/elultimotangle.es\/en\/\",\"logo\":{\"@type\":\"ImageObject\",\"inLanguage\":\"en-US\",\"@id\":\"http:\/\/elultimotangle.es\/en\/#\/schema\/logo\/image\/\",\"url\":\"https:\/\/elultimotangle.es\/wp-content\/uploads\/2019\/09\/cropped-LOGO-ZETA-ROJO-CUADRADO-alt.jpg\",\"contentUrl\":\"https:\/\/elultimotangle.es\/wp-content\/uploads\/2019\/09\/cropped-LOGO-ZETA-ROJO-CUADRADO-alt.jpg\",\"width\":576,\"height\":576,\"caption\":\"El \u00faltimo tangle\"},\"image\":{\"@id\":\"http:\/\/elultimotangle.es\/en\/#\/schema\/logo\/image\/\"}}]}<\/script>\n<!-- \/ Yoast SEO plugin. -->","yoast_head_json":{"title":"Grupo Mi\u00e9rcoles Ma\u00f1ana - Abril - El \u00faltimo tangle","robots":{"index":"index","follow":"follow","max-snippet":"max-snippet:-1","max-image-preview":"max-image-preview:large","max-video-preview":"max-video-preview:-1"},"canonical":"http:\/\/elultimotangle.es\/en\/product\/grupo-miercoles-manana-abril\/","og_locale":"en_US","og_type":"article","og_title":"Grupo Mi\u00e9rcoles Ma\u00f1ana - Abril - El \u00faltimo tangle","og_description":"Curso 20\/21. Puedes acceder al curso el primer miercoles de cada mes. Si quieres empezar a mitad de mes, cons\u00faltanos.","og_url":"http:\/\/elultimotangle.es\/en\/product\/grupo-miercoles-manana-abril\/","og_site_name":"El \u00faltimo tangle","article_modified_time":"2023-12-12T01:13:24+00:00","og_image":[{"width":800,"height":800,"url":"https:\/\/elultimotangle.es\/wp-content\/uploads\/slider27\/SOMBREADO-1.jpeg","type":"image\/jpeg"}],"schema":{"@context":"https:\/\/schema.org","@graph":[{"@type":"WebPage","@id":"http:\/\/elultimotangle.es\/en\/product\/grupo-miercoles-manana-abril\/","url":"http:\/\/elultimotangle.es\/en\/product\/grupo-miercoles-manana-abril\/","name":"Grupo Mi\u00e9rcoles Ma\u00f1ana - Abril - El \u00faltimo tangle","isPartOf":{"@id":"http:\/\/elultimotangle.es\/en\/#website"},"primaryImageOfPage":{"@id":"http:\/\/elultimotangle.es\/en\/product\/grupo-miercoles-manana-abril\/#primaryimage"},"image":{"@id":"http:\/\/elultimotangle.es\/en\/product\/grupo-miercoles-manana-abril\/#primaryimage"},"thumbnailUrl":"https:\/\/elultimotangle.es\/wp-content\/uploads\/slider27\/SOMBREADO-1.jpeg","datePublished":"2021-04-01T09:34:39+00:00","dateModified":"2023-12-12T01:13:24+00:00","breadcrumb":{"@id":"http:\/\/elultimotangle.es\/en\/product\/grupo-miercoles-manana-abril\/#breadcrumb"},"inLanguage":"en-US","potentialAction":[{"@type":"ReadAction","target":["http:\/\/elultimotangle.es\/en\/product\/grupo-miercoles-manana-abril\/"]}]},{"@type":"ImageObject","inLanguage":"en-US","@id":"http:\/\/elultimotangle.es\/en\/product\/grupo-miercoles-manana-abril\/#primaryimage","url":"https:\/\/elultimotangle.es\/wp-content\/uploads\/slider27\/SOMBREADO-1.jpeg","contentUrl":"https:\/\/elultimotangle.es\/wp-content\/uploads\/slider27\/SOMBREADO-1.jpeg","width":800,"height":800},{"@type":"BreadcrumbList","@id":"http:\/\/elultimotangle.es\/en\/product\/grupo-miercoles-manana-abril\/#breadcrumb","itemListElement":[{"@type":"ListItem","position":1,"name":"Portada","item":"https:\/\/elultimotangle.es\/"},{"@type":"ListItem","position":2,"name":"Products","item":"http:\/\/elultimotangle.es\/en\/shop\/"},{"@type":"ListItem","position":3,"name":"Grupo Mi\u00e9rcoles Ma\u00f1ana &#8211; Abril"}]},{"@type":"WebSite","@id":"http:\/\/elultimotangle.es\/en\/#website","url":"http:\/\/elultimotangle.es\/en\/","name":"El \u00faltimo tangle","description":"Zentangle en espa\u00f1ol","publisher":{"@id":"http:\/\/elultimotangle.es\/en\/#organization"},"potentialAction":[{"@type":"SearchAction","target":{"@type":"EntryPoint","urlTemplate":"http:\/\/elultimotangle.es\/en\/?s={search_term_string}"},"query-input":{"@type":"PropertyValueSpecification","valueRequired":true,"valueName":"search_term_string"}}],"inLanguage":"en-US"},{"@type":"Organization","@id":"http:\/\/elultimotangle.es\/en\/#organization","name":"El \u00faltimo tangle","url":"http:\/\/elultimotangle.es\/en\/","logo":{"@type":"ImageObject","inLanguage":"en-US","@id":"http:\/\/elultimotangle.es\/en\/#\/schema\/logo\/image\/","url":"https:\/\/elultimotangle.es\/wp-content\/uploads\/2019\/09\/cropped-LOGO-ZETA-ROJO-CUADRADO-alt.jpg","contentUrl":"https:\/\/elultimotangle.es\/wp-content\/uploads\/2019\/09\/cropped-LOGO-ZETA-ROJO-CUADRADO-alt.jpg","width":576,"height":576,"caption":"El \u00faltimo tangle"},"image":{"@id":"http:\/\/elultimotangle.es\/en\/#\/schema\/logo\/image\/"}}]}},"_links":{"self":[{"href":"https:\/\/elultimotangle.es\/en\/wp-json\/wp\/v2\/product\/13423","targetHints":{"allow":["GET"]}}],"collection":[{"href":"https:\/\/elultimotangle.es\/en\/wp-json\/wp\/v2\/product"}],"about":[{"href":"https:\/\/elultimotangle.es\/en\/wp-json\/wp\/v2\/types\/product"}],"replies":[{"embeddable":true,"href":"https:\/\/elultimotangle.es\/en\/wp-json\/wp\/v2\/comments?post=13423"}],"version-history":[{"count":2,"href":"https:\/\/elultimotangle.es\/en\/wp-json\/wp\/v2\/product\/13423\/revisions"}],"predecessor-version":[{"id":13427,"href":"https:\/\/elultimotangle.es\/en\/wp-json\/wp\/v2\/product\/13423\/revisions\/13427"}],"wp:featuredmedia":[{"embeddable":true,"href":"https:\/\/elultimotangle.es\/en\/wp-json\/wp\/v2\/media\/9544"}],"wp:attachment":[{"href":"https:\/\/elultimotangle.es\/en\/wp-json\/wp\/v2\/media?parent=13423"}],"wp:term":[{"taxonomy":"product_brand","embeddable":true,"href":"https:\/\/elultimotangle.es\/en\/wp-json\/wp\/v2\/product_brand?post=13423"},{"taxonomy":"product_cat","embeddable":true,"href":"https:\/\/elultimotangle.es\/en\/wp-json\/wp\/v2\/product_cat?post=13423"},{"taxonomy":"product_tag","embeddable":true,"href":"https:\/\/elultimotangle.es\/en\/wp-json\/wp\/v2\/product_tag?post=13423"},{"taxonomy":"giftcard-category","embeddable":true,"href":"https:\/\/elultimotangle.es\/en\/wp-json\/wp\/v2\/giftcard-category?post=13423"}],"curies":[{"name":"wp","href":"https:\/\/api.w.org\/{rel}","templated":true}]}}