{"id":9785,"date":"2020-11-25T13:35:50","date_gmt":"2020-11-25T13:35:50","guid":{"rendered":"http:\/\/elultimotangle.es\/?page_id=9785"},"modified":"2020-11-25T14:28:23","modified_gmt":"2020-11-25T14:28:23","slug":"politica-de-privacidad","status":"publish","type":"page","link":"https:\/\/elultimotangle.es\/en\/politica-de-privacidad\/","title":{"rendered":"Privacy Policy"},"content":{"rendered":"<div data-elementor-type=\"wp-page\" data-elementor-id=\"9785\" class=\"elementor elementor-9785\" data-elementor-post-type=\"page\">\n\t\t\t\t\t\t<section class=\"elementor-section elementor-top-section elementor-element elementor-element-299a85df elementor-section-boxed elementor-section-height-default elementor-section-height-default\" data-id=\"299a85df\" data-element_type=\"section\" data-e-type=\"section\">\n\t\t\t\t\t\t<div class=\"elementor-container elementor-column-gap-default\">\n\t\t\t\t\t<div class=\"elementor-column elementor-col-100 elementor-top-column elementor-element elementor-element-19c94087\" data-id=\"19c94087\" data-element_type=\"column\" data-e-type=\"column\">\n\t\t\t<div class=\"elementor-widget-wrap elementor-element-populated\">\n\t\t\t\t\t\t<div class=\"elementor-element elementor-element-ac1ad0f elementor-widget elementor-widget-text-editor\" data-id=\"ac1ad0f\" data-element_type=\"widget\" data-e-type=\"widget\" data-widget_type=\"text-editor.default\">\n\t\t\t\t<div class=\"elementor-widget-container\">\n\t\t\t\t\t\t\t\t\t\n<h3 class=\"wp-block-heading\">About us?<\/h3>\n\n<p>En cumplimiento de lo establecido en el art\u00edculo 10 de la Ley 34\/2002, de 11 de julio, de Servicios de la Sociedad de la Informaci\u00f3n y de Comercio Electr\u00f3nico (en adelante, LSSI-CE), se informa de modo expreso, preciso e inequ\u00edvoco, tanto a los destinatarios del servicio como a los \u00f3rganos competentes, de los siguientes aspectos relativos al prestador de servicios de la sociedad de la informaci\u00f3n:<\/p>\n<p>NOMBRE \/ DENOMINACI\u00d3N SOCIAL: EL ULTIMO TANGLE, S.C.P.<br \/>CIF \/ NIF: J02683738<br \/>ACTIVIDAD \/ OBJETO SOCIAL: Venta on-line de formaci\u00f3n<br \/>DOMICILIO SOCIAL \/ PROFESIONAL: C\/ Avenida de los Toreros, 24, 4\u00baJ, 28028 \u2013 Madrid (Madrid)<br \/>TEL\u00c9FONO: 686275432<br \/>DIRECCI\u00d3N DE CORREO ELECTR\u00d3NICO: hola@elultimotangle.es<br \/>DIRECCI\u00d3N WEB: www.elultimotangle.es<\/p>\n\n<h3 class=\"wp-block-heading\">Qu\u00e9 datos personales recogemos y por qu\u00e9 los recogemos<\/h3>\n<p>Los datos personales que se recogen tienen el \u00fanico prop\u00f3sito de ser utilizados para las compras que usted pueda realizar en este sitio web. M\u00e1s abajo en esta misma pol\u00edtica de privacidad especificamos como tratan esos datos los plugins utilizados tanto para nuestra tienda online como para nuestra newsletter.<\/p>\n\n<h3 class=\"wp-block-heading\">Comentarios<\/h3>\n\n<p>Cuando los visitantes dejan comentarios en la web, recopilamos los datos que se muestran en el formulario de comentarios, as\u00ed como la direcci\u00f3n IP del visitante y la cadena de agentes de usuario del navegador para ayudar a la detecci\u00f3n de spam.<\/p>\n\n<p>Una cadena an\u00f3nima creada a partir de tu direcci\u00f3n de correo electr\u00f3nico (tambi\u00e9n llamada hash) puede ser proporcionada al servicio de Gravatar para ver si la est\u00e1s usando. La pol\u00edtica de privacidad del servicio Gravatar est\u00e1 disponible aqu\u00ed: https:\/\/automattic.com\/privacy\/. Despu\u00e9s de la aprobaci\u00f3n de tu comentario, la imagen de tu perfil es visible para el p\u00fablico en el contexto de tu comentario.<\/p>\n\n<h3 class=\"wp-block-heading\">Medios<\/h3>\n\n<p>Si subes im\u00e1genes a la web, deber\u00edas evitar subir im\u00e1genes con datos de ubicaci\u00f3n (GPS EXIF) incluidos. Los visitantes de la web pueden descargar y extraer cualquier dato de ubicaci\u00f3n de las im\u00e1genes de la web.<\/p>\n\n<h3 class=\"wp-block-heading\">Cookies<\/h3>\n\n<p>Si dejas un comentario en nuestro sitio puedes elegir guardar tu nombre, direcci\u00f3n de correo electr\u00f3nico y web en cookies. Esto es para tu comodidad, para que no tengas que volver a rellenar tus datos cuando dejes otro comentario. Estas cookies tendr\u00e1n una duraci\u00f3n de un a\u00f1o.<\/p>\n\n<p>Si tienes una cuenta y te conectas a este sitio, instalaremos una cookie temporal para determinar si tu navegador acepta cookies. Esta cookie no contiene datos personales y se elimina al cerrar el navegador.<\/p>\n\n<p>Cuando accedas, tambi\u00e9n instalaremos varias cookies para guardar tu informaci\u00f3n de acceso y tus opciones de visualizaci\u00f3n de pantalla. Las cookies de acceso duran dos d\u00edas, y las cookies de opciones de pantalla duran un a\u00f1o. Si seleccionas \u00abRecu\u00e9rdarme\u00bb, tu acceso perdurar\u00e1 durante dos semanas. Si sales de tu cuenta, las cookies de acceso se eliminar\u00e1n.<\/p>\n\n<p>Si editas o publicas un art\u00edculo se guardar\u00e1 una cookie adicional en tu navegador. Esta cookie no incluye datos personales y simplemente indica el ID del art\u00edculo que acabas de editar. Caduca despu\u00e9s de 1 d\u00eda.<\/p>\n\n<h3 class=\"wp-block-heading\">Contenido incrustado de otros sitios web<\/h3>\n\n<p>Los art\u00edculos de este sitio pueden incluir contenido incrustado (por ejemplo, v\u00eddeos, im\u00e1genes, art\u00edculos, etc.). El contenido incrustado de otras webs se comporta exactamente de la misma manera que si el visitante hubiera visitado la otra web.<\/p>\n\n<p>Estas web pueden recopilar datos sobre ti, utilizar cookies, incrustar un seguimiento adicional de terceros, y supervisar tu interacci\u00f3n con ese contenido incrustado, incluido el seguimiento de tu interacci\u00f3n con el contenido incrustado si tienes una cuenta y est\u00e1s conectado a esa web.<\/p>\n\n<h3 class=\"wp-block-heading\">Cu\u00e1nto tiempo conservamos tus datos<\/h3>\n\n<p>Si dejas un comentario, el comentario y sus metadatos se conservan indefinidamente. Esto es para que podamos reconocer y aprobar comentarios sucesivos autom\u00e1ticamente, en lugar de mantenerlos en una cola de moderaci\u00f3n.<\/p>\n\n<p>De los usuarios que se registran en nuestra web, tambi\u00e9n almacenamos la informaci\u00f3n personal que proporcionan en su perfil de usuario. Todos los usuarios pueden ver, editar o eliminar su informaci\u00f3n personal en cualquier momento (excepto que no pueden cambiar su nombre de usuario). Los administradores de la web tambi\u00e9n pueden ver y editar esa informaci\u00f3n.<\/p>\n\n<h3 class=\"wp-block-heading\">Qu\u00e9 derechos tienes sobre tus datos<\/h3>\n\n<p>Si tienes una cuenta o has dejado comentarios en esta web, puedes solicitar recibir un archivo de exportaci\u00f3n de los datos personales que tenemos sobre ti, incluyendo cualquier dato que nos hayas proporcionado. Tambi\u00e9n puedes solicitar que eliminemos cualquier dato personal que tengamos sobre ti. Esto no incluye ning\u00fan dato que estemos obligados a conservar con fines administrativos, legales o de seguridad.<\/p>\n\n<h3 class=\"wp-block-heading\">D\u00f3nde enviamos tus datos<\/h3>\n\n<p>Los comentarios de los visitantes puede que los revise un servicio de detecci\u00f3n autom\u00e1tica de spam.<\/p>\n\n<h3 class=\"wp-block-heading\">Requerimientos regulatorios de revelaci\u00f3n de informaci\u00f3n del sector<\/h3>\n<p>Recopilamos informaci\u00f3n tuya durante el proceso de pago en nuestra tienda.<\/p>\n<h3>Datos recopilados y almacenados<\/h3>\n<p>Mientras visitas nuestro sitio realizaremos el seguimiento de:<\/p>\n<ul>\n<li>Los productos que has visto: usaremos esto para, por ejemplo, mostrarte productos que has visto recientemente<\/li>\n<li>Ubicaci\u00f3n, direcci\u00f3n IP y tipo de navegador: usaremos esto para prop\u00f3sitos como estimar impuestos y costes de env\u00edo<\/li>\n<li>Direcci\u00f3n de env\u00edo: te pediremos que facilites esto para que podamos, por ejemplo, estimar el coste del env\u00edo antes de que hagas un pedido, \u00a1y enviarte el pedido!<\/li>\n<\/ul>\n<p>Tambi\u00e9n usamos cookies para realizar el seguimiento de los contenidos del carrito mientras navegas por nuestro sitio.<\/p>\n<p>Cuando nos compras algo te pedimos que facilites informaci\u00f3n que incluye tu nombre, direcci\u00f3n de facturaci\u00f3n, direcci\u00f3n de env\u00edo, direcci\u00f3n de correo electr\u00f3nico, n\u00famero de tel\u00e9fono, detalles de la tarjeta de cr\u00e9dito\/pago e informaci\u00f3n adicional opcional como el nombre de usuario y la contrase\u00f1a. Usaremos esta informaci\u00f3n para prop\u00f3sitos como:<\/p>\n<ul>\n<li>Enviarte informaci\u00f3n sobre tu cuenta y pedido<\/li>\n<li>Responder a tus solicitudes, incluidos reembolsos y reclamaciones<\/li>\n<li>Procesar pagos y evitar el fraude<\/li>\n<li>Configurar tu cuenta para nuestra tienda<\/li>\n<li>Cumplir con cualquier obligaci\u00f3n legal que tengamos, como c\u00e1lculos de impuestos<\/li>\n<li>Mejorar las ofertas de nuestra tienda<\/li>\n<li>Enviarte mensajes promocionales, si eliges recibirlos<\/li>\n<\/ul>\n<p>Si creas una cuenta almacenaremos tu nombre, direcci\u00f3n, correo electr\u00f3nico y n\u00famero de tel\u00e9fono, lo que usaremos para el proceso de pago y futuros pedidos.<\/p>\n<p>Normalmente almacenamos informaci\u00f3n sobre ti durante el tiempo que necesitemos la informaci\u00f3n para los prop\u00f3sitos para los que la recopilamos y usamos, y no estemos legalmente obligados a seguir guard\u00e1ndola. Por ejemplo, almacenaremos informaci\u00f3n de los pedidos durante XXX a\u00f1os para prop\u00f3sitos de impuestos y contabilidad. Esto incluye tu nombre, direcci\u00f3n de correo electr\u00f3nico y direcciones de facturaci\u00f3n y env\u00edo.<\/p>\n<p>Tambi\u00e9n almacenamos comentarios o valoraciones, si eliges dejarlos.<\/p>\n<h3>Informaci\u00f3n a la que administradores de El Ultimo Tangle pueden acceder<\/h3>\n<p>Los miembros de nuestro equipo tienen acceso a la informaci\u00f3n que nos ofreces. Por ejemplo, los administradores y gestores de tienda pueden acceder:<\/p>\n<ul>\n<li>La informaci\u00f3n de pedidos, como qu\u00e9 se compr\u00f3, cu\u00e1ndo se compr\u00f3 y d\u00f3nde se deber\u00eda enviar, y<\/li>\n<li>La informaci\u00f3n de cliente, como tu nombre, direcci\u00f3n de correo electr\u00f3nico, y la informaci\u00f3n de facturaci\u00f3n y env\u00edo.<\/li>\n<\/ul>\n<p>Los miembros de nuestro equipo tienen acceso a esta informaci\u00f3n para ayudar a completar pedidos, procesar reembolsos y darte soporte.<\/p>\n<h3>Informaci\u00f3n compartida con terceros<\/h3>\n<p>Compartimos informaci\u00f3n con otros, que nos ayudan a ofrecer nuestros pedidos y gestionar servicios para ti; por ejemplo &#8212;<\/p>\n<h3>Pagos<\/h3>\n<p>Aceptamos pagos mediante PayPal. Al procesar pagos algunos de tus datos se pasar\u00e1n a PayPal, incluida la informaci\u00f3n requerida para procesar o dar soporte al pago, tales como el total de la compra y la informaci\u00f3n de facturaci\u00f3n.<\/p>\n<p>Por favor, revisa la\u00a0<a href=\"https:\/\/www.paypal.com\/es\/webapps\/mpp\/ua\/privacy-full\">pol\u00edtica de privacidad de PayPal<\/a>\u00a0para m\u00e1s detalles.<\/p>\n<p>Al comprar, mantenemos en nuestro servidor un registro de tu correo electr\u00f3nico y del contenido del carrito hasta 30 d\u00edas. Este registro se mantiene para volver a rellenar el contenido de tu carrito por si cambias de dispositivo o necesitas volver otro d\u00eda. Lee nuestra pol\u00edtica de privacidad\u00a0<a href=\"https:\/\/mailchimp.com\/legal\/privacy\/\">aqu\u00ed<\/a>.<\/p>\n<h3>Qu\u00e9 recopilamos y almacenamos<\/h3>\n<p>Durante el proceso de pago, recopilaremos:<\/p>\n<ul>\n<li>Direcci\u00f3n de correo electr\u00f3nico, nombre, apellidos: usaremos esta informaci\u00f3n para enviar informaci\u00f3n de tu cuenta en MailChimp.<\/li>\n<li>Datos de facturaci\u00f3n o env\u00edo: usaremos esta informaci\u00f3n para completar tu cuenta en MailChimp<\/li>\n<li>Total del pedido, m\u00e9todo de pago, IP del cliente: usaremos esta informaci\u00f3n para mejorar tu cuenta y enviarte boletines dirigidos<\/li>\n<li>Preferencias, productos comprados, categor\u00edas de productos comprados: usaremos esta informaci\u00f3n para mejorar tu perfil y enviarte boletines dirigidos<\/li>\n<\/ul>\n<p>Cuando te suscribes al bolet\u00edn, recopilaremos:<\/p>\n<ul>\n<li>Direcci\u00f3n de correo electr\u00f3nico: lo usaremos para enviar informaci\u00f3n b\u00e1sica de tu cuenta en MailChimp<\/li>\n<li>Cualquier otra informaci\u00f3n enviada a trav\u00e9s del formulario de registro: usaremos esta informaci\u00f3n para completar tu cuenta en MailChimp y enviarte corres electr\u00f3nicos dirigidos.<\/li>\n<\/ul>\n<p>Te pediremos tu expl\u00edcito consentimiento antes de enviar cualquier informaci\u00f3n a los servidores de MailChimp.<\/p>\n<p>Mientras visitas nuestro sitio, nosotros rastrearemos:<\/p>\n<ul>\n<li>Productos que has agregado a la lista de deseos: lo usaremos para mostrarte a ti y a otros usuarios tus productos favoritos y para crear campa\u00f1as de correo electr\u00f3nico espec\u00edficas.<\/li>\n<li>Listas de deseos que has creado: recopilaremos las listas de deseos que crees y las haremos visibles al personal de la tienda<\/li>\n<\/ul>\n<p>Tambi\u00e9n usaremos cookies para realizar un seguimiento del contenido de la lista de deseos mientras navegas por nuestro sitio.<\/p>\n<h3>Qui\u00e9n en nuestro equipo tiene acceso<\/h3>\n<p>Los miembros de nuestro equipo tienen acceso a la informaci\u00f3n que nos proporcionas. Por ejemplo, tanto los administradores como los gerentes de la tienda pueden acceder a:<\/p>\n<ul>\n<li>Toda la informaci\u00f3n personal enviada a MailChimp;<\/li>\n<li>Registro de tu consentimiento;<\/li>\n<li>Listas de MailChimp a las que est\u00e1s suscrito.<\/li>\n<\/ul>\n<p>Los miembros de nuestro equipo tiene acceso a esta informaci\u00f3n para poder revisar que ha enviado nuestro plugin a los servidores de MailChimp<\/p>\n<p>Miembros de nuestro equipo tienen acceso a la informaci\u00f3n que nos proporcionas. Por ejemplo, tanto los administradores como los gerentes de tienda pueden acceder a:<\/p>\n<ul>\n<li>Detalles de la lista de deseos, como productos agregados, fecha de adici\u00f3n, nombre y configuraci\u00f3n de privacidad de tus listas de deseos<\/li>\n<\/ul>\n<p>Los miembros de nuestro equipo tienen acceso a esta informaci\u00f3n para ofrecerte mejores ofertas para los productos que te gusten.<\/p>\n<h3>Qu\u00e9 compartimos con otros<\/h3>\n<p>Nos ponemos en contacto con MailChimp para suscribir a los usuarios y recuperar informaci\u00f3n sobre listas y grupos. Al procesar las suscripciones, algunos de tus datos ser\u00e1n pasados a MailChimp, incluyendo informaci\u00f3n necesaria para identificar tu cuenta, as\u00ed como la informaci\u00f3n de facturaci\u00f3n<\/p>\n<p>Por favor, lee la\u00a0<a href=\"https:\/\/mailchimp.com\/legal\/privacy\/\">Pol\u00edtica de privacidad de MailChimp<\/a>\u00a0para m\u00e1s detalles.<\/p>\n<p>\u00a0<\/p>\n\t\t\t\t\t\t\t\t<\/div>\n\t\t\t\t<\/div>\n\t\t\t\t\t<\/div>\n\t\t<\/div>\n\t\t\t\t\t<\/div>\n\t\t<\/section>\n\t\t\t\t<\/div>","protected":false},"excerpt":{"rendered":"<p>Qui\u00e9nes somos En cumplimiento de lo establecido en el art\u00edculo 10 de la Ley 34\/2002, de 11 de julio, de Servicios de la Sociedad de la Informaci\u00f3n y de Comercio Electr\u00f3nico (en adelante, LSSI-CE), se informa de modo expreso, preciso e inequ\u00edvoco, tanto a los destinatarios del servicio como a los \u00f3rganos competentes, de los [&hellip;]<\/p>\n","protected":false},"author":2,"featured_media":0,"parent":0,"menu_order":0,"comment_status":"closed","ping_status":"closed","template":"","meta":{"_acf_changed":false,"_monsterinsights_skip_tracking":false,"_monsterinsights_sitenote_active":false,"_monsterinsights_sitenote_note":"","_monsterinsights_sitenote_category":0,"site-sidebar-layout":"default","site-content-layout":"default","ast-site-content-layout":"default","site-content-style":"default","site-sidebar-style":"default","ast-global-header-display":"","ast-banner-title-visibility":"","ast-main-header-display":"","ast-hfb-above-header-display":"","ast-hfb-below-header-display":"","ast-hfb-mobile-header-display":"","site-post-title":"","ast-breadcrumbs-content":"","ast-featured-img":"","footer-sml-layout":"","ast-disable-related-posts":"","theme-transparent-header-meta":"default","adv-header-id-meta":"","stick-header-meta":"","header-above-stick-meta":"","header-main-stick-meta":"","header-below-stick-meta":"","astra-migrate-meta-layouts":"default","ast-page-background-enabled":"default","ast-page-background-meta":{"desktop":{"background-color":"var(--ast-global-color-4)","background-image":"","background-repeat":"repeat","background-position":"center center","background-size":"auto","background-attachment":"scroll","background-type":"","background-media":"","overlay-type":"","overlay-color":"","overlay-opacity":"","overlay-gradient":""},"tablet":{"background-color":"","background-image":"","background-repeat":"repeat","background-position":"center center","background-size":"auto","background-attachment":"scroll","background-type":"","background-media":"","overlay-type":"","overlay-color":"","overlay-opacity":"","overlay-gradient":""},"mobile":{"background-color":"","background-image":"","background-repeat":"repeat","background-position":"center center","background-size":"auto","background-attachment":"scroll","background-type":"","background-media":"","overlay-type":"","overlay-color":"","overlay-opacity":"","overlay-gradient":""}},"ast-content-background-meta":{"desktop":{"background-color":"var(--ast-global-color-5)","background-image":"","background-repeat":"repeat","background-position":"center center","background-size":"auto","background-attachment":"scroll","background-type":"","background-media":"","overlay-type":"","overlay-color":"","overlay-opacity":"","overlay-gradient":""},"tablet":{"background-color":"var(--ast-global-color-5)","background-image":"","background-repeat":"repeat","background-position":"center center","background-size":"auto","background-attachment":"scroll","background-type":"","background-media":"","overlay-type":"","overlay-color":"","overlay-opacity":"","overlay-gradient":""},"mobile":{"background-color":"var(--ast-global-color-5)","background-image":"","background-repeat":"repeat","background-position":"center center","background-size":"auto","background-attachment":"scroll","background-type":"","background-media":"","overlay-type":"","overlay-color":"","overlay-opacity":"","overlay-gradient":""}},"footnotes":""},"class_list":["post-9785","page","type-page","status-publish","hentry"],"acf":[],"yoast_head":"<!-- This site is optimized with the Yoast SEO plugin v24.8.1 - https:\/\/yoast.com\/wordpress\/plugins\/seo\/ -->\n<title>Pol\u00edtica de privacidad - El \u00faltimo tangle<\/title>\n<meta name=\"robots\" content=\"index, follow, max-snippet:-1, max-image-preview:large, max-video-preview:-1\" \/>\n<link rel=\"canonical\" href=\"https:\/\/elultimotangle.es\/en\/politica-de-privacidad\/\" \/>\n<meta property=\"og:locale\" content=\"en_US\" \/>\n<meta property=\"og:type\" content=\"article\" \/>\n<meta property=\"og:title\" content=\"Pol\u00edtica de privacidad - El \u00faltimo tangle\" \/>\n<meta property=\"og:description\" content=\"Qui\u00e9nes somos En cumplimiento de lo establecido en el art\u00edculo 10 de la Ley 34\/2002, de 11 de julio, de Servicios de la Sociedad de la Informaci\u00f3n y de Comercio Electr\u00f3nico (en adelante, LSSI-CE), se informa de modo expreso, preciso e inequ\u00edvoco, tanto a los destinatarios del servicio como a los \u00f3rganos competentes, de los [&hellip;]\" \/>\n<meta property=\"og:url\" content=\"https:\/\/elultimotangle.es\/en\/politica-de-privacidad\/\" \/>\n<meta property=\"og:site_name\" content=\"El \u00faltimo tangle\" \/>\n<meta property=\"article:modified_time\" content=\"2020-11-25T14:28:23+00:00\" \/>\n<meta name=\"twitter:label1\" content=\"Est. reading time\" \/>\n\t<meta name=\"twitter:data1\" content=\"9 minutes\" \/>\n<script type=\"application\/ld+json\" class=\"yoast-schema-graph\">{\"@context\":\"https:\/\/schema.org\",\"@graph\":[{\"@type\":\"WebPage\",\"@id\":\"https:\/\/elultimotangle.es\/politica-de-privacidad\/\",\"url\":\"https:\/\/elultimotangle.es\/politica-de-privacidad\/\",\"name\":\"Pol\u00edtica de privacidad - El \u00faltimo tangle\",\"isPartOf\":{\"@id\":\"http:\/\/elultimotangle.es\/en\/#website\"},\"datePublished\":\"2020-11-25T13:35:50+00:00\",\"dateModified\":\"2020-11-25T14:28:23+00:00\",\"breadcrumb\":{\"@id\":\"https:\/\/elultimotangle.es\/politica-de-privacidad\/#breadcrumb\"},\"inLanguage\":\"en-US\",\"potentialAction\":[{\"@type\":\"ReadAction\",\"target\":[\"https:\/\/elultimotangle.es\/politica-de-privacidad\/\"]}]},{\"@type\":\"BreadcrumbList\",\"@id\":\"https:\/\/elultimotangle.es\/politica-de-privacidad\/#breadcrumb\",\"itemListElement\":[{\"@type\":\"ListItem\",\"position\":1,\"name\":\"Portada\",\"item\":\"https:\/\/elultimotangle.es\/\"},{\"@type\":\"ListItem\",\"position\":2,\"name\":\"Pol\u00edtica de privacidad\"}]},{\"@type\":\"WebSite\",\"@id\":\"http:\/\/elultimotangle.es\/en\/#website\",\"url\":\"http:\/\/elultimotangle.es\/en\/\",\"name\":\"El \u00faltimo tangle\",\"description\":\"Zentangle en espa\u00f1ol\",\"publisher\":{\"@id\":\"http:\/\/elultimotangle.es\/en\/#organization\"},\"potentialAction\":[{\"@type\":\"SearchAction\",\"target\":{\"@type\":\"EntryPoint\",\"urlTemplate\":\"http:\/\/elultimotangle.es\/en\/?s={search_term_string}\"},\"query-input\":{\"@type\":\"PropertyValueSpecification\",\"valueRequired\":true,\"valueName\":\"search_term_string\"}}],\"inLanguage\":\"en-US\"},{\"@type\":\"Organization\",\"@id\":\"http:\/\/elultimotangle.es\/en\/#organization\",\"name\":\"El \u00faltimo tangle\",\"url\":\"http:\/\/elultimotangle.es\/en\/\",\"logo\":{\"@type\":\"ImageObject\",\"inLanguage\":\"en-US\",\"@id\":\"http:\/\/elultimotangle.es\/en\/#\/schema\/logo\/image\/\",\"url\":\"https:\/\/elultimotangle.es\/wp-content\/uploads\/2019\/09\/cropped-LOGO-ZETA-ROJO-CUADRADO-alt.jpg\",\"contentUrl\":\"https:\/\/elultimotangle.es\/wp-content\/uploads\/2019\/09\/cropped-LOGO-ZETA-ROJO-CUADRADO-alt.jpg\",\"width\":576,\"height\":576,\"caption\":\"El \u00faltimo tangle\"},\"image\":{\"@id\":\"http:\/\/elultimotangle.es\/en\/#\/schema\/logo\/image\/\"}}]}<\/script>\n<!-- \/ Yoast SEO plugin. -->","yoast_head_json":{"title":"Pol\u00edtica de privacidad - El \u00faltimo tangle","robots":{"index":"index","follow":"follow","max-snippet":"max-snippet:-1","max-image-preview":"max-image-preview:large","max-video-preview":"max-video-preview:-1"},"canonical":"https:\/\/elultimotangle.es\/en\/politica-de-privacidad\/","og_locale":"en_US","og_type":"article","og_title":"Pol\u00edtica de privacidad - El \u00faltimo tangle","og_description":"Qui\u00e9nes somos En cumplimiento de lo establecido en el art\u00edculo 10 de la Ley 34\/2002, de 11 de julio, de Servicios de la Sociedad de la Informaci\u00f3n y de Comercio Electr\u00f3nico (en adelante, LSSI-CE), se informa de modo expreso, preciso e inequ\u00edvoco, tanto a los destinatarios del servicio como a los \u00f3rganos competentes, de los [&hellip;]","og_url":"https:\/\/elultimotangle.es\/en\/politica-de-privacidad\/","og_site_name":"El \u00faltimo tangle","article_modified_time":"2020-11-25T14:28:23+00:00","twitter_misc":{"Est. reading time":"9 minutes"},"schema":{"@context":"https:\/\/schema.org","@graph":[{"@type":"WebPage","@id":"https:\/\/elultimotangle.es\/politica-de-privacidad\/","url":"https:\/\/elultimotangle.es\/politica-de-privacidad\/","name":"Pol\u00edtica de privacidad - El \u00faltimo tangle","isPartOf":{"@id":"http:\/\/elultimotangle.es\/en\/#website"},"datePublished":"2020-11-25T13:35:50+00:00","dateModified":"2020-11-25T14:28:23+00:00","breadcrumb":{"@id":"https:\/\/elultimotangle.es\/politica-de-privacidad\/#breadcrumb"},"inLanguage":"en-US","potentialAction":[{"@type":"ReadAction","target":["https:\/\/elultimotangle.es\/politica-de-privacidad\/"]}]},{"@type":"BreadcrumbList","@id":"https:\/\/elultimotangle.es\/politica-de-privacidad\/#breadcrumb","itemListElement":[{"@type":"ListItem","position":1,"name":"Portada","item":"https:\/\/elultimotangle.es\/"},{"@type":"ListItem","position":2,"name":"Pol\u00edtica de privacidad"}]},{"@type":"WebSite","@id":"http:\/\/elultimotangle.es\/en\/#website","url":"http:\/\/elultimotangle.es\/en\/","name":"El \u00faltimo tangle","description":"Zentangle en espa\u00f1ol","publisher":{"@id":"http:\/\/elultimotangle.es\/en\/#organization"},"potentialAction":[{"@type":"SearchAction","target":{"@type":"EntryPoint","urlTemplate":"http:\/\/elultimotangle.es\/en\/?s={search_term_string}"},"query-input":{"@type":"PropertyValueSpecification","valueRequired":true,"valueName":"search_term_string"}}],"inLanguage":"en-US"},{"@type":"Organization","@id":"http:\/\/elultimotangle.es\/en\/#organization","name":"El \u00faltimo tangle","url":"http:\/\/elultimotangle.es\/en\/","logo":{"@type":"ImageObject","inLanguage":"en-US","@id":"http:\/\/elultimotangle.es\/en\/#\/schema\/logo\/image\/","url":"https:\/\/elultimotangle.es\/wp-content\/uploads\/2019\/09\/cropped-LOGO-ZETA-ROJO-CUADRADO-alt.jpg","contentUrl":"https:\/\/elultimotangle.es\/wp-content\/uploads\/2019\/09\/cropped-LOGO-ZETA-ROJO-CUADRADO-alt.jpg","width":576,"height":576,"caption":"El \u00faltimo tangle"},"image":{"@id":"http:\/\/elultimotangle.es\/en\/#\/schema\/logo\/image\/"}}]}},"_links":{"self":[{"href":"https:\/\/elultimotangle.es\/en\/wp-json\/wp\/v2\/pages\/9785","targetHints":{"allow":["GET"]}}],"collection":[{"href":"https:\/\/elultimotangle.es\/en\/wp-json\/wp\/v2\/pages"}],"about":[{"href":"https:\/\/elultimotangle.es\/en\/wp-json\/wp\/v2\/types\/page"}],"author":[{"embeddable":true,"href":"https:\/\/elultimotangle.es\/en\/wp-json\/wp\/v2\/users\/2"}],"replies":[{"embeddable":true,"href":"https:\/\/elultimotangle.es\/en\/wp-json\/wp\/v2\/comments?post=9785"}],"version-history":[{"count":4,"href":"https:\/\/elultimotangle.es\/en\/wp-json\/wp\/v2\/pages\/9785\/revisions"}],"predecessor-version":[{"id":9806,"href":"https:\/\/elultimotangle.es\/en\/wp-json\/wp\/v2\/pages\/9785\/revisions\/9806"}],"wp:attachment":[{"href":"https:\/\/elultimotangle.es\/en\/wp-json\/wp\/v2\/media?parent=9785"}],"curies":[{"name":"wp","href":"https:\/\/api.w.org\/{rel}","templated":true}]}}